{"id":2841,"date":"2019-07-02T11:37:37","date_gmt":"2019-07-02T09:37:37","guid":{"rendered":"https:\/\/www.dolospedifen.ch\/?page_id=2841"},"modified":"2019-07-02T11:40:07","modified_gmt":"2019-07-02T09:40:07","slug":"legal-notice","status":"publish","type":"page","link":"https:\/\/www.dolospedifen.ch\/it\/legal-notice\/","title":{"rendered":"Legal Notice"},"content":{"rendered":"<h1 style=\"margin-top: 40px;\">Legal Notice<\/h1>\n<p><em>Ultimo aggiornamento: giugno 2019<\/em><\/p>\n<p>&nbsp;<\/p>\n<h2><strong>Avvertenze generali per la consultazione del sito<\/strong><\/h2>\n<p>L&#8217;accesso e la consultazione del presente sito web implica l\u2019accettazione da parte dell\u2019utente dei Termini e Condizioni, Termini e Condizioni che potranno essere modificati da Zambon Svizzera SA, via Industria 13, 6814 Cadempino (qui di seguito \u201cZambon\u201d) a suo insindacabile giudizio ed in qualsiasi momento.<\/p>\n<p>&nbsp;<\/p>\n<h2><strong>Termini e condizioni<\/strong><\/h2>\n<p>Le informazioni contenute nel sito hanno la sola finalit\u00e0 di presentare Zambon ed i suoi prodotti e vengono aggiornate da Zambon periodicamente; Zambon tuttavia non garantisce circa la correttezza e la completezza delle stesse ed il costante aggiornamento delle medesime. E\u2019 pertanto onere dell\u2019utente verificare le informazioni contenute nel sito. Le informazioni fornite da questo sito Internet sono destinate al pubblico residente in\u00a0Svizzera.<\/p>\n<p>Queste informazioni non rappresentano un invito o un\u2019offerta ad acquistare, vendere o commercializzare i prodotti n\u00e9 ad effettuare con essi altri tipi di transazione.<\/p>\n<p>Le informazioni relative alle aree terapeutiche nelle quali Zambon \u00e8 presente non possono in alcun modo intendersi come consigli di natura sanitaria. L\u2019utente \u00e8 invitato a rivolgersi esclusivamente al medico di fiducia per ogni necessit\u00e0 di diagnosi e per individuare i percorsi terapeutici appropriati.<\/p>\n<p>Zambon si riserva il diritto di modificare, interrompere o sospendere in qualsiasi momento le funzionalit\u00e0 del sito senza che ne derivi l&#8217;assunzione di alcuna responsabilit\u00e0 a proprio carico, sia che ci\u00f2 avvenga in conseguenza di azioni od omissioni di Zambon, sia di terze parti.<\/p>\n<p>&nbsp;<\/p>\n<h2><strong>Propriet\u00e0 intellettuale<\/strong><\/h2>\n<p>Il contenuto del sito \u00e8 interamente ed esclusivamente di propriet\u00e0 di Zambon e qualsiasi utilizzo di tale contenuto per fini diversi dalla mera consultazione personale sar\u00e0 perseguito da Zambon ai sensi di legge.<\/p>\n<p>In particolare tutti i nomi dei prodotti presenti sul sito in lettere maiuscole o contrassegnati in altri modi sono marchi di Zambon e\/o di sue consociate. Qualunque uso non autorizzato per iscritto da Zambon sar\u00e0 perseguito ai sensi di legge.<\/p>\n<p>&nbsp;<\/p>\n<h2><strong>Garanzie sulla Privacy e utilizzo dei dati personali<\/strong><\/h2>\n<p><a href=\"https:\/\/www.zambon.com\/privacy-policy\" target=\"_blank\" rel=\"noopener\">Zambon Privacy Policy<\/a><\/p>\n<p>&nbsp;<\/p>\n<h2><strong>Responsabile per la protezione dei dati<\/strong><\/h2>\n<p>Zambon Svizzera SA come detentore di una collezione di dati ha designato un Responsabile della protezione dei dati. Chi volesse mettersi in contatto con il responsabile della protezione dei dati per esercitare i diritti che gli sono riconosciuti dalla legge federale sulla protezione dei dati pu\u00f2 scrivere al seguente recapito: <a href=\"mailto:dataprotectionCH@zambongroup.com\">dataprotectionCH@zambongroup.com<\/a><\/p>\n<p>&nbsp;<\/p>\n<h2><strong>Utilizzo del sito da parte di minori di et\u00e0<\/strong><\/h2>\n<p>I siti Zambon sono finalizzati all&#8217;utilizzo e alla consultazione da parte di persone maggiorenni. Non verranno prese in considerazione eventuali richieste da parte di soggetti minori.<\/p>\n<p>&nbsp;<\/p>\n<h2><strong>Legge applicabile e Foro Competente<\/strong><\/h2>\n<p>Qualsivoglia controversia inerente, derivante o comunque connessa alle presenti Condizioni di Utilizzo sar\u00e0 di competenza esclusiva dei tribunali ordinari di Lugano e sottoposta al diritto svizzero.<\/p>\n<p>&nbsp;<\/p>\n","protected":false},"excerpt":{"rendered":"<p>Legal Notice Ultimo aggiornamento: giugno 2019 &nbsp; Avvertenze generali per la consultazione del sito L&#8217;accesso e la consultazione del presente sito web implica l\u2019accettazione da parte dell\u2019utente dei Termini e Condizioni, Termini e Condizioni che potranno essere modificati da Zambon Svizzera SA, via Industria 13, 6814 Cadempino (qui di seguito \u201cZambon\u201d) a suo insindacabile giudizio [&hellip;]<\/p>\n","protected":false},"author":1,"featured_media":0,"parent":0,"menu_order":0,"comment_status":"closed","ping_status":"closed","template":"","meta":{"_monsterinsights_skip_tracking":false,"_monsterinsights_sitenote_active":false,"_monsterinsights_sitenote_note":"","_monsterinsights_sitenote_category":0,"footnotes":""},"categories":[],"tags":[],"yst_prominent_words":[1569,1568,1563,1567,88,1566,1561,1571,1574,1572,1560,1565,1559,1564,1542,616,1573,1562,1570,1549],"class_list":["post-2841","page","type-page","status-publish","hentry"],"_links":{"self":[{"href":"https:\/\/www.dolospedifen.ch\/it\/wp-json\/wp\/v2\/pages\/2841","targetHints":{"allow":["GET"]}}],"collection":[{"href":"https:\/\/www.dolospedifen.ch\/it\/wp-json\/wp\/v2\/pages"}],"about":[{"href":"https:\/\/www.dolospedifen.ch\/it\/wp-json\/wp\/v2\/types\/page"}],"author":[{"embeddable":true,"href":"https:\/\/www.dolospedifen.ch\/it\/wp-json\/wp\/v2\/users\/1"}],"replies":[{"embeddable":true,"href":"https:\/\/www.dolospedifen.ch\/it\/wp-json\/wp\/v2\/comments?post=2841"}],"version-history":[{"count":0,"href":"https:\/\/www.dolospedifen.ch\/it\/wp-json\/wp\/v2\/pages\/2841\/revisions"}],"wp:attachment":[{"href":"https:\/\/www.dolospedifen.ch\/it\/wp-json\/wp\/v2\/media?parent=2841"}],"wp:term":[{"taxonomy":"category","embeddable":true,"href":"https:\/\/www.dolospedifen.ch\/it\/wp-json\/wp\/v2\/categories?post=2841"},{"taxonomy":"post_tag","embeddable":true,"href":"https:\/\/www.dolospedifen.ch\/it\/wp-json\/wp\/v2\/tags?post=2841"},{"taxonomy":"yst_prominent_words","embeddable":true,"href":"https:\/\/www.dolospedifen.ch\/it\/wp-json\/wp\/v2\/yst_prominent_words?post=2841"}],"curies":[{"name":"wp","href":"https:\/\/api.w.org\/{rel}","templated":true}]}}