{"id":2834,"date":"2019-07-02T11:09:58","date_gmt":"2019-07-02T09:09:58","guid":{"rendered":"https:\/\/www.dolospedifen.ch\/dichiarazione-sulla-privacy-ue\/"},"modified":"2019-07-02T14:55:48","modified_gmt":"2019-07-02T12:55:48","slug":"privacy-policy","status":"publish","type":"page","link":"https:\/\/www.dolospedifen.ch\/it\/privacy-policy\/","title":{"rendered":"Privacy Policy"},"content":{"rendered":"<h1 style=\"margin-top: 40px;\">Privacy Policy<\/h1>\n<p><em>Ultimo aggiornamento: giugno 2019<\/em><\/p>\n<p>&nbsp;<\/p>\n<p>In questa pagina si descrivono le modalit\u00e0 di gestione di questo sito in riferimento al trattamento dei dati personali degli utenti che lo consultano.<\/p>\n<p>Ai sensi della legge federale sulla protezione dei dati, Zambon Svizzera SA \u00e8 il detentore di una collezione di dati.<\/p>\n<p>Questo regolamento \u00e8 valido solo per il sito dell\u2019azienda e non anche per altri siti web eventualmente consultati dall\u2019utente tramite link.<\/p>\n<p>Il sito \u00e8 accessibile agli utenti senza necessit\u00e0 di conferimento dei propri dati personali; tuttavia, a seguito della consultazione di questo sito, possono essere trattati dati relativi a persone identificate o identificabili.<\/p>\n<p>&nbsp;<\/p>\n<h2><strong>LUOGO, FINALITA&#8217; E MODALITA&#8217; DEL TRATTAMENTO DEI DATI<\/strong><\/h2>\n<p>I trattamenti connessi ai servizi web offerti da questo sito sono effettuati presso la sede di Zambon Svizzera SA e sono curati solo da collaboratori o soci di Zambon Svizzera SA incaricati del trattamento.<\/p>\n<p>Il trattamento dei dati pu\u00f2 essere effettuato anche dalla casa madre Zambon S.p.A. in via Lillo del Duca n\u00b0 10, 20091 Bresso (MI), oppure da eventuali incaricati di occasionali operazioni di manutenzione. L\u2019informativa sulla privacy policy della Zambon S.p.A. \u00e8 visibile sul sito <a href=\"http:\/\/www.zambon.com\/\" target=\"_blank\" rel=\"noopener\">www.zambon.com<\/a>.<\/p>\n<p>Nessun dato derivante dai servizi web viene comunicato o diffuso.<\/p>\n<p>I dati personali forniti dagli utenti che inoltrano richieste di servizio o proposte di candidature (\u201ccurriculum vitae\u201d, ecc.), sono utilizzati al solo fine di eseguire il servizio o la prestazione richiesta e non sono comunicati a soggetti terzi, salvo che la comunicazione sia imposta da obblighi di legge o sia strettamente necessaria per l\u2019adempimento delle richieste.<\/p>\n<p>L\u2019utente \u00e8 libero di fornire i dati personali riportati nei moduli di richiesta alla Societ\u00e0. Il mancato conferimento di dati obbligatori, contrassegnati da un asterisco, pu\u00f2 comportare l\u2019impossibilit\u00e0 di trattamento dei dati e quindi di risposta.<\/p>\n<p>&nbsp;<\/p>\n<h2><strong>TIPOLOGIA DI DATI TRATTATI<\/strong><\/h2>\n<h3><strong>Dati relativi alla navigazione<\/strong><\/h3>\n<p>I sistemi informatici e le procedure software preposte al funzionamento di questo sito web acquisiscono, nel corso del loro normale esercizio, alcuni dati personali la cui trasmissione \u00e8 implicita nell&#8217;uso dei protocolli di comunicazione di Internet.<\/p>\n<p>Si tratta di informazioni che non sono raccolte per essere associate a interessati identificati, ma che per loro stessa natura potrebbero permettere di identificare gli utenti, attraverso elaborazioni ed associazioni con dati detenuti da terzi, effettuate solo previa esplicita richiesta dell&#8217;autorit\u00e0 giudiziaria.<br \/>\nIn questa categoria di dati rientrano gli indirizzi IP o i nomi a dominio dei computer utilizzati dagli utenti che si connettono al sito, gli indirizzi in notazione URI (Uniform Resource Identifier) delle risorse richieste, l&#8217;orario della richiesta, il metodo utilizzato nel sottoporre la richiesta al server, la dimensione del file ottenuto in risposta, il codice numerico indicante lo stato della risposta data dal server (buon fine, errore, ecc.) ed altri parametri relativi al sistema operativo e all&#8217;ambiente informatico dell&#8217;utente.<\/p>\n<p>Questi dati, in ogni caso cancellati immediatamente dopo l\u2019elaborazione, vengono utilizzati al solo fine di ricavare informazioni statistiche anonime sull&#8217;uso del sito e per controllarne il corretto funzionamento.<\/p>\n<p>Essi potrebbero essere utilizzati per l\u2019accertamento di responsabilit\u00e0 in caso di ipotetici reati informatici ai danni del sito: salva questa eventualit\u00e0, allo stato attuale i dati sui contatti web non persistono per pi\u00f9 di sette giorni.<\/p>\n<h3><strong>Dati forniti volontariamente dall&#8217;utente<\/strong><\/h3>\n<p>L&#8217;invio facoltativo, esplicito e volontario di posta elettronica agli indirizzi indicati su sito Zambon comporta la successiva acquisizione dei dati personali forniti, come per esempio l&#8217;indirizzo e-mail del mittente utilizzato da Zambon Svizzera SA unicamente per rispondere alle sue richieste.<\/p>\n<p>Specifiche informative di sintesi verranno progressivamente riportate o visualizzate nelle pagine del sito predisposte per particolari campi di raccolta dati.<\/p>\n<p>&nbsp;<\/p>\n<h2><strong>COOKIES<\/strong><\/h2>\n<p>Questo sito fa uso di cookie. I cookie sono piccoli file di testo, formati da lettere e numeri, che i siti visitati dall&#8217;utente inviano al suo terminale (solitamente al browser), dove vengono memorizzati per essere poi ritrasmessi agli stessi siti alla successiva visita del medesimo utente. I cookie hanno la funzione di snellire l&#8217;analisi del traffico sul web o di segnalare quando un sito specifico o una parte di esso vengono visitati, di distinguere tra loro i visitatori per poter fornire contenuti personalizzati, ed aiutano gli amministratori a migliorare il sito e l\u2019esperienza di navigazione degli utenti stessi.<\/p>\n<p>Attraverso i cookie Zambon non pu\u00f2 accedere ad altre informazioni memorizzate sul dispositivo dell\u2019utilizzatore, anche se \u00e8 qui che i cookie vengono scaricati. I cookie non possono caricare codici di alcun tipo, veicolare virus o malware e non sono dannosi per il terminale dell\u2019utente.<\/p>\n<p>Al <a href=\"https:\/\/www.dolospedifen.ch\/it\/cookie-policy\/\">seguente link<\/a> \u00e8 possibile trovare tutte le informazioni sui cookie installati attraverso questo sito, e le indicazioni necessarie su come gestire le proprie preferenze a riguardo.<\/p>\n<p>&nbsp;<\/p>\n<h2><strong>MODALITA&#8217; DEL TRATTAMENTO<\/strong><\/h2>\n<p>I dati personali sono trattati in formato cartaceo e\/o con strumenti automatizzati, per il tempo necessario a conseguire gli scopi per cui sono stati raccolti.<\/p>\n<p>Specifiche misure di sicurezza sono osservate per prevenire la perdita, l&#8217;uso illecito o non corretto dei dati e degli accessi non autorizzati.<\/p>\n<p>Informiamo comunque che le comunicazioni via internet, quali e-mail o web mail, potrebbero transitare attraverso differenti nazioni, prima di essere recapitate ai destinatari. Zambon Svizzera SA non pu\u00f2 farsi carico della responsabilit\u00e0 di qualsiasi accesso non autorizzato n\u00e9 dello smarrimento delle informazioni personali al di fuori del proprio controllo.<\/p>\n<p>&nbsp;<\/p>\n<h2><strong>DIRITTI DELLE PERSONE INTERESSATE<\/strong><\/h2>\n<p>In virt\u00f9 della legge federale sulla protezione dei dati, i soggetti cui si riferiscono i dati personali (\u201cpersone interessate\u201d) hanno il diritto in qualunque momento di ottenere la conferma dell&#8217;esistenza o meno dei medesimi dati e di conoscerne il contenuto e l&#8217;origine, ricevere una copia dei dati, verificarne l&#8217;esattezza o chiederne l&#8217;aggiornamento oppure la rettifica di qualsiasi eventuale errore presente in tali dati.<\/p>\n<p>Si ha anche il diritto di opporsi all\u2019utilizzo dei dati personali per scopi di direct marketing.<\/p>\n<p>&nbsp;<\/p>\n<h2><strong>RESPONSABILE DELLA PROTEZIONE DEI DATI\u00a0<\/strong><\/h2>\n<p>Le richieste delle persone interessate andranno rivolte al Responsabile della protezione dei dati di Zambon Svizzera SA, via Industria 13, 6814 Cadempino, <a href=\"mailto:dataprotectionCH@zambongroup.com\">dataprotectionCH@zambongroup.com<\/a><\/p>\n<p>&nbsp;<\/p>\n","protected":false},"excerpt":{"rendered":"<p>Privacy Policy Ultimo aggiornamento: giugno 2019 &nbsp; In questa pagina si descrivono le modalit\u00e0 di gestione di questo sito in riferimento al trattamento dei dati personali degli utenti che lo consultano. Ai sensi della legge federale sulla protezione dei dati, Zambon Svizzera SA \u00e8 il detentore di una collezione di dati. Questo regolamento \u00e8 valido [&hellip;]<\/p>\n","protected":false},"author":1,"featured_media":0,"parent":0,"menu_order":0,"comment_status":"closed","ping_status":"closed","template":"","meta":{"_monsterinsights_skip_tracking":false,"_monsterinsights_sitenote_active":false,"_monsterinsights_sitenote_note":"","_monsterinsights_sitenote_category":0,"footnotes":""},"categories":[],"tags":[],"yst_prominent_words":[],"class_list":["post-2834","page","type-page","status-publish","hentry"],"_links":{"self":[{"href":"https:\/\/www.dolospedifen.ch\/it\/wp-json\/wp\/v2\/pages\/2834","targetHints":{"allow":["GET"]}}],"collection":[{"href":"https:\/\/www.dolospedifen.ch\/it\/wp-json\/wp\/v2\/pages"}],"about":[{"href":"https:\/\/www.dolospedifen.ch\/it\/wp-json\/wp\/v2\/types\/page"}],"author":[{"embeddable":true,"href":"https:\/\/www.dolospedifen.ch\/it\/wp-json\/wp\/v2\/users\/1"}],"replies":[{"embeddable":true,"href":"https:\/\/www.dolospedifen.ch\/it\/wp-json\/wp\/v2\/comments?post=2834"}],"version-history":[{"count":0,"href":"https:\/\/www.dolospedifen.ch\/it\/wp-json\/wp\/v2\/pages\/2834\/revisions"}],"wp:attachment":[{"href":"https:\/\/www.dolospedifen.ch\/it\/wp-json\/wp\/v2\/media?parent=2834"}],"wp:term":[{"taxonomy":"category","embeddable":true,"href":"https:\/\/www.dolospedifen.ch\/it\/wp-json\/wp\/v2\/categories?post=2834"},{"taxonomy":"post_tag","embeddable":true,"href":"https:\/\/www.dolospedifen.ch\/it\/wp-json\/wp\/v2\/tags?post=2834"},{"taxonomy":"yst_prominent_words","embeddable":true,"href":"https:\/\/www.dolospedifen.ch\/it\/wp-json\/wp\/v2\/yst_prominent_words?post=2834"}],"curies":[{"name":"wp","href":"https:\/\/api.w.org\/{rel}","templated":true}]}}