{"id":2393,"date":"2017-12-20T18:52:44","date_gmt":"2017-12-20T17:52:44","guid":{"rendered":"https:\/\/www.dolospedifen.ch\/?page_id=2393"},"modified":"2018-04-03T09:48:37","modified_gmt":"2018-04-03T07:48:37","slug":"glossario-e-faq","status":"publish","type":"page","link":"https:\/\/www.dolospedifen.ch\/it\/glossario-e-faq\/","title":{"rendered":"Glossario e FAQ"},"content":{"rendered":"<div class=\"wpb-content-wrapper\">[vc_row css=&#8221;.vc_custom_1513691470144{margin-top: 40px !important;}&#8221;][vc_column css=&#8221;.vc_custom_1513688629508{padding-bottom: 30px !important;background-color: #ffffff !important;}&#8221;][mk_fancy_title tag_name=&#8221;h1&#8243; color=&#8221;#f58b26&#8243; size=&#8221;34&#8243; font_weight=&#8221;400&#8243; margin_top=&#8221;15&#8243; margin_bottom=&#8221;10&#8243; font_family=&#8221;none&#8221;]Glossario e FAQ[\/mk_fancy_title][mk_fancy_title color=&#8221;#f58b26&#8243; size=&#8221;16&#8243; font_weight=&#8221;400&#8243; txt_transform=&#8221;uppercase&#8221; margin_top=&#8221;15&#8243; margin_bottom=&#8221;10&#8243; font_family=&#8221;none&#8221;]Glossario[\/mk_fancy_title][vc_raw_html css=&#8221;.vc_custom_1522741582228{padding-top: 10px !important;padding-right: 10px !important;padding-bottom: 10px !important;padding-left: 10px !important;}&#8221;]JTVCZ2xvc3NhcnlfYXRveiUyMGRlc2MlM0QlMjdmdWxsJTI3JTIwZ3JvdXAlM0QlMjdJVCUyNyUyMCUyRiU1RA==[\/vc_raw_html][\/vc_column][\/vc_row][vc_row disable_element=&#8221;yes&#8221; css=&#8221;.vc_custom_1522741623404{margin-top: 40px !important;}&#8221;][vc_column css=&#8221;.vc_custom_1513688629508{padding-bottom: 30px !important;background-color: #ffffff !important;}&#8221;][mk_fancy_title tag_name=&#8221;h1&#8243; color=&#8221;#f58b26&#8243; size=&#8221;34&#8243; font_weight=&#8221;400&#8243; margin_top=&#8221;15&#8243; margin_bottom=&#8221;10&#8243; font_family=&#8221;none&#8221;]Glossario e FAQ[\/mk_fancy_title][mk_fancy_title color=&#8221;#f58b26&#8243; size=&#8221;16&#8243; font_weight=&#8221;400&#8243; txt_transform=&#8221;uppercase&#8221; margin_top=&#8221;15&#8243; margin_bottom=&#8221;10&#8243; font_family=&#8221;none&#8221;]Glossario[\/mk_fancy_title][vc_accordions action_style=&#8221;toggle-action&#8221;][vc_accordion_tab title=&#8221;Arginina&#8221;][vc_column_text css=&#8221;.vc_custom_1513792327758{margin-bottom: 0px !important;}&#8221;]\u00c8 un aminoacido, vale a dire un costituente delle proteine. La salificazione con arginina di molecole come l\u2019Ibuprofene conferisce a quest\u2019ultimo una migliore solubilit\u00e0.[\/vc_column_text][\/vc_accordion_tab][vc_accordion_tab title=&#8221;Azione analgesica&#8221;][vc_column_text css=&#8221;.vc_custom_1513792354204{margin-bottom: 0px !important;}&#8221;]\u00c8 la capacit\u00e0 di alcuni farmaci di inibire la percezione del dolore. Sono dotati di azione analgesica farmaci come il paracetamolo e i FANS (Ibuprofene, naprossene, diclofenac, acido acetilsalicilico ecc).[\/vc_column_text][\/vc_accordion_tab][vc_accordion_tab title=&#8221;Dolore&#8221;][vc_column_text css=&#8221;.vc_custom_1513840573330{margin-bottom: 0px !important;}&#8221;]Il dolore viene definito scientificamente come un\u2019esperienza sensoriale ed emozionale spiacevole associata a danno tissutale reale o potenziale o descritta in termini di tale danno.[\/vc_column_text][\/vc_accordion_tab][vc_accordion_tab title=&#8221;Dolore acuto&#8221;][vc_column_text css=&#8221;.vc_custom_1513840595928{margin-bottom: 0px !important;}&#8221;]Il dolore acuto ha una durata limitata, rappresenta di solito la conseguenza di un trauma, di una malattia o di un intervento chirurgico e in genere tende a scomparire con la guarigione del processo che l\u2019ha provocato. Sotto certi aspetti pu\u00f2 essere considerato un segnale utile in quanto ci avvisa che qualcosa non va.[\/vc_column_text][\/vc_accordion_tab][vc_accordion_tab title=&#8221;Dolore cronico&#8221;][vc_column_text css=&#8221;.vc_custom_1513840619712{margin-bottom: 0px !important;}&#8221;]Il dolore viene definito cronico quando supera i 3 mesi di durata. In questo caso il dolore \u00e8 spesso \u201cinutile\u201d e fine a se stesso come il dolore neuropatico.[\/vc_column_text][\/vc_accordion_tab][vc_accordion_tab title=&#8221;FANS&#8221;][vc_column_text css=&#8221;.vc_custom_1513840644273{margin-bottom: 0px !important;}&#8221;]Il termine FANS sta per Farmaci Antinfiammatori Non Steroidei: comprende un gruppo di sostanze che sono dotate della capacit\u00e0 di diminuire l\u2019infiammazione (grazie alla capacit\u00e0 che hanno di bloccare la sintesi delle prostaglandine, sostanze che mediano il processo infiammatorio), di alleviare il dolore e di diminuire la febbre.[\/vc_column_text][\/vc_accordion_tab][vc_accordion_tab title=&#8221;Ibuprofene Arginato&#8221;][vc_column_text css=&#8221;.vc_custom_1513840671361{margin-bottom: 0px !important;}&#8221;]Si tratta di una forma farmaceutica in cui l\u2019Ibuprofene \u00e8 stato salificato con l\u2019arginina. Ci\u00f2 conferisce all\u2019Ibuprofene una maggiore solubilit\u00e0.[\/vc_column_text][\/vc_accordion_tab][vc_accordion_tab title=&#8221;Infiammazione&#8221;][vc_column_text css=&#8221;.vc_custom_1513840692720{margin-bottom: 0px !important;}&#8221;]Si tratta di una risposta dei tessuti dell\u2019organismo all\u2019azione di agenti chimici, fisici o biologici ed \u00e8 caratterizzata da una serie di fenomeni mediati dalla liberazione\/produzione di particolari sostanze. Queste, inducendo una dilatazione dei vasi e una maggior permeabilit\u00e0 delle loro pareti, provocano il passaggio di liquidi dall\u2019interno dei vasi al tessuto (edema). L\u2019infiammazione si manifesta con dei sintomi tipici: arrossamento, aumento di temperatura, gonfiore e dolore, che si accompagnano a diminuzione della funzione.[\/vc_column_text][\/vc_accordion_tab][\/vc_accordions][\/vc_column][\/vc_row][vc_row css=&#8221;.vc_custom_1513691470144{margin-top: 40px !important;}&#8221;][vc_column css=&#8221;.vc_custom_1513688629508{padding-bottom: 30px !important;background-color: #ffffff !important;}&#8221;][mk_fancy_title color=&#8221;#f58b26&#8243; size=&#8221;16&#8243; font_weight=&#8221;400&#8243; txt_transform=&#8221;uppercase&#8221; margin_top=&#8221;15&#8243; margin_bottom=&#8221;10&#8243; font_family=&#8221;none&#8221;]FAQ[\/mk_fancy_title][vc_accordions action_style=&#8221;toggle-action&#8221;][vc_accordion_tab title=&#8221;In quali tipi di dolore pu\u00f2 essere impiegato DOLO-SPEDIFEN?&#8221;][vc_column_text css=&#8221;.vc_custom_1513840739896{margin-bottom: 0px !important;}&#8221;]DOLO-SPEDIFEN \u00e8 indicato per i dolori acuti quali mal di testa, mal di denti, mal di schiena, dolori mestruali, dolori a livello delle articolazioni e dei legamenti e dolori causati da ferite. \u00c8 inoltre indicato per abbassare la febbre causata da stati influenzali. DOLO-SPEDIFEN non va utilizzato per pi\u00f9 di tre giorni.[\/vc_column_text][\/vc_accordion_tab][vc_accordion_tab title=&#8221;Posso usare DOLO-SPEDIFEN in gravidanza e durante l\u2019allattamento?&#8221;][vc_column_text css=&#8221;.vc_custom_1513840766259{margin-bottom: 0px !important;}&#8221;]Se \u00e8 incinta o sta pianificando una gravidanza, dovrebbe prendere Dolo-Spedifen 200 o Dolo-Spedifen forte 400 soltanto dopo aver consultato il suo medico. Dolo-Spedifen 200 o Dolo-Spedifen forte 400 non devono essere presi durante il terzo trimestre della gravidanza.<br \/>\nAllattamento: salvo espressa autorizzazione del suo medico, Dolo-Spedifen 200 o Dolo-Spedifen forte 400 non devono essere presi durante l\u2019allattamento.[\/vc_column_text][\/vc_accordion_tab][vc_accordion_tab title=&#8221;DOLO-SPEDIFEN ha effetti sulla capacit\u00e0 di guidare veicoli e sull\u2019uso di macchinari?&#8221;][vc_column_text css=&#8221;.vc_custom_1513840793719{margin-bottom: 0px !important;}&#8221;]Dolo-Spedifen 200 o Dolo-Spedifen forte 400 possono ridurre la capacit\u00e0 di reazione, la capacit\u00e0 di condurre un veicolo e la capacit\u00e0 di utilizzare attrezzi o macchine.[\/vc_column_text][\/vc_accordion_tab][\/vc_accordions][\/vc_column][\/vc_row]\n<\/div>","protected":false},"excerpt":{"rendered":"<p>[vc_row css=&#8221;.vc_custom_1513691470144{margin-top: 40px !important;}&#8221;][vc_column css=&#8221;.vc_custom_1513688629508{padding-bottom: 30px !important;background-color: #ffffff !important;}&#8221;][mk_fancy_title tag_name=&#8221;h1&#8243; color=&#8221;#f58b26&#8243; size=&#8221;34&#8243; font_weight=&#8221;400&#8243; margin_top=&#8221;15&#8243; margin_bottom=&#8221;10&#8243; font_family=&#8221;none&#8221;]Glossario e FAQ[\/mk_fancy_title][mk_fancy_title color=&#8221;#f58b26&#8243; size=&#8221;16&#8243; font_weight=&#8221;400&#8243; txt_transform=&#8221;uppercase&#8221; margin_top=&#8221;15&#8243; margin_bottom=&#8221;10&#8243; font_family=&#8221;none&#8221;]Glossario[\/mk_fancy_title][vc_raw_html css=&#8221;.vc_custom_1522741582228{padding-top: 10px !important;padding-right: 10px !important;padding-bottom: 10px !important;padding-left: 10px !important;}&#8221;]JTVCZ2xvc3NhcnlfYXRveiUyMGRlc2MlM0QlMjdmdWxsJTI3JTIwZ3JvdXAlM0QlMjdJVCUyNyUyMCUyRiU1RA==[\/vc_raw_html][\/vc_column][\/vc_row][vc_row disable_element=&#8221;yes&#8221; css=&#8221;.vc_custom_1522741623404{margin-top: 40px !important;}&#8221;][vc_column css=&#8221;.vc_custom_1513688629508{padding-bottom: 30px !important;background-color: #ffffff !important;}&#8221;][mk_fancy_title tag_name=&#8221;h1&#8243; color=&#8221;#f58b26&#8243; size=&#8221;34&#8243; font_weight=&#8221;400&#8243; margin_top=&#8221;15&#8243; margin_bottom=&#8221;10&#8243; font_family=&#8221;none&#8221;]Glossario e FAQ[\/mk_fancy_title][mk_fancy_title color=&#8221;#f58b26&#8243; size=&#8221;16&#8243; font_weight=&#8221;400&#8243; [&hellip;]<\/p>\n","protected":false},"author":2,"featured_media":0,"parent":0,"menu_order":0,"comment_status":"closed","ping_status":"closed","template":"","meta":{"_monsterinsights_skip_tracking":false,"_monsterinsights_sitenote_active":false,"_monsterinsights_sitenote_note":"","_monsterinsights_sitenote_category":0,"footnotes":""},"categories":[],"tags":[],"yst_prominent_words":[234,888,881,879,237,889,211,230,882,880,232,228,293,240,890,606,236,233,241,550],"class_list":["post-2393","page","type-page","status-publish","hentry"],"_links":{"self":[{"href":"https:\/\/www.dolospedifen.ch\/it\/wp-json\/wp\/v2\/pages\/2393","targetHints":{"allow":["GET"]}}],"collection":[{"href":"https:\/\/www.dolospedifen.ch\/it\/wp-json\/wp\/v2\/pages"}],"about":[{"href":"https:\/\/www.dolospedifen.ch\/it\/wp-json\/wp\/v2\/types\/page"}],"author":[{"embeddable":true,"href":"https:\/\/www.dolospedifen.ch\/it\/wp-json\/wp\/v2\/users\/2"}],"replies":[{"embeddable":true,"href":"https:\/\/www.dolospedifen.ch\/it\/wp-json\/wp\/v2\/comments?post=2393"}],"version-history":[{"count":0,"href":"https:\/\/www.dolospedifen.ch\/it\/wp-json\/wp\/v2\/pages\/2393\/revisions"}],"wp:attachment":[{"href":"https:\/\/www.dolospedifen.ch\/it\/wp-json\/wp\/v2\/media?parent=2393"}],"wp:term":[{"taxonomy":"category","embeddable":true,"href":"https:\/\/www.dolospedifen.ch\/it\/wp-json\/wp\/v2\/categories?post=2393"},{"taxonomy":"post_tag","embeddable":true,"href":"https:\/\/www.dolospedifen.ch\/it\/wp-json\/wp\/v2\/tags?post=2393"},{"taxonomy":"yst_prominent_words","embeddable":true,"href":"https:\/\/www.dolospedifen.ch\/it\/wp-json\/wp\/v2\/yst_prominent_words?post=2393"}],"curies":[{"name":"wp","href":"https:\/\/api.w.org\/{rel}","templated":true}]}}