{"id":2367,"date":"2017-12-20T18:01:11","date_gmt":"2017-12-20T17:01:11","guid":{"rendered":"https:\/\/www.dolospedifen.ch\/?page_id=2367"},"modified":"2020-04-30T10:33:54","modified_gmt":"2020-04-30T08:33:54","slug":"mal-di-schiena","status":"publish","type":"page","link":"https:\/\/www.dolospedifen.ch\/it\/aree-del-dolore\/mal-di-schiena\/","title":{"rendered":"Mal di schiena"},"content":{"rendered":"<div class=\"wpb-content-wrapper\">[vc_row css=&#8221;.vc_custom_1513691470144{margin-top: 40px !important;}&#8221;][vc_column css=&#8221;.vc_custom_1513688629508{padding-bottom: 30px !important;background-color: #ffffff !important;}&#8221;][mk_fancy_title tag_name=&#8221;h1&#8243; color=&#8221;#f58b26&#8243; size=&#8221;34&#8243; font_weight=&#8221;400&#8243; txt_transform=&#8221;uppercase&#8221; margin_top=&#8221;15&#8243; margin_bottom=&#8221;10&#8243; font_family=&#8221;none&#8221;]Mal di schiena[\/mk_fancy_title][mk_fancy_title color=&#8221;#f58b26&#8243; size=&#8221;16&#8243; font_weight=&#8221;400&#8243; txt_transform=&#8221;uppercase&#8221; margin_bottom=&#8221;10&#8243; font_family=&#8221;none&#8221;]Che cos\u2019\u00e8[\/mk_fancy_title][\/vc_column][\/vc_row][vc_row css=&#8221;.vc_custom_1513780995783{margin-top: 0px !important;background-color: #ffffff !important;}&#8221;][vc_column width=&#8221;3\/4&#8243; css=&#8221;.vc_custom_1513781003634{padding-bottom: 30px !important;}&#8221;][vc_column_text css=&#8221;.vc_custom_1522850744332{margin-bottom: 0px !important;}&#8221;]Il\u00a0mal di schiena, o\u00a0<a href=\"https:\/\/www.dolospedifen.ch\/it\/glossario-e-faq\/#l\">lombalgia<\/a>, \u00e8 un dolore molto diffuso. In Svizzera rientra tra i cinque motivi di consultazione pi\u00f9 frequenti.<br \/>\nDati recenti stimano che l\u201980 % della popolazione svizzera\u00a0soffre di mal di schiena con una frequenza che varia da una volta l\u2019anno a pi\u00f9 volte la settimana. Le donne ne soffrono pi\u00f9 spesso degli uomini e la prevalenza \u00e8 pi\u00f9 alta nella popolazione anziana.[\/vc_column_text][\/vc_column][vc_column width=&#8221;1\/4&#8243;][vc_single_image image=&#8221;2933&#8243; img_size=&#8221;full&#8221; alignment=&#8221;center&#8221;][\/vc_column][\/vc_row][vc_row css=&#8221;.vc_custom_1513780995783{margin-top: 0px !important;background-color: #ffffff !important;}&#8221;][vc_column css=&#8221;.vc_custom_1513781003634{padding-bottom: 30px !important;}&#8221;][mk_fancy_title color=&#8221;#f58b26&#8243; size=&#8221;16&#8243; font_weight=&#8221;400&#8243; txt_transform=&#8221;uppercase&#8221; margin_top=&#8221;15&#8243; margin_bottom=&#8221;0&#8243; font_family=&#8221;none&#8221;]Classificazione[\/mk_fancy_title][vc_column_text css=&#8221;.vc_custom_1522850764949{margin-bottom: 0px !important;}&#8221;]L\u201985% dei casi di mal di schiena non \u00e8 riconducibile a una precisa causa\u00a0e pu\u00f2 essere considerato d\u2019origine benigna. I medici evocano delle cause non specifiche, come ad esempio contratture della muscolatura dorsale dovute a uno sforzo, mancanza d\u2019esercizio fisico, una cattiva postura o uno stile di vita sedentario. Infatti, i muscoli dorsali si contraggono in caso di sovraccarico o quando sono deboli. Il freddo e le correnti d\u2019aria possono inoltre portare a queste contratture muscolari.[\/vc_column_text][\/vc_column][\/vc_row][vc_row css=&#8221;.vc_custom_1513780995783{margin-top: 0px !important;background-color: #ffffff !important;}&#8221;][vc_column css=&#8221;.vc_custom_1513781003634{padding-bottom: 30px !important;}&#8221;][vc_column_text css=&#8221;.vc_custom_1522850812105{margin-bottom: 0px !important;}&#8221;]Il restante 15%, invece, \u00e8 riconducibile a una causa specifica. Questi dolori sono causati\u00a0da una modifica strutturale della colonna vertebrale o da una malattia e spesso derivano da un\u2019<a href=\"https:\/\/www.dolospedifen.ch\/it\/glossario-e-faq\/#i\">infiammazione<\/a> o da un deterioramento dei nervi che entrano ed escono dal <a href=\"https:\/\/www.dolospedifen.ch\/it\/glossario-e-faq\/#m\">midollo spinale<\/a>. L\u2019<a href=\"https:\/\/www.dolospedifen.ch\/it\/glossario-e-faq\/#i\">infiammazione<\/a> dei nervi pu\u00f2 essere scatenata, a sua volta, da un\u2019ernia discale o da malattie come l\u2019artrosi. In questi casi i dolori sono di tipo cronico (che dura per pi\u00f9 settimane) e si consiglia, quindi, di consultare un medico.[\/vc_column_text][\/vc_column][\/vc_row][vc_row css=&#8221;.vc_custom_1513780995783{margin-top: 0px !important;background-color: #ffffff !important;}&#8221;][vc_column css=&#8221;.vc_custom_1513781003634{padding-bottom: 30px !important;}&#8221;][mk_fancy_title color=&#8221;#f58b26&#8243; size=&#8221;16&#8243; font_weight=&#8221;400&#8243; txt_transform=&#8221;uppercase&#8221; margin_top=&#8221;15&#8243; margin_bottom=&#8221;0&#8243; font_family=&#8221;none&#8221;]Sintomi[\/mk_fancy_title][vc_column_text css=&#8221;.vc_custom_1513789127788{margin-bottom: 0px !important;}&#8221;]Le lombalgie di tipo acuto raggruppano tutti i dolori situati nella parte bassa della schiena. Questi dolori possono, in alcuni casi, irradiarsi verso altre parti del corpo, come le natiche o le gambe, e possono presentarsi con o senza limitazione della mobilit\u00e0\/ rigidit\u00e0 della spina dorsale.[\/vc_column_text][\/vc_column][\/vc_row][vc_row css=&#8221;.vc_custom_1513780995783{margin-top: 0px !important;background-color: #ffffff !important;}&#8221;][vc_column css=&#8221;.vc_custom_1513781003634{padding-bottom: 30px !important;}&#8221;][mk_fancy_title color=&#8221;#f58b26&#8243; size=&#8221;16&#8243; font_weight=&#8221;400&#8243; txt_transform=&#8221;uppercase&#8221; margin_top=&#8221;15&#8243; margin_bottom=&#8221;0&#8243; font_family=&#8221;none&#8221;]Consigli[\/mk_fancy_title][vc_column_text css=&#8221;.vc_custom_1522846323546{margin-bottom: 0px !important;}&#8221;]In caso di\u00a0<strong>mal di schiena acuto<\/strong>, si consiglia caldamente l\u2019attivit\u00e0 fisica per rinforzare la struttura muscolare e lo stretching per allungare la muscolatura.<br \/>\nUn aspetto rilevante \u00e8 la sensibilizzazione in materia di ergonomia, in modo da correggere posture e movimenti sbagliati capaci d\u2019innescare il mal di schiena o, addirittura, di aggravarlo.<br \/>\nPossono essere anche d\u2019aiuto massaggi, terapie manipolatorie o agopuntura oppure, ancora, impacchi caldi o freddi oppure cure termali.<br \/>\nCome trattamento medicamentoso di supporto, i farmaci antinfiammatori non steroidei quali l\u2019<a href=\"https:\/\/www.dolospedifen.ch\/it\/glossario-e-faq\/#i\">ibuprofene<\/a>\u00a0possono aiutare ad alleviare i dolori.[\/vc_column_text][\/vc_column][\/vc_row][vc_row css=&#8221;.vc_custom_1513784064536{margin-top: 0px !important;background-color: #ffffff !important;}&#8221;][vc_column width=&#8221;1\/12&#8243; css=&#8221;.vc_custom_1513784056783{padding-bottom: 30px !important;}&#8221;][\/vc_column][vc_column width=&#8221;10\/12&#8243;][vc_basic_grid post_type=&#8221;page&#8221; max_items=&#8221;-1&#8243; gap=&#8221;5&#8243; order=&#8221;ASC&#8221; item=&#8221;795&#8243; initial_loading_animation=&#8221;none&#8221; grid_id=&#8221;vc_gid:1588235585312-6c3195e0-1bd5-0&#8243; taxonomies=&#8221;422&#8243;][\/vc_column][vc_column width=&#8221;1\/12&#8243;][\/vc_column][\/vc_row]\n<\/div>","protected":false},"excerpt":{"rendered":"<p>[vc_row css=&#8221;.vc_custom_1513691470144{margin-top: 40px !important;}&#8221;][vc_column css=&#8221;.vc_custom_1513688629508{padding-bottom: 30px !important;background-color: #ffffff !important;}&#8221;][mk_fancy_title tag_name=&#8221;h1&#8243; color=&#8221;#f58b26&#8243; size=&#8221;34&#8243; font_weight=&#8221;400&#8243; txt_transform=&#8221;uppercase&#8221; margin_top=&#8221;15&#8243; margin_bottom=&#8221;10&#8243; font_family=&#8221;none&#8221;]Mal di schiena[\/mk_fancy_title][mk_fancy_title color=&#8221;#f58b26&#8243; size=&#8221;16&#8243; font_weight=&#8221;400&#8243; txt_transform=&#8221;uppercase&#8221; margin_bottom=&#8221;10&#8243; font_family=&#8221;none&#8221;]Che cos\u2019\u00e8[\/mk_fancy_title][\/vc_column][\/vc_row][vc_row css=&#8221;.vc_custom_1513780995783{margin-top: 0px !important;background-color: #ffffff !important;}&#8221;][vc_column width=&#8221;3\/4&#8243; css=&#8221;.vc_custom_1513781003634{padding-bottom: 30px !important;}&#8221;][vc_column_text css=&#8221;.vc_custom_1522850744332{margin-bottom: 0px !important;}&#8221;]Il\u00a0mal di schiena, o\u00a0lombalgia, \u00e8 un dolore molto diffuso. In Svizzera rientra tra i cinque motivi di consultazione [&hellip;]<\/p>\n","protected":false},"author":2,"featured_media":2907,"parent":2298,"menu_order":0,"comment_status":"closed","ping_status":"closed","template":"","meta":{"_monsterinsights_skip_tracking":false,"_monsterinsights_sitenote_active":false,"_monsterinsights_sitenote_note":"","_monsterinsights_sitenote_category":0,"footnotes":""},"categories":[422],"tags":[],"yst_prominent_words":[344,659,661,638,240,1438,241,614,662,658,617,660,615,616,455],"class_list":["post-2367","page","type-page","status-publish","has-post-thumbnail","hentry","category-aree-del-dolore"],"_links":{"self":[{"href":"https:\/\/www.dolospedifen.ch\/it\/wp-json\/wp\/v2\/pages\/2367","targetHints":{"allow":["GET"]}}],"collection":[{"href":"https:\/\/www.dolospedifen.ch\/it\/wp-json\/wp\/v2\/pages"}],"about":[{"href":"https:\/\/www.dolospedifen.ch\/it\/wp-json\/wp\/v2\/types\/page"}],"author":[{"embeddable":true,"href":"https:\/\/www.dolospedifen.ch\/it\/wp-json\/wp\/v2\/users\/2"}],"replies":[{"embeddable":true,"href":"https:\/\/www.dolospedifen.ch\/it\/wp-json\/wp\/v2\/comments?post=2367"}],"version-history":[{"count":0,"href":"https:\/\/www.dolospedifen.ch\/it\/wp-json\/wp\/v2\/pages\/2367\/revisions"}],"up":[{"embeddable":true,"href":"https:\/\/www.dolospedifen.ch\/it\/wp-json\/wp\/v2\/pages\/2298"}],"wp:featuredmedia":[{"embeddable":true,"href":"https:\/\/www.dolospedifen.ch\/it\/wp-json\/wp\/v2\/media\/2907"}],"wp:attachment":[{"href":"https:\/\/www.dolospedifen.ch\/it\/wp-json\/wp\/v2\/media?parent=2367"}],"wp:term":[{"taxonomy":"category","embeddable":true,"href":"https:\/\/www.dolospedifen.ch\/it\/wp-json\/wp\/v2\/categories?post=2367"},{"taxonomy":"post_tag","embeddable":true,"href":"https:\/\/www.dolospedifen.ch\/it\/wp-json\/wp\/v2\/tags?post=2367"},{"taxonomy":"yst_prominent_words","embeddable":true,"href":"https:\/\/www.dolospedifen.ch\/it\/wp-json\/wp\/v2\/yst_prominent_words?post=2367"}],"curies":[{"name":"wp","href":"https:\/\/api.w.org\/{rel}","templated":true}]}}