{"id":2353,"date":"2017-12-20T17:47:52","date_gmt":"2017-12-20T16:47:52","guid":{"rendered":"https:\/\/www.dolospedifen.ch\/?page_id=2353"},"modified":"2020-04-30T10:33:05","modified_gmt":"2020-04-30T08:33:05","slug":"mal-di-denti","status":"publish","type":"page","link":"https:\/\/www.dolospedifen.ch\/it\/aree-del-dolore\/mal-di-denti\/","title":{"rendered":"Mal di denti"},"content":{"rendered":"<div class=\"wpb-content-wrapper\">[vc_row css=&#8221;.vc_custom_1513691470144{margin-top: 40px !important;}&#8221;][vc_column css=&#8221;.vc_custom_1513688629508{padding-bottom: 30px !important;background-color: #ffffff !important;}&#8221;][mk_fancy_title tag_name=&#8221;h1&#8243; color=&#8221;#f58b26&#8243; size=&#8221;34&#8243; font_weight=&#8221;400&#8243; txt_transform=&#8221;uppercase&#8221; margin_top=&#8221;15&#8243; margin_bottom=&#8221;10&#8243; font_family=&#8221;none&#8221;]Mal di denti[\/mk_fancy_title][mk_fancy_title color=&#8221;#f58b26&#8243; size=&#8221;16&#8243; font_weight=&#8221;400&#8243; txt_transform=&#8221;uppercase&#8221; margin_bottom=&#8221;10&#8243; font_family=&#8221;none&#8221;]Che cos\u2019\u00e8[\/mk_fancy_title][vc_column_text css=&#8221;.vc_custom_1522853185136{margin-bottom: 0px !important;}&#8221;]Il <strong>mal di denti<\/strong> rappresenta un disturbo molto comune: il dolore, localizzato al dente e alla mascella, inizia in genere in maniera improvvisa con un\u2019intensit\u00e0 che pu\u00f2 andare da una sensazione di fastidio a un\u00a0dolore molto intenso. In alcuni casi viene provocato\u00a0dall\u2019esposizione al freddo, al caldo, dal contatto con alimenti o bevande dolci\u00a0o dalla semplice masticazione, altre volte si presenta senza una causa scatenate; pu\u00f2 durare pochi momenti, fino a che lo stimolo che l\u2019ha scatenato non viene rimosso, o essere continuo.[\/vc_column_text][\/vc_column][\/vc_row][vc_row css=&#8221;.vc_custom_1513780995783{margin-top: 0px !important;background-color: #ffffff !important;}&#8221;][vc_column width=&#8221;3\/4&#8243; css=&#8221;.vc_custom_1513781003634{padding-bottom: 30px !important;}&#8221;][mk_fancy_title color=&#8221;#f58b26&#8243; size=&#8221;16&#8243; font_weight=&#8221;400&#8243; txt_transform=&#8221;uppercase&#8221; margin_top=&#8221;15&#8243; margin_bottom=&#8221;0&#8243; font_family=&#8221;none&#8221;]Tipologie\/cause[\/mk_fancy_title][vc_column_text css=&#8221;.vc_custom_1522847197680{margin-bottom: 0px !important;}&#8221;]Molte delle cause del mal di denti sono attribuibili a una\u00a0scorretta igiene orale\u00a0che costituisce un importante fattore in gioco nella comparsa di\u00a0carie. Il mal di denti pu\u00f2 essere provocato anche dall\u2019<a href=\"https:\/\/www.dolospedifen.ch\/it\/glossario-e-faq\/#i\">infiammazione<\/a> della polpa del dente (pulpite), o dalla presenza di un\u00a0ascesso; pu\u00f2 presentarsi anche in coincidenza con l\u2019eruzione del\u00a0dente del giudizio\u00a0o rappresentare la conseguenza di un\u00a0trauma.[\/vc_column_text][\/vc_column][vc_column width=&#8221;1\/4&#8243;][vc_single_image image=&#8221;2929&#8243; img_size=&#8221;full&#8221; alignment=&#8221;center&#8221;][\/vc_column][\/vc_row][vc_row css=&#8221;.vc_custom_1513780995783{margin-top: 0px !important;background-color: #ffffff !important;}&#8221;][vc_column css=&#8221;.vc_custom_1513781003634{padding-bottom: 30px !important;}&#8221;][vc_column_text css=&#8221;.vc_custom_1522847273636{margin-bottom: 0px !important;}&#8221;]Quando l\u2019erosione provocata dalla carie \u00e8 tale da aver distrutto lo smalto (strato pi\u00f9 superficiale del dente), la sottostante dentina (il materiale che costituisce la struttura interna del dente) \u00e8 esposta all\u2019esterno. La dentina contiene al suo interno dei microscopici tubuli che permettono agli stimoli esterni (caldo, freddo, cibi dolci) di stimolare la polpa del dente che va cos\u00ec incontro a<a href=\"https:\/\/www.dolospedifen.ch\/it\/glossario-e-faq\/#i\"> infiammazione<\/a>. Ecco perch\u00e9 quando s\u2019inizia ad avere mal di denti a causa di un dente cariato, il dolore si presenta in genere in seguito all\u2019esposizione a uno stimolo. Una situazione di maggior sensibilit\u00e0 del dente al freddo e al caldo pu\u00f2 essere dovuta anche ad altre cause: in particolare alla presenza di una frattura nel dente, dell\u2019esposizione di una radice o di una malattia delle gengive.<br \/>\nQuando la carie si fa pi\u00f9 profonda e il danno al dente pi\u00f9 grave, si verifica invece una <a href=\"https:\/\/www.dolospedifen.ch\/it\/glossario-e-faq\/#i\">infiammazione<\/a> diretta della polpa, cio\u00e8 una\u00a0<strong>pulpite<\/strong>. Il dolore pu\u00f2 essere spontaneo e tende a durare pi\u00f9 a lungo; \u00e8 per\u00f2 possibile che anche in questo caso il mal di denti sia scatenato dall\u2019esposizione al caldo o al freddo. Talvolta la sofferenza della polpa \u00e8 tanto severa da provocare un danno irreversibile.<\/p>\n<p>Una carie o una pulpite non adeguatamente curate possono dar luogo alla formazione di un\u00a0<strong>ascesso<\/strong>, un\u2019infezione in cui si ha la formazione di pus all\u2019interno. La sua comparsa pu\u00f2 essere sospettata quando il dente diventa sensibile alla compressione e alla percussione. In questi casi il mal di denti \u00e8 spesso accompagnato da gonfiore, febbre, cattivo sapore in bocca.<br \/>\nAltre volte il dolore accompagna l\u2019eruzione di un dente. Tipico \u00e8 il caso dei denti del giudizio, in genere di quelli inferiori. Qui il dolore \u00e8 dovuto all\u2019<a href=\"https:\/\/www.dolospedifen.ch\/it\/glossario-e-faq\/#i\">infiammazione<\/a> della gengiva che sovrasta e circonda il dente che sta spuntando. Si tratta della cosiddetta\u00a0<strong>pericoronite<\/strong>, che talvolta si presenta con secrezione purulenta e dolore che peggiora con la masticazione.[\/vc_column_text][\/vc_column][\/vc_row][vc_row css=&#8221;.vc_custom_1513780995783{margin-top: 0px !important;background-color: #ffffff !important;}&#8221;][vc_column css=&#8221;.vc_custom_1513781003634{padding-bottom: 30px !important;}&#8221;][mk_fancy_title color=&#8221;#f58b26&#8243; size=&#8221;16&#8243; font_weight=&#8221;400&#8243; txt_transform=&#8221;uppercase&#8221; margin_top=&#8221;15&#8243; margin_bottom=&#8221;0&#8243; font_family=&#8221;none&#8221;]Sintomi[\/mk_fancy_title][vc_column_text css=&#8221;.vc_custom_1522847307547{margin-bottom: 0px !important;}&#8221;]Le caratteristiche con cui il dolore si manifesta possono offrire degli indizi sulla causa del mal di denti.<br \/>\nQuando il dolore compare solo in seguito all\u2019esposizione a uno stimolo scatenante e tende a non persistere dopo che questo viene rimosso, si pu\u00f2 pensare in prima battuta a una pulpite reversibile in genere coincidente con una carie non molto profonda.<\/p>\n<p>Un dolore che invece dura nel tempo dopo essere stato provocato o che compare spontaneamente e persiste fa pensare a un danno pi\u00f9 severo con <a href=\"https:\/\/www.dolospedifen.ch\/it\/glossario-e-faq\/#i\">infiammazione<\/a> irreversibile della polpa del dente. Talvolta, dopo aver avuto a lungo dolore, questo scompare spontaneamente. In questo caso la scomparsa del dolore pu\u00f2 far ipotizzare che la polpa del dente sia andata in \u201cnecrosi\u201d, un po\u2019 come se si fosse devitalizzata spontaneamente. Un dolore costante che peggiora quando si mastica o si morde e in cui il dente interessato viene identificato con precisione fa pensare alla presenza di un ascesso. Talvolta pu\u00f2 essere visibile un gonfiore un po\u2019 fluttuante della mucosa e spesso la guancia appare gonfia e dolente.[\/vc_column_text][\/vc_column][\/vc_row][vc_row css=&#8221;.vc_custom_1513780995783{margin-top: 0px !important;background-color: #ffffff !important;}&#8221;][vc_column css=&#8221;.vc_custom_1513781003634{padding-bottom: 30px !important;}&#8221;][mk_fancy_title color=&#8221;#f58b26&#8243; size=&#8221;16&#8243; font_weight=&#8221;400&#8243; txt_transform=&#8221;uppercase&#8221; margin_top=&#8221;15&#8243; margin_bottom=&#8221;0&#8243; font_family=&#8221;none&#8221;]Suggerimenti[\/mk_fancy_title][vc_column_text css=&#8221;.vc_custom_1522847329099{margin-bottom: 0px !important;}&#8221;]Come per molte altre malattie, anche nel caso del mal di denti la prevenzione \u00e8 senza dubbio la prima misura cui ricorrere.<br \/>\nLavare i denti regolarmente due volte al giorno, spazzolando delicatamente anche gengive e lingua e curando la pulizia interdentale,\u00a0limitare l\u2019apporto di alimenti dolci, evitare di fumare, effettuare\u00a0periodici controlli dal dentista: semplici misure che contribuiscono a mantenere denti e gengive in buona salute. Quando, nonostante le misure preventive, il mal di denti dovesse comunque presentarsi \u00e8 importante sapere che in alcuni casi \u00e8 necessario rivolgersi immediatamente al dentista o a un medico.[\/vc_column_text][\/vc_column][\/vc_row][vc_row css=&#8221;.vc_custom_1513780995783{margin-top: 0px !important;background-color: #ffffff !important;}&#8221;][vc_column css=&#8221;.vc_custom_1513781003634{padding-bottom: 30px !important;}&#8221;][vc_column_text css=&#8221;.vc_custom_1522846243670{margin-bottom: 0px !important;}&#8221;]\n<div class=\"su-accordion\">\n<div class=\"su-spoiler su-spoiler-style-default su-spoiler-icon-plus\">\n<div class=\"su-spoiler-content su-clearfix\">\n<div class=\"su-accordion\">\n<div class=\"su-spoiler su-spoiler-style-default su-spoiler-icon-plus\">\n<div class=\"su-spoiler-content su-clearfix\">\n<p>In particolare, \u00e8 necessario consultare al pi\u00f9 presto un sanitario quando il mal di denti si accompagna alla febbre; la sua presenza pu\u00f2, infatti, indicare che c\u2019\u00e8 un\u2019infezione che si sta estendendo. Anche un\u2019estensione del dolore, con la comparsa di mal di testa, la presenza di un gonfiore a livello del pavimento della bocca o l\u2019insorgenza di un disturbo della vista devono indurre a rivolgersi subito al medico.<br \/>\nQuando consultare il dentista con urgenza:<\/p>\n<ul>\n<li>febbre;<\/li>\n<li>mal di testa;<\/li>\n<li>gonfiore del pavimento della bocca;<\/li>\n<li>disturbi della vista.<\/li>\n<\/ul>\n<\/div>\n<\/div>\n<\/div>\n<p>In attesa della visita \u00e8 possibile adottare alcune misure che aiutano a controllare il mal di denti:<\/p>\n<ul>\n<li>assumere un\u00a0farmaco\u00a0di automedicazione contenente principi attivi come l\u2019<a href=\"https:\/\/www.dolospedifen.ch\/it\/glossario-e-faq\/#i\">ibuprofene<\/a>;<\/li>\n<li>lavare i denti con acqua tiepida;<\/li>\n<li>provvedere a un\u2019accurata pulizia rimuovendo eventuali residui di cibo fra i denti ricorrendo al filo interdentale.<\/li>\n<\/ul>\n<\/div>\n<\/div>\n<\/div>\n[\/vc_column_text][\/vc_column][\/vc_row][vc_row css=&#8221;.vc_custom_1513784064536{margin-top: 0px !important;background-color: #ffffff !important;}&#8221;][vc_column width=&#8221;1\/12&#8243; css=&#8221;.vc_custom_1513784056783{padding-bottom: 30px !important;}&#8221;][\/vc_column][vc_column width=&#8221;10\/12&#8243;][vc_basic_grid post_type=&#8221;page&#8221; max_items=&#8221;-1&#8243; gap=&#8221;5&#8243; order=&#8221;ASC&#8221; item=&#8221;795&#8243; initial_loading_animation=&#8221;none&#8221; grid_id=&#8221;vc_gid:1588235518210-894f9504-7f3a-6&#8243; taxonomies=&#8221;422&#8243;][\/vc_column][vc_column width=&#8221;1\/12&#8243;][\/vc_column][\/vc_row]\n<\/div>","protected":false},"excerpt":{"rendered":"<p>[vc_row css=&#8221;.vc_custom_1513691470144{margin-top: 40px !important;}&#8221;][vc_column css=&#8221;.vc_custom_1513688629508{padding-bottom: 30px !important;background-color: #ffffff !important;}&#8221;][mk_fancy_title tag_name=&#8221;h1&#8243; color=&#8221;#f58b26&#8243; size=&#8221;34&#8243; font_weight=&#8221;400&#8243; txt_transform=&#8221;uppercase&#8221; margin_top=&#8221;15&#8243; margin_bottom=&#8221;10&#8243; font_family=&#8221;none&#8221;]Mal di denti[\/mk_fancy_title][mk_fancy_title color=&#8221;#f58b26&#8243; size=&#8221;16&#8243; font_weight=&#8221;400&#8243; txt_transform=&#8221;uppercase&#8221; margin_bottom=&#8221;10&#8243; font_family=&#8221;none&#8221;]Che cos\u2019\u00e8[\/mk_fancy_title][vc_column_text css=&#8221;.vc_custom_1522853185136{margin-bottom: 0px !important;}&#8221;]Il mal di denti rappresenta un disturbo molto comune: il dolore, localizzato al dente e alla mascella, inizia in genere in maniera improvvisa con un\u2019intensit\u00e0 che pu\u00f2 [&hellip;]<\/p>\n","protected":false},"author":2,"featured_media":2909,"parent":2298,"menu_order":0,"comment_status":"closed","ping_status":"closed","template":"","meta":{"_monsterinsights_skip_tracking":false,"_monsterinsights_sitenote_active":false,"_monsterinsights_sitenote_note":"","_monsterinsights_sitenote_category":0,"footnotes":""},"categories":[422],"tags":[],"yst_prominent_words":[584,568,573,567,566,293,575,576,1438,591,241,565,453,590,574,572,571,585,586,583],"class_list":["post-2353","page","type-page","status-publish","has-post-thumbnail","hentry","category-aree-del-dolore"],"_links":{"self":[{"href":"https:\/\/www.dolospedifen.ch\/it\/wp-json\/wp\/v2\/pages\/2353","targetHints":{"allow":["GET"]}}],"collection":[{"href":"https:\/\/www.dolospedifen.ch\/it\/wp-json\/wp\/v2\/pages"}],"about":[{"href":"https:\/\/www.dolospedifen.ch\/it\/wp-json\/wp\/v2\/types\/page"}],"author":[{"embeddable":true,"href":"https:\/\/www.dolospedifen.ch\/it\/wp-json\/wp\/v2\/users\/2"}],"replies":[{"embeddable":true,"href":"https:\/\/www.dolospedifen.ch\/it\/wp-json\/wp\/v2\/comments?post=2353"}],"version-history":[{"count":0,"href":"https:\/\/www.dolospedifen.ch\/it\/wp-json\/wp\/v2\/pages\/2353\/revisions"}],"up":[{"embeddable":true,"href":"https:\/\/www.dolospedifen.ch\/it\/wp-json\/wp\/v2\/pages\/2298"}],"wp:featuredmedia":[{"embeddable":true,"href":"https:\/\/www.dolospedifen.ch\/it\/wp-json\/wp\/v2\/media\/2909"}],"wp:attachment":[{"href":"https:\/\/www.dolospedifen.ch\/it\/wp-json\/wp\/v2\/media?parent=2353"}],"wp:term":[{"taxonomy":"category","embeddable":true,"href":"https:\/\/www.dolospedifen.ch\/it\/wp-json\/wp\/v2\/categories?post=2353"},{"taxonomy":"post_tag","embeddable":true,"href":"https:\/\/www.dolospedifen.ch\/it\/wp-json\/wp\/v2\/tags?post=2353"},{"taxonomy":"yst_prominent_words","embeddable":true,"href":"https:\/\/www.dolospedifen.ch\/it\/wp-json\/wp\/v2\/yst_prominent_words?post=2353"}],"curies":[{"name":"wp","href":"https:\/\/api.w.org\/{rel}","templated":true}]}}