{"id":2331,"date":"2017-12-20T16:46:15","date_gmt":"2017-12-20T15:46:15","guid":{"rendered":"https:\/\/www.dolospedifen.ch\/?page_id=2331"},"modified":"2020-04-30T10:34:23","modified_gmt":"2020-04-30T08:34:23","slug":"mal-di-testa","status":"publish","type":"page","link":"https:\/\/www.dolospedifen.ch\/it\/aree-del-dolore\/mal-di-testa\/","title":{"rendered":"Mal di testa"},"content":{"rendered":"<div class=\"wpb-content-wrapper\">[vc_row css=&#8221;.vc_custom_1513691470144{margin-top: 40px !important;}&#8221;][vc_column css=&#8221;.vc_custom_1513688629508{padding-bottom: 30px !important;background-color: #ffffff !important;}&#8221;][mk_fancy_title tag_name=&#8221;h1&#8243; color=&#8221;#f58b26&#8243; size=&#8221;34&#8243; font_weight=&#8221;400&#8243; txt_transform=&#8221;uppercase&#8221; margin_top=&#8221;15&#8243; margin_bottom=&#8221;10&#8243; font_family=&#8221;none&#8221;]Mal di testa[\/mk_fancy_title][mk_fancy_title color=&#8221;#f58b26&#8243; size=&#8221;16&#8243; font_weight=&#8221;400&#8243; txt_transform=&#8221;uppercase&#8221; margin_bottom=&#8221;10&#8243; font_family=&#8221;none&#8221;]Che cos\u2019\u00e8[\/mk_fancy_title][vc_column_text css=&#8221;.vc_custom_1522852954665{margin-bottom: 0px !important;}&#8221;]Il\u00a0mal di testa \u00e8 uno dei<strong> dolori pi\u00f9 frequenti.\u00a0<\/strong>Poco meno della met\u00e0 della popolazione riferisce di averne sofferto nel corso dell\u2019anno precedente, mentre sono quasi due terzi coloro che ne hanno sofferto nel corso della vita.[\/vc_column_text][\/vc_column][\/vc_row][vc_row css=&#8221;.vc_custom_1513780995783{margin-top: 0px !important;background-color: #ffffff !important;}&#8221;][vc_column width=&#8221;3\/4&#8243; css=&#8221;.vc_custom_1513781003634{padding-bottom: 30px !important;}&#8221;][mk_fancy_title color=&#8221;#f58b26&#8243; size=&#8221;16&#8243; font_weight=&#8221;400&#8243; txt_transform=&#8221;uppercase&#8221; margin_top=&#8221;15&#8243; margin_bottom=&#8221;0&#8243; font_family=&#8221;none&#8221;]Tipologie di mal di testa[\/mk_fancy_title][vc_column_text css=&#8221;.vc_custom_1522853073786{margin-bottom: 0px !important;}&#8221;]Esistono due forme di cefalee, quelle primarie e quelle secondarie. La forma primaria (mal di testa comune anche detto cefalea di tipo tensivo) \u00e8 molto pi\u00f9 frequente della forma secondaria. Il mal di testa di tipo primario \u00e8 caratterizzato da un dolore acuto di intensit\u00e0 lieve a moderata. Il mal di testa di tipo secondario \u00e8 caratterizzato da apparizioni repentine, inabituali e con dolori intensi. Questo tipo di manifestazione necessita una visita medica.[\/vc_column_text][\/vc_column][vc_column width=&#8221;1\/4&#8243;][vc_single_image image=&#8221;2931&#8243; img_size=&#8221;full&#8221; alignment=&#8221;center&#8221;][\/vc_column][\/vc_row][vc_row css=&#8221;.vc_custom_1513780995783{margin-top: 0px !important;background-color: #ffffff !important;}&#8221;][vc_column css=&#8221;.vc_custom_1513781003634{padding-bottom: 30px !important;}&#8221;][mk_fancy_title color=&#8221;#f58b26&#8243; size=&#8221;16&#8243; font_weight=&#8221;400&#8243; txt_transform=&#8221;uppercase&#8221; margin_top=&#8221;15&#8243; margin_bottom=&#8221;0&#8243; font_family=&#8221;none&#8221;]Sintomi[\/mk_fancy_title][vc_column_text css=&#8221;.vc_custom_1522853042696{margin-bottom: 0px !important;}&#8221;]La <strong>cefalea tensiva<\/strong> si presenta con\u00a0manifestazioni tipiche\u00a0e conoscerle potrebbe aiutare chi ha mal di testa a decidere come comportarsi.<\/p>\n<p>Ecco i sintomi della cefalea tensiva.[\/vc_column_text][mk_table]\n<table width=\"100%\">\n<thead>\n<tr>\n<th colspan=\"2\"><strong>Cefalea tensiva<\/strong><\/th>\n<\/tr>\n<\/thead>\n<tbody>\n<tr>\n<td>Durata del dolore<\/td>\n<td>da 30 minuti ad alcuni giorni<\/td>\n<\/tr>\n<tr>\n<td>Caratteristiche del dolore<\/td>\n<td>morsa-cerchio alla testa<\/td>\n<\/tr>\n<tr>\n<td>Intensit\u00e0 del dolore<\/td>\n<td>lieve o moderata<\/td>\n<\/tr>\n<tr>\n<td>Localizzazione del dolore<\/td>\n<td>bilaterale<\/td>\n<\/tr>\n<tr>\n<td>Rapporto con l\u2019attivit\u00e0 fisica<\/td>\n<td>non peggiora con l\u2019attivit\u00e0 fisica<\/td>\n<\/tr>\n<tr>\n<td>Sintomi associati<\/td>\n<td>nausea e vomito, talvolta fotofobia o fonofobia<\/td>\n<\/tr>\n<\/tbody>\n<\/table>\n[\/mk_table][vc_column_text css=&#8221;.vc_custom_1522853013708{margin-bottom: 0px !important;}&#8221;]Poich\u00e9 i diversi tipi di mal di testa si presentano con caratteristiche differenti \u00e8 importante che chi ne soffre sia in grado di descriverle con accuratezza al medico. \u00c8 per questa ragione che \u00e8 utile tenere un \u201c<strong>diario del mal di testa<\/strong>\u201d in cui riportare la frequenza e le caratteristiche degli episodi. Ci\u00f2 pu\u00f2, infatti, facilitare molto il percorso verso la diagnosi e pu\u00f2 anche suggerire a chi soffre di mal di testa in quali casi pu\u00f2 ricorrere all\u2019automedicazione e quando invece \u00e8 opportuna la valutazione da parte del medico.<br \/>\nMentre una cefalea occasionale pu\u00f2 essere agevolmente trattata con un farmaco di automedicazione, una forma che si ripeta con una certa frequenza deve indurre a rivolgersi al medico. Ovviamente \u00e8 sempre opportuno andare dal medico nei casi in cui il dolore sia severo, persistente e quando interferisce con la qualit\u00e0 della vita.<\/p>\n<p><strong>Condizioni in cui \u00e8 indicato rivolgersi a un medico<\/strong>\u00a0(talvolta anche con urgenza):<\/p>\n<ul>\n<li>dolore di tipo emicranico di intensit\u00e0 severa;<\/li>\n<li>cefalea che interferisce con qualit\u00e1 della vita;<\/li>\n<li>cefalea pi\u00fa di 2 volte alla settimana;<\/li>\n<li>un dolore che modifica le sue caratteristiche;<\/li>\n<li>cefalea accompagnata da: febbre alta, confusione, debolezza, dopo un trauma cranico, dolore acuto \u2013 severo \u2013 improvviso.<\/li>\n<\/ul>\n<p>Per quanto riguarda la\u00a0<strong>cefalea di tipo tensivo<\/strong>, una regola \u00e8 di\u00a0assumere il farmaco analgesico al comparire dei primi sintomi e al\u00a0dosaggio pi\u00f9 basso\u00a0che consenta di ottenere il completo controllo dei sintomi il pi\u00f9 rapidamente possibile.<br \/>\nIn genere, i\u00a0<a href=\"https:\/\/www.dolospedifen.ch\/it\/glossario-e-faq\/#f\">FANS<\/a>\u00a0(farmaci antinfiammatori non steroidei)\u00a0come l\u2019<a href=\"https:\/\/www.dolospedifen.ch\/it\/glossario-e-faq\/#i\">ibuprofene<\/a>\u00a0sono efficaci contro il dolore causato da una cefalea di tipo tensivo.[\/vc_column_text][\/vc_column][\/vc_row][vc_row css=&#8221;.vc_custom_1513784064536{margin-top: 0px !important;background-color: #ffffff !important;}&#8221;][vc_column width=&#8221;1\/12&#8243; css=&#8221;.vc_custom_1513784056783{padding-bottom: 30px !important;}&#8221;][\/vc_column][vc_column width=&#8221;10\/12&#8243;][vc_basic_grid post_type=&#8221;page&#8221; max_items=&#8221;-1&#8243; gap=&#8221;5&#8243; order=&#8221;ASC&#8221; item=&#8221;795&#8243; initial_loading_animation=&#8221;none&#8221; grid_id=&#8221;vc_gid:1588235622676-47889650-6914-3&#8243; taxonomies=&#8221;422&#8243;][\/vc_column][vc_column width=&#8221;1\/12&#8243;][\/vc_column][\/vc_row]\n<\/div>","protected":false},"excerpt":{"rendered":"<p>[vc_row css=&#8221;.vc_custom_1513691470144{margin-top: 40px !important;}&#8221;][vc_column css=&#8221;.vc_custom_1513688629508{padding-bottom: 30px !important;background-color: #ffffff !important;}&#8221;][mk_fancy_title tag_name=&#8221;h1&#8243; color=&#8221;#f58b26&#8243; size=&#8221;34&#8243; font_weight=&#8221;400&#8243; txt_transform=&#8221;uppercase&#8221; margin_top=&#8221;15&#8243; margin_bottom=&#8221;10&#8243; font_family=&#8221;none&#8221;]Mal di testa[\/mk_fancy_title][mk_fancy_title color=&#8221;#f58b26&#8243; size=&#8221;16&#8243; font_weight=&#8221;400&#8243; txt_transform=&#8221;uppercase&#8221; margin_bottom=&#8221;10&#8243; font_family=&#8221;none&#8221;]Che cos\u2019\u00e8[\/mk_fancy_title][vc_column_text css=&#8221;.vc_custom_1522852954665{margin-bottom: 0px !important;}&#8221;]Il\u00a0mal di testa \u00e8 uno dei dolori pi\u00f9 frequenti.\u00a0Poco meno della met\u00e0 della popolazione riferisce di averne sofferto nel corso dell\u2019anno precedente, mentre sono quasi due terzi [&hellip;]<\/p>\n","protected":false},"author":2,"featured_media":2906,"parent":2298,"menu_order":0,"comment_status":"closed","ping_status":"closed","template":"","meta":{"_monsterinsights_skip_tracking":false,"_monsterinsights_sitenote_active":false,"_monsterinsights_sitenote_note":"","_monsterinsights_sitenote_category":0,"footnotes":""},"categories":[422],"tags":[],"yst_prominent_words":[499,476,496,495,477,293,331,457,482,241,453,452,498,484,449,500,456,454,455,497],"class_list":["post-2331","page","type-page","status-publish","has-post-thumbnail","hentry","category-aree-del-dolore"],"_links":{"self":[{"href":"https:\/\/www.dolospedifen.ch\/it\/wp-json\/wp\/v2\/pages\/2331","targetHints":{"allow":["GET"]}}],"collection":[{"href":"https:\/\/www.dolospedifen.ch\/it\/wp-json\/wp\/v2\/pages"}],"about":[{"href":"https:\/\/www.dolospedifen.ch\/it\/wp-json\/wp\/v2\/types\/page"}],"author":[{"embeddable":true,"href":"https:\/\/www.dolospedifen.ch\/it\/wp-json\/wp\/v2\/users\/2"}],"replies":[{"embeddable":true,"href":"https:\/\/www.dolospedifen.ch\/it\/wp-json\/wp\/v2\/comments?post=2331"}],"version-history":[{"count":0,"href":"https:\/\/www.dolospedifen.ch\/it\/wp-json\/wp\/v2\/pages\/2331\/revisions"}],"up":[{"embeddable":true,"href":"https:\/\/www.dolospedifen.ch\/it\/wp-json\/wp\/v2\/pages\/2298"}],"wp:featuredmedia":[{"embeddable":true,"href":"https:\/\/www.dolospedifen.ch\/it\/wp-json\/wp\/v2\/media\/2906"}],"wp:attachment":[{"href":"https:\/\/www.dolospedifen.ch\/it\/wp-json\/wp\/v2\/media?parent=2331"}],"wp:term":[{"taxonomy":"category","embeddable":true,"href":"https:\/\/www.dolospedifen.ch\/it\/wp-json\/wp\/v2\/categories?post=2331"},{"taxonomy":"post_tag","embeddable":true,"href":"https:\/\/www.dolospedifen.ch\/it\/wp-json\/wp\/v2\/tags?post=2331"},{"taxonomy":"yst_prominent_words","embeddable":true,"href":"https:\/\/www.dolospedifen.ch\/it\/wp-json\/wp\/v2\/yst_prominent_words?post=2331"}],"curies":[{"name":"wp","href":"https:\/\/api.w.org\/{rel}","templated":true}]}}