{"id":3466,"date":"2025-06-15T20:14:48","date_gmt":"2025-06-15T18:14:48","guid":{"rendered":"https:\/\/www.dolospedifen.ch\/?page_id=3466"},"modified":"2025-06-15T20:14:49","modified_gmt":"2025-06-15T18:14:49","slug":"pharmacovigilance","status":"publish","type":"page","link":"https:\/\/www.dolospedifen.ch\/fr\/pharmacovigilance\/","title":{"rendered":"Pharmacovigilance"},"content":{"rendered":"<h1 style=\"margin-top: 40px;\">Pharmacovigilance Zambon en Suisse<\/h1>\n<p>Tout effet ind\u00e9sirable qui survient\u00a0au cours d\u2019un traitement doit \u00eatre imm\u00e9diatement annonc\u00e9\u00a0\u00e0 votre m\u00e9decin, \u00e0\u00a0votre pharmacien\u00a0ou votre droguiste.<\/p>\n<p>En ce qui concerne les annonces\u00a0d&rsquo;effects ind\u00e9sirables suspect\u00e9s\u00a0par\u00a0des professionnels de la sant\u00e9 ou des consommateurs, nous vous recommandons de suivre les\u00a0<a class=\"prevent-navigation\" href=\"https:\/\/www.swissmedic.ch\/swissmedic\/fr\/home\/medicaments-a-usage-humain\/surveillance-du-marche\/pharmacovigilance.html\" data-exit-popup=\"true\" data-once=\"exit-popup-message-open\">instructions pr\u00e9sentes sur le site Web de Swissmedic<\/a>.<\/p>\n<p><strong>Si vous d\u00e9sirez contacter directement le service de pharmacovigilance de\u00a0Zambon Suisse SA, vous pouvez\u00a0<\/strong>:<\/p>\n<ul>\n<li>Appeler\u00a0le : <a href=\"tel:0041919604111\">+41 91 9604111<\/a> (r\u00e9ception)<\/li>\n<li>Envoyer un fax : +41 91 9604404<\/li>\n<li>Envoyer un email :\u00a0<a href=\"mailto:drugsafetych@zambongroup.com\">drugsafetych@zambongroup.com<\/a><\/li>\n<\/ul>\n<p><em>En contactant la soci\u00e9t\u00e9 ZAMBON SUISSE SA, l\u2019utilisateur accepte que les donn\u00e9es fournies soient trait\u00e9es de\u00a0fa\u00e7on confidentiel aux seules fins de gestion de la communication, conform\u00e9ment aux dispositions l\u00e9gales. Les donn\u00e9es sont destin\u00e9es \u00e0 un usage interne et ne peuvent \u00eatre divulgu\u00e9es \u00e0 des tiers uniquement dans le cas\u00a0o\u00f9 cela est pr\u00e9vu par la loi.<\/em><\/p>\n","protected":false},"excerpt":{"rendered":"<p>Pharmacovigilance Zambon en Suisse Tout effet ind\u00e9sirable qui survient\u00a0au cours d\u2019un traitement doit \u00eatre imm\u00e9diatement annonc\u00e9\u00a0\u00e0 votre m\u00e9decin, \u00e0\u00a0votre pharmacien\u00a0ou votre droguiste. En ce qui concerne les annonces\u00a0d&rsquo;effects ind\u00e9sirables suspect\u00e9s\u00a0par\u00a0des professionnels de la sant\u00e9 ou des consommateurs, nous vous recommandons de suivre les\u00a0instructions pr\u00e9sentes sur le site Web de Swissmedic. Si vous d\u00e9sirez contacter directement [&hellip;]<\/p>\n","protected":false},"author":1,"featured_media":0,"parent":0,"menu_order":0,"comment_status":"closed","ping_status":"closed","template":"","meta":{"_monsterinsights_skip_tracking":false,"_monsterinsights_sitenote_active":false,"_monsterinsights_sitenote_note":"","_monsterinsights_sitenote_category":0,"footnotes":""},"categories":[],"tags":[],"yst_prominent_words":[],"class_list":["post-3466","page","type-page","status-publish","hentry"],"_links":{"self":[{"href":"https:\/\/www.dolospedifen.ch\/fr\/wp-json\/wp\/v2\/pages\/3466","targetHints":{"allow":["GET"]}}],"collection":[{"href":"https:\/\/www.dolospedifen.ch\/fr\/wp-json\/wp\/v2\/pages"}],"about":[{"href":"https:\/\/www.dolospedifen.ch\/fr\/wp-json\/wp\/v2\/types\/page"}],"author":[{"embeddable":true,"href":"https:\/\/www.dolospedifen.ch\/fr\/wp-json\/wp\/v2\/users\/1"}],"replies":[{"embeddable":true,"href":"https:\/\/www.dolospedifen.ch\/fr\/wp-json\/wp\/v2\/comments?post=3466"}],"version-history":[{"count":0,"href":"https:\/\/www.dolospedifen.ch\/fr\/wp-json\/wp\/v2\/pages\/3466\/revisions"}],"wp:attachment":[{"href":"https:\/\/www.dolospedifen.ch\/fr\/wp-json\/wp\/v2\/media?parent=3466"}],"wp:term":[{"taxonomy":"category","embeddable":true,"href":"https:\/\/www.dolospedifen.ch\/fr\/wp-json\/wp\/v2\/categories?post=3466"},{"taxonomy":"post_tag","embeddable":true,"href":"https:\/\/www.dolospedifen.ch\/fr\/wp-json\/wp\/v2\/tags?post=3466"},{"taxonomy":"yst_prominent_words","embeddable":true,"href":"https:\/\/www.dolospedifen.ch\/fr\/wp-json\/wp\/v2\/yst_prominent_words?post=3466"}],"curies":[{"name":"wp","href":"https:\/\/api.w.org\/{rel}","templated":true}]}}