{"id":2362,"date":"2017-12-20T17:53:01","date_gmt":"2017-12-20T16:53:01","guid":{"rendered":"https:\/\/www.dolospedifen.ch\/?page_id=2362"},"modified":"2020-04-30T10:44:55","modified_gmt":"2020-04-30T08:44:55","slug":"fievre-et-symptomes-grippaux","status":"publish","type":"page","link":"https:\/\/www.dolospedifen.ch\/fr\/domaines-de-la-douleur\/fievre-et-symptomes-grippaux\/","title":{"rendered":"Fi\u00e8vre et sympt\u00f4mes grippaux"},"content":{"rendered":"<div class=\"wpb-content-wrapper\">[vc_row css=\u00a0\u00bb.vc_custom_1513691470144{margin-top: 40px !important;}\u00a0\u00bb][vc_column css=\u00a0\u00bb.vc_custom_1513688629508{padding-bottom: 30px !important;background-color: #ffffff !important;}\u00a0\u00bb][mk_fancy_title tag_name=\u00a0\u00bbh1&Prime; color=\u00a0\u00bb#f58b26&Prime; size=\u00a0\u00bb34&Prime; font_weight=\u00a0\u00bb400&Prime; txt_transform=\u00a0\u00bbuppercase\u00a0\u00bb margin_top=\u00a0\u00bb15&Prime; margin_bottom=\u00a0\u00bb10&Prime; font_family=\u00a0\u00bbnone\u00a0\u00bb]Fi\u00e8vre et sympt\u00f4mes grippaux[\/mk_fancy_title][mk_fancy_title color=\u00a0\u00bb#f58b26&Prime; size=\u00a0\u00bb16&Prime; font_weight=\u00a0\u00bb400&Prime; txt_transform=\u00a0\u00bbuppercase\u00a0\u00bb margin_bottom=\u00a0\u00bb10&Prime; font_family=\u00a0\u00bbnone\u00a0\u00bb]Qu\u2019est-ce que c\u2019est[\/mk_fancy_title][vc_column_text css=\u00a0\u00bb.vc_custom_1514469443658{margin-bottom: 0px !important;}\u00a0\u00bb]La\u00a0<strong>fi\u00e8vre<\/strong>\u00a0est une manifestation fr\u00e9quente de nombreuses maladies. C\u2019est souvent une infection qui provoque l\u2019augmentation de temp\u00e9rature, m\u00eame si la fi\u00e8vre peut accompagner d\u2019autres conditions. Parmi les infections les plus communes caract\u00e9ris\u00e9es par la pr\u00e9sence de fi\u00e8vre, il y a la\u00a0<strong>grippe<\/strong>\u00a0et ce qu\u2019on appelle les\u00a0<strong>\u00e9tats grippaux<\/strong>, les infections virales qui sont transmises par le malade \u00e0 d\u2019autres personnes principalement \u00e0 travers les minuscules gouttelettes \u00e9mises, lorsqu\u2019il \u00e9ternue, qu\u2019il tousse ou m\u00eame simplement qu\u2019il parle. La transmission peut aussi survenir par le contact avec des objets ou des surfaces sur lesquels le virus est pr\u00e9sent et qui entre ensuite en contact avec la bouche ou le nez.[\/vc_column_text][\/vc_column][\/vc_row][vc_row css=\u00a0\u00bb.vc_custom_1513780995783{margin-top: 0px !important;background-color: #ffffff !important;}\u00a0\u00bb][vc_column width=\u00a0\u00bb3\/4&Prime; css=\u00a0\u00bb.vc_custom_1513781003634{padding-bottom: 30px !important;}\u00a0\u00bb][mk_fancy_title color=\u00a0\u00bb#f58b26&Prime; size=\u00a0\u00bb16&Prime; font_weight=\u00a0\u00bb400&Prime; txt_transform=\u00a0\u00bbuppercase\u00a0\u00bb margin_top=\u00a0\u00bb15&Prime; margin_bottom=\u00a0\u00bb0&Prime; font_family=\u00a0\u00bbnone\u00a0\u00bb]Classification[\/mk_fancy_title][vc_column_text css=\u00a0\u00bb.vc_custom_1514469464482{margin-bottom: 0px !important;}\u00a0\u00bb]La fi\u00e8vre est un \u00e9tat du corps o\u00f9 la temp\u00e9rature augmente en r\u00e9action \u00e0 des influences internes ou externes. La fi\u00e8vre contribue \u00e0 l\u2019activation de la r\u00e9ponse du syst\u00e8me immunitaire \u00e0 une infection.<br \/>\nOn parle de fi\u00e8vre en pr\u00e9sence de temp\u00e9ratures sup\u00e9rieures \u00e0 la temp\u00e9rature normale ; sup\u00e9rieure \u00e0<\/p>\n<ul>\n<li>37\u00b0C si elle est mesur\u00e9e sous les aisselles<\/li>\n<li>37.5\u00b0C si elle est mesur\u00e9e dans la bouche<\/li>\n<li>37.5\u00b0C si elle est mesur\u00e9e par voie rectale<\/li>\n<li>38\u00b0C si elle est mesur\u00e9e dans les oreilles<\/li>\n<\/ul>\n[\/vc_column_text][\/vc_column][vc_column width=\u00a0\u00bb1\/4&Prime;][vc_single_image image=\u00a0\u00bb2930&Prime; img_size=\u00a0\u00bbfull\u00a0\u00bb alignment=\u00a0\u00bbcenter\u00a0\u00bb][\/vc_column][\/vc_row][vc_row css=\u00a0\u00bb.vc_custom_1513780995783{margin-top: 0px !important;background-color: #ffffff !important;}\u00a0\u00bb][vc_column css=\u00a0\u00bb.vc_custom_1513781003634{padding-bottom: 30px !important;}\u00a0\u00bb][mk_fancy_title color=\u00a0\u00bb#f58b26&Prime; size=\u00a0\u00bb16&Prime; font_weight=\u00a0\u00bb400&Prime; txt_transform=\u00a0\u00bbuppercase\u00a0\u00bb margin_top=\u00a0\u00bb15&Prime; margin_bottom=\u00a0\u00bb0&Prime; font_family=\u00a0\u00bbnone\u00a0\u00bb]Sympt\u00f4mes[\/mk_fancy_title][vc_column_text css=\u00a0\u00bb.vc_custom_1514469483737{margin-bottom: 0px !important;}\u00a0\u00bb]Les sympt\u00f4mes de la fi\u00e8vre due \u00e0 des \u00e9tats grippaux sont, en plus d\u2019une temp\u00e9rature sup\u00e9rieure \u00e0 la normale, des manifestations g\u00e9n\u00e9rales telles que douleurs osseuses et musculaires, maux de t\u00eate, sueurs et frissons.[\/vc_column_text][\/vc_column][\/vc_row][vc_row css=\u00a0\u00bb.vc_custom_1513780995783{margin-top: 0px !important;background-color: #ffffff !important;}\u00a0\u00bb][vc_column css=\u00a0\u00bb.vc_custom_1513781003634{padding-bottom: 30px !important;}\u00a0\u00bb][mk_fancy_title color=\u00a0\u00bb#f58b26&Prime; size=\u00a0\u00bb16&Prime; font_weight=\u00a0\u00bb400&Prime; txt_transform=\u00a0\u00bbuppercase\u00a0\u00bb margin_top=\u00a0\u00bb15&Prime; margin_bottom=\u00a0\u00bb0&Prime; font_family=\u00a0\u00bbnone\u00a0\u00bb]Conseils[\/mk_fancy_title][vc_column_text css=\u00a0\u00bb.vc_custom_1514469502704{margin-bottom: 0px !important;}\u00a0\u00bb]Quand les sympt\u00f4mes sont apparus, il est possible de recourir \u00e0 des\u00a0<strong>m\u00e9dicaments d\u2019autom\u00e9dication qui aident \u00e0 les soulager<\/strong>, sans toutefois les annuler compl\u00e8tement. Les m\u00e9dicaments les plus commun\u00e9ment utilis\u00e9s sont ceux symptomatiques qui permettent de diminuer la temp\u00e9rature et de soulager les douleurs, des m\u00e9dicaments d\u2019autom\u00e9dication comme par exemple, l\u2019<strong>Ibuprof\u00e8ne<\/strong>. L\u2019utilisation de ces m\u00e9dicaments d\u2019autom\u00e9dication est recommand\u00e9e pour un traitement de courte dur\u00e9e (3 jours maximum). Pour un traitement de longue dur\u00e9e, consultez imp\u00e9rativement votre m\u00e9decin.<\/p>\n<p>En plus des m\u00e9dicaments symptomatiques, il est utile d\u2019adopter des mesures comportementales:\u00a0<strong>repos au lit<\/strong>,\u00a0<strong>bonne hydratation<\/strong>,\u00a0<strong>humidification des lieux<\/strong>\u00a0et arr\u00eat du tabac et de la consommation d\u2019alcool sont indiqu\u00e9s.[\/vc_column_text][\/vc_column][\/vc_row][vc_row css=\u00a0\u00bb.vc_custom_1513784064536{margin-top: 0px !important;background-color: #ffffff !important;}\u00a0\u00bb][vc_column width=\u00a0\u00bb1\/12&Prime; css=\u00a0\u00bb.vc_custom_1513784056783{padding-bottom: 30px !important;}\u00a0\u00bb][\/vc_column][vc_column width=\u00a0\u00bb10\/12&Prime;][vc_basic_grid post_type=\u00a0\u00bbpage\u00a0\u00bb max_items=\u00a0\u00bb-1&Prime; gap=\u00a0\u00bb5&Prime; order=\u00a0\u00bbASC\u00a0\u00bb item=\u00a0\u00bb795&Prime; initial_loading_animation=\u00a0\u00bbnone\u00a0\u00bb grid_id=\u00a0\u00bbvc_gid:1588235839944-d2b5bde0-3889-9&Prime; taxonomies=\u00a0\u00bb422&Prime;][\/vc_column][vc_column width=\u00a0\u00bb1\/12&Prime;][\/vc_column][\/vc_row]\n<\/div>","protected":false},"excerpt":{"rendered":"<p>[vc_row css=\u00a0\u00bb.vc_custom_1513691470144{margin-top: 40px !important;}\u00a0\u00bb][vc_column css=\u00a0\u00bb.vc_custom_1513688629508{padding-bottom: 30px !important;background-color: #ffffff !important;}\u00a0\u00bb][mk_fancy_title tag_name=\u00a0\u00bbh1&Prime; color=\u00a0\u00bb#f58b26&Prime; size=\u00a0\u00bb34&Prime; font_weight=\u00a0\u00bb400&Prime; txt_transform=\u00a0\u00bbuppercase\u00a0\u00bb margin_top=\u00a0\u00bb15&Prime; margin_bottom=\u00a0\u00bb10&Prime; font_family=\u00a0\u00bbnone\u00a0\u00bb]Fi\u00e8vre et sympt\u00f4mes grippaux[\/mk_fancy_title][mk_fancy_title color=\u00a0\u00bb#f58b26&Prime; size=\u00a0\u00bb16&Prime; font_weight=\u00a0\u00bb400&Prime; txt_transform=\u00a0\u00bbuppercase\u00a0\u00bb margin_bottom=\u00a0\u00bb10&Prime; font_family=\u00a0\u00bbnone\u00a0\u00bb]Qu\u2019est-ce que c\u2019est[\/mk_fancy_title][vc_column_text css=\u00a0\u00bb.vc_custom_1514469443658{margin-bottom: 0px !important;}\u00a0\u00bb]La\u00a0fi\u00e8vre\u00a0est une manifestation fr\u00e9quente de nombreuses maladies. C\u2019est souvent une infection qui provoque l\u2019augmentation de temp\u00e9rature, m\u00eame si la fi\u00e8vre peut accompagner d\u2019autres conditions. Parmi [&hellip;]<\/p>\n","protected":false},"author":2,"featured_media":2918,"parent":2300,"menu_order":0,"comment_status":"closed","ping_status":"closed","template":"","meta":{"_monsterinsights_skip_tracking":false,"_monsterinsights_sitenote_active":false,"_monsterinsights_sitenote_note":"","_monsterinsights_sitenote_category":0,"footnotes":""},"categories":[891],"tags":[],"yst_prominent_words":[1299,1291,165,1298,1296,1288,1285,1286,106,1289,1287,1714,1293,1279,1713,1297,1300,1295,1226,1292],"class_list":["post-2362","page","type-page","status-publish","has-post-thumbnail","hentry","category-aree-del-dolore-fr"],"_links":{"self":[{"href":"https:\/\/www.dolospedifen.ch\/fr\/wp-json\/wp\/v2\/pages\/2362","targetHints":{"allow":["GET"]}}],"collection":[{"href":"https:\/\/www.dolospedifen.ch\/fr\/wp-json\/wp\/v2\/pages"}],"about":[{"href":"https:\/\/www.dolospedifen.ch\/fr\/wp-json\/wp\/v2\/types\/page"}],"author":[{"embeddable":true,"href":"https:\/\/www.dolospedifen.ch\/fr\/wp-json\/wp\/v2\/users\/2"}],"replies":[{"embeddable":true,"href":"https:\/\/www.dolospedifen.ch\/fr\/wp-json\/wp\/v2\/comments?post=2362"}],"version-history":[{"count":0,"href":"https:\/\/www.dolospedifen.ch\/fr\/wp-json\/wp\/v2\/pages\/2362\/revisions"}],"up":[{"embeddable":true,"href":"https:\/\/www.dolospedifen.ch\/fr\/wp-json\/wp\/v2\/pages\/2300"}],"wp:featuredmedia":[{"embeddable":true,"href":"https:\/\/www.dolospedifen.ch\/fr\/wp-json\/wp\/v2\/media\/2918"}],"wp:attachment":[{"href":"https:\/\/www.dolospedifen.ch\/fr\/wp-json\/wp\/v2\/media?parent=2362"}],"wp:term":[{"taxonomy":"category","embeddable":true,"href":"https:\/\/www.dolospedifen.ch\/fr\/wp-json\/wp\/v2\/categories?post=2362"},{"taxonomy":"post_tag","embeddable":true,"href":"https:\/\/www.dolospedifen.ch\/fr\/wp-json\/wp\/v2\/tags?post=2362"},{"taxonomy":"yst_prominent_words","embeddable":true,"href":"https:\/\/www.dolospedifen.ch\/fr\/wp-json\/wp\/v2\/yst_prominent_words?post=2362"}],"curies":[{"name":"wp","href":"https:\/\/api.w.org\/{rel}","templated":true}]}}