{"id":2355,"date":"2017-12-20T17:47:52","date_gmt":"2017-12-20T16:47:52","guid":{"rendered":"https:\/\/www.dolospedifen.ch\/?page_id=2355"},"modified":"2020-04-30T10:47:00","modified_gmt":"2020-04-30T08:47:00","slug":"maux-de-dents","status":"publish","type":"page","link":"https:\/\/www.dolospedifen.ch\/fr\/domaines-de-la-douleur\/maux-de-dents\/","title":{"rendered":"Maux de dents"},"content":{"rendered":"<div class=\"wpb-content-wrapper\">[vc_row css=\u00a0\u00bb.vc_custom_1513691470144{margin-top: 40px !important;}\u00a0\u00bb][vc_column css=\u00a0\u00bb.vc_custom_1513688629508{padding-bottom: 30px !important;background-color: #ffffff !important;}\u00a0\u00bb][mk_fancy_title tag_name=\u00a0\u00bbh1&Prime; color=\u00a0\u00bb#f58b26&Prime; size=\u00a0\u00bb34&Prime; font_weight=\u00a0\u00bb400&Prime; txt_transform=\u00a0\u00bbuppercase\u00a0\u00bb margin_top=\u00a0\u00bb15&Prime; margin_bottom=\u00a0\u00bb10&Prime; font_family=\u00a0\u00bbnone\u00a0\u00bb]Maux de dents[\/mk_fancy_title][mk_fancy_title color=\u00a0\u00bb#f58b26&Prime; size=\u00a0\u00bb16&Prime; font_weight=\u00a0\u00bb400&Prime; txt_transform=\u00a0\u00bbuppercase\u00a0\u00bb margin_bottom=\u00a0\u00bb10&Prime; font_family=\u00a0\u00bbnone\u00a0\u00bb]Qu\u2019est-ce que c\u2019est[\/mk_fancy_title][vc_column_text css=\u00a0\u00bb.vc_custom_1514469239764{margin-bottom: 0px !important;}\u00a0\u00bb]Les douleurs dentaires sont un trouble tr\u00e8s commun: la douleur, localis\u00e9e au niveau des dents et de la m\u00e2choire, commence en g\u00e9n\u00e9ral de fa\u00e7on soudaine avec une intensit\u00e9 qui peut aller d\u2019une sensation de g\u00eane \u00e0 une\u00a0<strong>douleur tr\u00e8s intense<\/strong>. Dans certains cas, elle est provoqu\u00e9e par\u00a0<strong>l\u2019exposition au froid, au chaud, au contact avec des aliments ou des boissons sucr\u00e9es<\/strong>\u00a0ou par la simple mastication, d\u2019autres fois elle se pr\u00e9sente sans \u00e9l\u00e9ment d\u00e9clencheur ; elle peut durer un court moment, jusqu\u2019\u00e0 ce que le stimulus qui l\u2019a d\u00e9clench\u00e9e ait disparu, ou \u00eatre continue.[\/vc_column_text][\/vc_column][\/vc_row][vc_row css=\u00a0\u00bb.vc_custom_1513780995783{margin-top: 0px !important;background-color: #ffffff !important;}\u00a0\u00bb][vc_column width=\u00a0\u00bb3\/4&Prime; css=\u00a0\u00bb.vc_custom_1513781003634{padding-bottom: 30px !important;}\u00a0\u00bb][mk_fancy_title color=\u00a0\u00bb#f58b26&Prime; size=\u00a0\u00bb16&Prime; font_weight=\u00a0\u00bb400&Prime; txt_transform=\u00a0\u00bbuppercase\u00a0\u00bb margin_top=\u00a0\u00bb15&Prime; margin_bottom=\u00a0\u00bb0&Prime; font_family=\u00a0\u00bbnone\u00a0\u00bb]Typologies\/causes[\/mk_fancy_title][vc_column_text css=\u00a0\u00bb.vc_custom_1514469260571{margin-bottom: 0px !important;}\u00a0\u00bb]De nombreuses causes des douleurs dentaires sont imputables \u00e0 une\u00a0<strong>mauvaise hygi\u00e8ne bucco-dentaire<\/strong>\u00a0qui constitue un facteur important dans l\u2019apparition de\u00a0<strong>caries<\/strong>. Les douleurs dentaires peuvent \u00e9galement \u00eatre provoqu\u00e9es par l\u2019inflammation de la pulpe de la dent (<strong>pulpite<\/strong>) ou par la pr\u00e9sence d\u2019un\u00a0<strong>abc\u00e8s\u00a0<\/strong>; elles peuvent \u00e9galement survenir en m\u00eame temps que l\u2019\u00e9ruption d\u2019une\u00a0<strong>dent de sagesse<\/strong>\u00a0ou \u00eatre la cons\u00e9quence d\u2019un\u00a0<strong>traumatisme<\/strong>.[\/vc_column_text][\/vc_column][vc_column width=\u00a0\u00bb1\/4&Prime;][vc_single_image image=\u00a0\u00bb2929&Prime; img_size=\u00a0\u00bbfull\u00a0\u00bb alignment=\u00a0\u00bbcenter\u00a0\u00bb][\/vc_column][\/vc_row][vc_row css=\u00a0\u00bb.vc_custom_1513780995783{margin-top: 0px !important;background-color: #ffffff !important;}\u00a0\u00bb][vc_column css=\u00a0\u00bb.vc_custom_1513781003634{padding-bottom: 30px !important;}\u00a0\u00bb][vc_column_text css=\u00a0\u00bb.vc_custom_1514469275437{margin-bottom: 0px !important;}\u00a0\u00bb]Quand l\u2019\u00e9rosion provoqu\u00e9e par la carie est telle qu\u2019elle a d\u00e9truit l\u2019\u00e9mail (couche la plus superficielle de la dent), la dentine en-dessous (le mat\u00e9riau qui constitue la structure interne de la dent) est expos\u00e9e \u00e0 l\u2019ext\u00e9rieur. La dentine contient en son sein des tubulures microscopiques qui permettent aux stimuli externes (chaud, froid, nourriture sucr\u00e9e) de stimuler la pulpe de la dent qui risque ainsi une inflammation. Voil\u00e0 pourquoi quand on commence \u00e0 avoir mal aux dents \u00e0 cause d\u2019une dent cari\u00e9e, la douleur fait g\u00e9n\u00e9ralement suite \u00e0 l\u2019exposition \u00e0 un stimulus. Une situation de plus grande sensibilit\u00e9 de la dent au froid et au chaud peut aussi \u00eatre due \u00e0 d\u2019autres causes : en particulier en pr\u00e9sence d\u2019une fracture dans la dent, en cas d\u2019exposition d\u2019une racine ou d\u2019une maladie des gencives.<br \/>\nQuand la carie est plus profonde et que la dent est plus gravement endommag\u00e9e, on v\u00e9rifie au contraire s\u2019il y a une inflammation directe de la pulpe, c\u2019est-\u00e0-dire une\u00a0<strong>pulpite<\/strong>. La douleur peut \u00e9galement \u00eatre spontan\u00e9e et avoir tendance \u00e0 durer plus longtemps ; il est cependant possible que, m\u00eame dans ce cas, les douleurs dentaires soient d\u00e9clench\u00e9es par l\u2019exposition au chaud et au froid. Parfois la souffrance au niveau de la pulpe est si importante qu\u2019elle provoque des dommages irr\u00e9versibles.<\/p>\n<p>Une carie ou une pulpite qui n\u2019ont pas \u00e9t\u00e9 soign\u00e9es de fa\u00e7on ad\u00e9quate peuvent donner lieu \u00e0 la formation d\u2019un\u00a0<strong>abc\u00e8s<\/strong>, une infection pr\u00e9sentant une formation de pus \u00e0 l\u2019int\u00e9rieur. On peut suspecter son apparition quand la dent devient sensible \u00e0 la compression et \u00e0 la percussion. Dans ces cas, les douleurs dentaires sont souvent accompagn\u00e9es par un gonflement, de la fi\u00e8vre et une saveur d\u00e9sagr\u00e9able en bouche.<br \/>\nD\u2019autres fois, les douleurs accompagnent l\u2019\u00e9ruption d\u2019une dent. Le cas des dents de sagesse est typique, en particulier celles du bas. Ici la douleur est due \u00e0 l\u2019inflammation de la gencive qui recouvre et entoure la dent qui surgit. Il s\u2019agit de ce qu\u2019on appelle une\u00a0<strong>p\u00e9ricoronite<\/strong>, qui se pr\u00e9sente parfois avec une s\u00e9cr\u00e9tion purulente et une douleur qui empire avec la mastication.[\/vc_column_text][\/vc_column][\/vc_row][vc_row css=\u00a0\u00bb.vc_custom_1513780995783{margin-top: 0px !important;background-color: #ffffff !important;}\u00a0\u00bb][vc_column css=\u00a0\u00bb.vc_custom_1513781003634{padding-bottom: 30px !important;}\u00a0\u00bb][mk_fancy_title color=\u00a0\u00bb#f58b26&Prime; size=\u00a0\u00bb16&Prime; font_weight=\u00a0\u00bb400&Prime; txt_transform=\u00a0\u00bbuppercase\u00a0\u00bb margin_top=\u00a0\u00bb15&Prime; margin_bottom=\u00a0\u00bb0&Prime; font_family=\u00a0\u00bbnone\u00a0\u00bb]Sympt\u00f4mes[\/mk_fancy_title][vc_column_text css=\u00a0\u00bb.vc_custom_1514469303091{margin-bottom: 0px !important;}\u00a0\u00bb]Les caract\u00e9ristiques avec lesquelles la douleur se manifeste peuvent donner des indices sur la cause des douleurs dentaires.<br \/>\nQuand la douleur appara\u00eet seule, suite \u00e0 l\u2019exposition \u00e0 un stimulus d\u00e9clenchant et a tendance \u00e0 ne pas persister une fois le stimulus disparu, on peut penser en premier lieu \u00e0 une pulpite r\u00e9versible qui co\u00efncide en g\u00e9n\u00e9ral avec une carie peu profonde.<\/p>\n<p>Au contraire, une douleur qui dure dans le temps apr\u00e8s avoir \u00e9t\u00e9 provoqu\u00e9e ou qui appara\u00eet spontan\u00e9ment et qui persiste fait penser \u00e0 un dommage plus grave avec une inflammation irr\u00e9versible de la pulpe et de la dent. Parfois, apr\u00e8s avoir souffert pendant longtemps, la douleur dispara\u00eet spontan\u00e9ment. Dans ce cas, l\u2019apparition de la douleur peut sugg\u00e9rer que la pulpe de la dent se soit n\u00e9cros\u00e9e, un peu comme si elle s\u2019est d\u00e9vitalis\u00e9e spontan\u00e9ment. Une douleur constante qui empire quand on m\u00e2che et qu\u2019on mord et o\u00f9 la dent en question est identifi\u00e9e avec pr\u00e9cision fait penser \u00e0 la pr\u00e9sence d\u2019un abc\u00e8s. Un gonflement un peu fluctuant de la muqueuse peut parfois \u00eatre visible et souvent la joue semble gonfl\u00e9e et douloureuse.[\/vc_column_text][\/vc_column][\/vc_row][vc_row css=\u00a0\u00bb.vc_custom_1513780995783{margin-top: 0px !important;background-color: #ffffff !important;}\u00a0\u00bb][vc_column css=\u00a0\u00bb.vc_custom_1513781003634{padding-bottom: 30px !important;}\u00a0\u00bb][mk_fancy_title color=\u00a0\u00bb#f58b26&Prime; size=\u00a0\u00bb16&Prime; font_weight=\u00a0\u00bb400&Prime; txt_transform=\u00a0\u00bbuppercase\u00a0\u00bb margin_top=\u00a0\u00bb15&Prime; margin_bottom=\u00a0\u00bb0&Prime; font_family=\u00a0\u00bbnone\u00a0\u00bb]Suggestions[\/mk_fancy_title][vc_column_text css=\u00a0\u00bb.vc_custom_1514469321707{margin-bottom: 0px !important;}\u00a0\u00bb]Comme pour de nombreuses autres maladies, pour les douleurs dentaires, la pr\u00e9vention est sans aucun doute la premi\u00e8re mesure \u00e0 prendre.<br \/>\n<strong>Se laver les dents r\u00e9guli\u00e8rement deux fois par jour<\/strong>, en brossant aussi d\u00e9licatement les gencives et la langue et en soignant la propret\u00e9 interdentaire,\u00a0<strong>limiter l\u2019apport en aliments sucr\u00e9s<\/strong>,\u00a0<strong>\u00e9viter de fumer<\/strong>, effectuer des\u00a0<strong>contr\u00f4les r\u00e9guliers chez le dentiste\u00a0<\/strong>: de simples mesures qui contribuent \u00e0 garder des dents et des gencives en bonne sant\u00e9. Quand, malgr\u00e9 les mesures pr\u00e9ventives, les douleurs dentaires surgissent tout de m\u00eame, il est important de savoir que dans certains cas, il est n\u00e9cessaire de s\u2019adresser imm\u00e9diatement \u00e0 un dentiste ou \u00e0 un m\u00e9decin.[\/vc_column_text][\/vc_column][\/vc_row][vc_row css=\u00a0\u00bb.vc_custom_1513780995783{margin-top: 0px !important;background-color: #ffffff !important;}\u00a0\u00bb][vc_column css=\u00a0\u00bb.vc_custom_1513781003634{padding-bottom: 30px !important;}\u00a0\u00bb][vc_column_text css=\u00a0\u00bb.vc_custom_1514469335203{margin-bottom: 0px !important;}\u00a0\u00bb]\n<div class=\"su-accordion\">\n<div class=\"su-spoiler su-spoiler-style-default su-spoiler-icon-plus\">\n<div class=\"su-spoiler-content su-clearfix\">\n<div class=\"su-accordion\">\n<div class=\"su-spoiler su-spoiler-style-default su-spoiler-icon-plus\">\n<div class=\"su-spoiler-content su-clearfix\">\n<div class=\"su-accordion\">\n<div class=\"su-spoiler su-spoiler-style-default su-spoiler-icon-plus\">\n<div class=\"su-spoiler-content su-clearfix\">\n<p>Il est en particulier n\u00e9cessaire de consulter au plus t\u00f4t un m\u00e9decin quand les douleurs dentaires s\u2019accompagnent de fi\u00e8vre ; la pr\u00e9sence de celle-ci peut en effet indiquer qu\u2019il y a une infection en cours. Une propagation de la douleur, avec apparition de maux de t\u00eate, pr\u00e9sence d\u2019un gonflement au niveau du palais ou apparition d\u2019un trouble de la vision doit aussi inciter \u00e0 s\u2019adresser imm\u00e9diatement \u00e0 un m\u00e9decin.<br \/>\nQuand consulter un dentiste en urgence :<\/p>\n<ul>\n<li>fi\u00e8vre ;<\/li>\n<li>maux de t\u00eate ;<\/li>\n<li>gonflement du palais ;<\/li>\n<li>troubles de la vision.<\/li>\n<\/ul>\n<\/div>\n<\/div>\n<\/div>\n<p>En attendant la visite, il est possible d\u2019adopter quelques mesures qui aident \u00e0 ma\u00eetriser les douleurs dentaires :<\/p>\n<ul>\n<li>prendre un\u00a0<strong>m\u00e9dicament<\/strong>\u00a0d\u2019autom\u00e9dication contenant des principes actifs comme\u00a0<strong>l\u2019Ibuprof\u00e8ne\u00a0<\/strong>;<\/li>\n<li>se laver les dents \u00e0 l\u2019eau ti\u00e8de ;<\/li>\n<li>proc\u00e9der \u00e0 un nettoyage soign\u00e9 en enlevant d\u2019\u00e9ventuels r\u00e9sidus de nourriture entre les dents gr\u00e2ce \u00e0 du fil dentaire.<\/li>\n<\/ul>\n<\/div>\n<\/div>\n<\/div>\n<\/div>\n<\/div>\n<\/div>\n[\/vc_column_text][\/vc_column][\/vc_row][vc_row css=\u00a0\u00bb.vc_custom_1513784064536{margin-top: 0px !important;background-color: #ffffff !important;}\u00a0\u00bb][vc_column width=\u00a0\u00bb1\/12&Prime; css=\u00a0\u00bb.vc_custom_1513784056783{padding-bottom: 30px !important;}\u00a0\u00bb][\/vc_column][vc_column width=\u00a0\u00bb10\/12&Prime;][vc_basic_grid post_type=\u00a0\u00bbpage\u00a0\u00bb max_items=\u00a0\u00bb-1&Prime; gap=\u00a0\u00bb5&Prime; order=\u00a0\u00bbASC\u00a0\u00bb item=\u00a0\u00bb795&Prime; initial_loading_animation=\u00a0\u00bbnone\u00a0\u00bb grid_id=\u00a0\u00bbvc_gid:1588235897221-71403aa3-ead4-5&Prime; taxonomies=\u00a0\u00bb422&Prime;][\/vc_column][vc_column width=\u00a0\u00bb1\/12&Prime;][\/vc_column][\/vc_row]\n<\/div>","protected":false},"excerpt":{"rendered":"<p>[vc_row css=\u00a0\u00bb.vc_custom_1513691470144{margin-top: 40px !important;}\u00a0\u00bb][vc_column css=\u00a0\u00bb.vc_custom_1513688629508{padding-bottom: 30px !important;background-color: #ffffff !important;}\u00a0\u00bb][mk_fancy_title tag_name=\u00a0\u00bbh1&Prime; color=\u00a0\u00bb#f58b26&Prime; size=\u00a0\u00bb34&Prime; font_weight=\u00a0\u00bb400&Prime; txt_transform=\u00a0\u00bbuppercase\u00a0\u00bb margin_top=\u00a0\u00bb15&Prime; margin_bottom=\u00a0\u00bb10&Prime; font_family=\u00a0\u00bbnone\u00a0\u00bb]Maux de dents[\/mk_fancy_title][mk_fancy_title color=\u00a0\u00bb#f58b26&Prime; size=\u00a0\u00bb16&Prime; font_weight=\u00a0\u00bb400&Prime; txt_transform=\u00a0\u00bbuppercase\u00a0\u00bb margin_bottom=\u00a0\u00bb10&Prime; font_family=\u00a0\u00bbnone\u00a0\u00bb]Qu\u2019est-ce que c\u2019est[\/mk_fancy_title][vc_column_text css=\u00a0\u00bb.vc_custom_1514469239764{margin-bottom: 0px !important;}\u00a0\u00bb]Les douleurs dentaires sont un trouble tr\u00e8s commun: la douleur, localis\u00e9e au niveau des dents et de la m\u00e2choire, commence en g\u00e9n\u00e9ral de fa\u00e7on soudaine avec [&hellip;]<\/p>\n","protected":false},"author":2,"featured_media":2915,"parent":2300,"menu_order":0,"comment_status":"closed","ping_status":"closed","template":"","meta":{"_monsterinsights_skip_tracking":false,"_monsterinsights_sitenote_active":false,"_monsterinsights_sitenote_note":"","_monsterinsights_sitenote_category":0,"footnotes":""},"categories":[891],"tags":[],"yst_prominent_words":[1270,1258,1716,1257,1261,1715,1276,1251,1250,1237,101,1264,1272,1265,1259,1262,1275,1260,1271,1119],"class_list":["post-2355","page","type-page","status-publish","has-post-thumbnail","hentry","category-aree-del-dolore-fr"],"_links":{"self":[{"href":"https:\/\/www.dolospedifen.ch\/fr\/wp-json\/wp\/v2\/pages\/2355","targetHints":{"allow":["GET"]}}],"collection":[{"href":"https:\/\/www.dolospedifen.ch\/fr\/wp-json\/wp\/v2\/pages"}],"about":[{"href":"https:\/\/www.dolospedifen.ch\/fr\/wp-json\/wp\/v2\/types\/page"}],"author":[{"embeddable":true,"href":"https:\/\/www.dolospedifen.ch\/fr\/wp-json\/wp\/v2\/users\/2"}],"replies":[{"embeddable":true,"href":"https:\/\/www.dolospedifen.ch\/fr\/wp-json\/wp\/v2\/comments?post=2355"}],"version-history":[{"count":0,"href":"https:\/\/www.dolospedifen.ch\/fr\/wp-json\/wp\/v2\/pages\/2355\/revisions"}],"up":[{"embeddable":true,"href":"https:\/\/www.dolospedifen.ch\/fr\/wp-json\/wp\/v2\/pages\/2300"}],"wp:featuredmedia":[{"embeddable":true,"href":"https:\/\/www.dolospedifen.ch\/fr\/wp-json\/wp\/v2\/media\/2915"}],"wp:attachment":[{"href":"https:\/\/www.dolospedifen.ch\/fr\/wp-json\/wp\/v2\/media?parent=2355"}],"wp:term":[{"taxonomy":"category","embeddable":true,"href":"https:\/\/www.dolospedifen.ch\/fr\/wp-json\/wp\/v2\/categories?post=2355"},{"taxonomy":"post_tag","embeddable":true,"href":"https:\/\/www.dolospedifen.ch\/fr\/wp-json\/wp\/v2\/tags?post=2355"},{"taxonomy":"yst_prominent_words","embeddable":true,"href":"https:\/\/www.dolospedifen.ch\/fr\/wp-json\/wp\/v2\/yst_prominent_words?post=2355"}],"curies":[{"name":"wp","href":"https:\/\/api.w.org\/{rel}","templated":true}]}}