{"id":2333,"date":"2017-12-20T16:46:15","date_gmt":"2017-12-20T15:46:15","guid":{"rendered":"https:\/\/www.dolospedifen.ch\/?page_id=2333"},"modified":"2020-04-30T10:49:57","modified_gmt":"2020-04-30T08:49:57","slug":"maux-de-tete","status":"publish","type":"page","link":"https:\/\/www.dolospedifen.ch\/fr\/domaines-de-la-douleur\/maux-de-tete\/","title":{"rendered":"Maux de t\u00eate"},"content":{"rendered":"<div class=\"wpb-content-wrapper\">[vc_row css=\u00a0\u00bb.vc_custom_1513691470144{margin-top: 40px !important;}\u00a0\u00bb][vc_column css=\u00a0\u00bb.vc_custom_1513688629508{padding-bottom: 30px !important;background-color: #ffffff !important;}\u00a0\u00bb][mk_fancy_title tag_name=\u00a0\u00bbh1&Prime; color=\u00a0\u00bb#f58b26&Prime; size=\u00a0\u00bb34&Prime; font_weight=\u00a0\u00bb400&Prime; txt_transform=\u00a0\u00bbuppercase\u00a0\u00bb margin_top=\u00a0\u00bb15&Prime; margin_bottom=\u00a0\u00bb10&Prime; font_family=\u00a0\u00bbnone\u00a0\u00bb]Maux de t\u00eate[\/mk_fancy_title][mk_fancy_title color=\u00a0\u00bb#f58b26&Prime; size=\u00a0\u00bb16&Prime; font_weight=\u00a0\u00bb400&Prime; txt_transform=\u00a0\u00bbuppercase\u00a0\u00bb margin_bottom=\u00a0\u00bb10&Prime; font_family=\u00a0\u00bbnone\u00a0\u00bb]Qu\u2019est-ce que c\u2019est[\/mk_fancy_title][vc_column_text css=\u00a0\u00bb.vc_custom_1514468722546{margin-bottom: 0px !important;}\u00a0\u00bb]Le\u00a0<strong>mal de t\u00eate est l\u2019une des douleurs les plus fr\u00e9quentes<\/strong>. Un peu moins de la moiti\u00e9 de la population indique en avoir souffert au cours de l\u2019ann\u00e9e pr\u00e9c\u00e9dente, tandis que presque les deux tiers en ont souffert au cours de leur vie.[\/vc_column_text][\/vc_column][\/vc_row][vc_row css=\u00a0\u00bb.vc_custom_1513780995783{margin-top: 0px !important;background-color: #ffffff !important;}\u00a0\u00bb][vc_column width=\u00a0\u00bb3\/4&Prime; css=\u00a0\u00bb.vc_custom_1513781003634{padding-bottom: 30px !important;}\u00a0\u00bb][mk_fancy_title color=\u00a0\u00bb#f58b26&Prime; size=\u00a0\u00bb16&Prime; font_weight=\u00a0\u00bb400&Prime; txt_transform=\u00a0\u00bbuppercase\u00a0\u00bb margin_top=\u00a0\u00bb15&Prime; margin_bottom=\u00a0\u00bb0&Prime; font_family=\u00a0\u00bbnone\u00a0\u00bb]Typologie des maux de t\u00eate[\/mk_fancy_title][vc_column_text css=\u00a0\u00bb.vc_custom_1514468740842{margin-bottom: 0px !important;}\u00a0\u00bb]Il existe deux formes de c\u00e9phal\u00e9es, les primaires et les secondaires. La forme primaire (mal de t\u00eate commun \u00e9galement appel\u00e9 c\u00e9phal\u00e9e de tension) est plus fr\u00e9quente que la forme secondaire. Le mal de t\u00eate de type primaire se caract\u00e9rise par une douleur aigu\u00eb d\u2019intensit\u00e9 l\u00e9g\u00e8re \u00e0 mod\u00e9r\u00e9e. Le mal de t\u00eate de type secondaire se caract\u00e9rise par des apparitions soudaines, inhabituelles et avec des douleurs intenses. Ce type de manifestation n\u00e9cessite une visite m\u00e9dicale.[\/vc_column_text][\/vc_column][vc_column width=\u00a0\u00bb1\/4&Prime;][vc_single_image image=\u00a0\u00bb2931&Prime; img_size=\u00a0\u00bbfull\u00a0\u00bb alignment=\u00a0\u00bbcenter\u00a0\u00bb][\/vc_column][\/vc_row][vc_row css=\u00a0\u00bb.vc_custom_1513780995783{margin-top: 0px !important;background-color: #ffffff !important;}\u00a0\u00bb][vc_column css=\u00a0\u00bb.vc_custom_1513781003634{padding-bottom: 30px !important;}\u00a0\u00bb][mk_fancy_title color=\u00a0\u00bb#f58b26&Prime; size=\u00a0\u00bb16&Prime; font_weight=\u00a0\u00bb400&Prime; txt_transform=\u00a0\u00bbuppercase\u00a0\u00bb margin_top=\u00a0\u00bb15&Prime; margin_bottom=\u00a0\u00bb0&Prime; font_family=\u00a0\u00bbnone\u00a0\u00bb]Sympt\u00f4mes[\/mk_fancy_title][vc_column_text css=\u00a0\u00bb.vc_custom_1514468766164{margin-bottom: 0px !important;}\u00a0\u00bb]La c\u00e9phal\u00e9e de tension se pr\u00e9sente avec des\u00a0<strong>manifestations typiques<\/strong>\u00a0et les conna\u00eetre peut aider la personne qui a mal \u00e0 la t\u00eate \u00e0 savoir comment se comporter.<\/p>\n<p>Voici les sympt\u00f4mes de la c\u00e9phal\u00e9e de tension.[\/vc_column_text][mk_table]\n<table width=\"100%\">\n<thead>\n<tr>\n<th colspan=\"2\"><strong>C\u00e9phal\u00e9e de tension<\/strong><\/th>\n<\/tr>\n<\/thead>\n<tbody>\n<tr>\n<td>Dur\u00e9e de la douleur<\/td>\n<td>de 30 minutes \u00e0 plusieurs jours<\/td>\n<\/tr>\n<tr>\n<td>Caract\u00e9ristiques de la douleur<\/td>\n<td>\u00e9tau-cercle autour de la t\u00eate<\/td>\n<\/tr>\n<tr>\n<td>Intensit\u00e9 de la douleur<\/td>\n<td>l\u00e9g\u00e8re ou mod\u00e9r\u00e9e<\/td>\n<\/tr>\n<tr>\n<td>Localisation de la douleur<\/td>\n<td>bilat\u00e9rale<\/td>\n<\/tr>\n<tr>\n<td>Rapport avec l\u2019activit\u00e9 physique<\/td>\n<td>n\u2019empire pas avec l\u2019activit\u00e9 physique<\/td>\n<\/tr>\n<tr>\n<td>Sympt\u00f4mes associ\u00e9s<\/td>\n<td>naus\u00e9es et vomissements, parfois hypersensibilit\u00e9 \u00e0 la lumi\u00e8re et au bruit<\/td>\n<\/tr>\n<\/tbody>\n<\/table>\n[\/mk_table][vc_column_text css=\u00a0\u00bb.vc_custom_1514468878394{margin-bottom: 0px !important;}\u00a0\u00bb]Du moment o\u00f9 les divers types de maux de t\u00eate ont des caract\u00e9ristiques diff\u00e9rentes, il est important que la personne qui en souffre soit en mesure de les d\u00e9crire avec pr\u00e9cision au m\u00e9decin. C\u2019est pour cette raison qu\u2019il est utile de tenir un \u00ab<strong>journal du mal de t\u00eate<\/strong>\u00bb o\u00f9 reporter la fr\u00e9quence et les caract\u00e9ristiques des \u00e9pisodes. Cela peut, en effet, faciliter grandement le parcours vers le diagnostic et cela peut \u00e9galement permettre \u00e0 la personne qui souffre de maux de t\u00eate \u00e0 comprendre quand elle peut recourir \u00e0 l\u2019autom\u00e9dication et quand au contraire, l\u2019avis d\u2019un m\u00e9decin est n\u00e9cessaire.<br \/>\nAlors qu\u2019une c\u00e9phal\u00e9e occasionnelle peut \u00eatre ais\u00e9ment trait\u00e9e avec un m\u00e9dicament d\u2019auto-m\u00e9dication, une forme qui se r\u00e9p\u00e8te avec une certaine fr\u00e9quence doit inciter \u00e0 s\u2019adresser \u00e0 un m\u00e9decin. \u00c9videmment, il est toujours utile d\u2019aller chez un m\u00e9decin dans les cas o\u00f9 la douleur est forte, persistante et quand elle interf\u00e8re avec la qualit\u00e9 de vie.<\/p>\n<p><strong>Conditions dans lesquelles il est indiqu\u00e9 de s\u2019adresser \u00e0 un m\u00e9decin<\/strong>\u00a0(parfois en urgence) :<\/p>\n<ul>\n<li>douleur de type migraineux de forte intensit\u00e9 ;<\/li>\n<li>c\u00e9phal\u00e9e qui interf\u00e8re avec la qualit\u00e9 de vie ;<\/li>\n<li>c\u00e9phal\u00e9e plus de 2 fois par semaine ;<\/li>\n<li>douleur qui modifie ses caract\u00e9ristiques ;<\/li>\n<li>c\u00e9phal\u00e9e accompagn\u00e9e de : fi\u00e8vre importante, confusion, faiblesse, apr\u00e8s un traumatisme cr\u00e2nien, douleur aigu\u00eb \u2013 forte \u2013 soudaine.<\/li>\n<\/ul>\n<p>En ce qui concerne la\u00a0<strong>c\u00e9phal\u00e9e de tension<\/strong>, une des r\u00e8gles est de\u00a0<strong>prendre l\u2019analg\u00e9sique d\u00e8s l\u2019apparition des premiers sympt\u00f4mes<\/strong>\u00a0et au\u00a0<strong>dosage le plus bas<\/strong>\u00a0permettant d\u2019obtenir un contr\u00f4le complet des sympt\u00f4mes le plus rapidement possible.<br \/>\nEn g\u00e9n\u00e9ral, les\u00a0<strong>AINS<\/strong>\u00a0(anti-inflammatoires non st\u00e9ro\u00efdiens)\u00a0<strong>comme l\u2019Ibuprof\u00e8ne<\/strong>\u00a0sont efficaces contre la douleur caus\u00e9e par une c\u00e9phal\u00e9e de tension.[\/vc_column_text][\/vc_column][\/vc_row][vc_row css=\u00a0\u00bb.vc_custom_1513784064536{margin-top: 0px !important;background-color: #ffffff !important;}\u00a0\u00bb][vc_column width=\u00a0\u00bb1\/12&Prime; css=\u00a0\u00bb.vc_custom_1513784056783{padding-bottom: 30px !important;}\u00a0\u00bb][\/vc_column][vc_column width=\u00a0\u00bb10\/12&Prime;][vc_basic_grid post_type=\u00a0\u00bbpage\u00a0\u00bb max_items=\u00a0\u00bb-1&Prime; gap=\u00a0\u00bb5&Prime; order=\u00a0\u00bbASC\u00a0\u00bb item=\u00a0\u00bb795&Prime; initial_loading_animation=\u00a0\u00bbnone\u00a0\u00bb grid_id=\u00a0\u00bbvc_gid:1588235704973-6a2fc733-bf00-8&Prime; taxonomies=\u00a0\u00bb422&Prime;][\/vc_column][vc_column width=\u00a0\u00bb1\/12&Prime;][\/vc_column][\/vc_row]\n<\/div>","protected":false},"excerpt":{"rendered":"<p>[vc_row css=\u00a0\u00bb.vc_custom_1513691470144{margin-top: 40px !important;}\u00a0\u00bb][vc_column css=\u00a0\u00bb.vc_custom_1513688629508{padding-bottom: 30px !important;background-color: #ffffff !important;}\u00a0\u00bb][mk_fancy_title tag_name=\u00a0\u00bbh1&Prime; color=\u00a0\u00bb#f58b26&Prime; size=\u00a0\u00bb34&Prime; font_weight=\u00a0\u00bb400&Prime; txt_transform=\u00a0\u00bbuppercase\u00a0\u00bb margin_top=\u00a0\u00bb15&Prime; margin_bottom=\u00a0\u00bb10&Prime; font_family=\u00a0\u00bbnone\u00a0\u00bb]Maux de t\u00eate[\/mk_fancy_title][mk_fancy_title color=\u00a0\u00bb#f58b26&Prime; size=\u00a0\u00bb16&Prime; font_weight=\u00a0\u00bb400&Prime; txt_transform=\u00a0\u00bbuppercase\u00a0\u00bb margin_bottom=\u00a0\u00bb10&Prime; font_family=\u00a0\u00bbnone\u00a0\u00bb]Qu\u2019est-ce que c\u2019est[\/mk_fancy_title][vc_column_text css=\u00a0\u00bb.vc_custom_1514468722546{margin-bottom: 0px !important;}\u00a0\u00bb]Le\u00a0mal de t\u00eate est l\u2019une des douleurs les plus fr\u00e9quentes. Un peu moins de la moiti\u00e9 de la population indique en avoir souffert au cours de [&hellip;]<\/p>\n","protected":false},"author":2,"featured_media":2912,"parent":2300,"menu_order":0,"comment_status":"closed","ping_status":"closed","template":"","meta":{"_monsterinsights_skip_tracking":false,"_monsterinsights_sitenote_active":false,"_monsterinsights_sitenote_note":"","_monsterinsights_sitenote_category":0,"footnotes":""},"categories":[891],"tags":[],"yst_prominent_words":[1194,1218,1214,1209,1208,1144,1215,1210,1205,1203,1201,1217,1213,1206,1200,1202,1199,1216,1195,1193],"class_list":["post-2333","page","type-page","status-publish","has-post-thumbnail","hentry","category-aree-del-dolore-fr"],"_links":{"self":[{"href":"https:\/\/www.dolospedifen.ch\/fr\/wp-json\/wp\/v2\/pages\/2333","targetHints":{"allow":["GET"]}}],"collection":[{"href":"https:\/\/www.dolospedifen.ch\/fr\/wp-json\/wp\/v2\/pages"}],"about":[{"href":"https:\/\/www.dolospedifen.ch\/fr\/wp-json\/wp\/v2\/types\/page"}],"author":[{"embeddable":true,"href":"https:\/\/www.dolospedifen.ch\/fr\/wp-json\/wp\/v2\/users\/2"}],"replies":[{"embeddable":true,"href":"https:\/\/www.dolospedifen.ch\/fr\/wp-json\/wp\/v2\/comments?post=2333"}],"version-history":[{"count":0,"href":"https:\/\/www.dolospedifen.ch\/fr\/wp-json\/wp\/v2\/pages\/2333\/revisions"}],"up":[{"embeddable":true,"href":"https:\/\/www.dolospedifen.ch\/fr\/wp-json\/wp\/v2\/pages\/2300"}],"wp:featuredmedia":[{"embeddable":true,"href":"https:\/\/www.dolospedifen.ch\/fr\/wp-json\/wp\/v2\/media\/2912"}],"wp:attachment":[{"href":"https:\/\/www.dolospedifen.ch\/fr\/wp-json\/wp\/v2\/media?parent=2333"}],"wp:term":[{"taxonomy":"category","embeddable":true,"href":"https:\/\/www.dolospedifen.ch\/fr\/wp-json\/wp\/v2\/categories?post=2333"},{"taxonomy":"post_tag","embeddable":true,"href":"https:\/\/www.dolospedifen.ch\/fr\/wp-json\/wp\/v2\/tags?post=2333"},{"taxonomy":"yst_prominent_words","embeddable":true,"href":"https:\/\/www.dolospedifen.ch\/fr\/wp-json\/wp\/v2\/yst_prominent_words?post=2333"}],"curies":[{"name":"wp","href":"https:\/\/api.w.org\/{rel}","templated":true}]}}