{"id":2300,"date":"2017-12-20T15:22:02","date_gmt":"2017-12-20T14:22:02","guid":{"rendered":"https:\/\/www.dolospedifen.ch\/?page_id=2300"},"modified":"2018-02-08T07:38:03","modified_gmt":"2018-02-08T06:38:03","slug":"domaines-de-la-douleur","status":"publish","type":"page","link":"https:\/\/www.dolospedifen.ch\/fr\/domaines-de-la-douleur\/","title":{"rendered":"Domaines de la douleur"},"content":{"rendered":"<div class=\"wpb-content-wrapper\">[vc_row css=\u00a0\u00bb.vc_custom_1513691470144{margin-top: 40px !important;}\u00a0\u00bb][vc_column css=\u00a0\u00bb.vc_custom_1513688629508{padding-bottom: 30px !important;background-color: #ffffff !important;}\u00a0\u00bb][mk_fancy_title tag_name=\u00a0\u00bbh1&Prime; color=\u00a0\u00bb#f58b26&Prime; size=\u00a0\u00bb34&Prime; font_weight=\u00a0\u00bb400&Prime; margin_top=\u00a0\u00bb15&Prime; margin_bottom=\u00a0\u00bb10&Prime; font_family=\u00a0\u00bbnone\u00a0\u00bb]QU\u2019EST-CE QUE LA DOULEUR[\/mk_fancy_title][\/vc_column][\/vc_row][vc_row css=\u00a0\u00bb.vc_custom_1518071603585{background-color: #ffffff !important;}\u00a0\u00bb][vc_column width=\u00a0\u00bb1\/12&Prime; css=\u00a0\u00bb.vc_custom_1513782110725{padding-bottom: 30px !important;}\u00a0\u00bb][\/vc_column][vc_column width=\u00a0\u00bb10\/12&Prime;][vc_basic_grid post_type=\u00a0\u00bbpage\u00a0\u00bb max_items=\u00a0\u00bb-1&Prime; gap=\u00a0\u00bb5&Prime; order=\u00a0\u00bbASC\u00a0\u00bb item=\u00a0\u00bb795&Prime; initial_loading_animation=\u00a0\u00bbnone\u00a0\u00bb grid_id=\u00a0\u00bbvc_gid:1518071547695-76293b51-9d14-8&Prime; taxonomies=\u00a0\u00bb422&Prime;][\/vc_column][vc_column width=\u00a0\u00bb1\/12&Prime;][\/vc_column][\/vc_row][vc_row][vc_column css=\u00a0\u00bb.vc_custom_1513688629508{padding-bottom: 30px !important;background-color: #ffffff !important;}\u00a0\u00bb][vc_accordions action_style=\u00a0\u00bbtoggle-action\u00a0\u00bb][vc_accordion_tab title=\u00a0\u00bbD\u00e9finition\u00a0\u00bb][vc_column_text css=\u00a0\u00bb.vc_custom_1514457625742{margin-bottom: 0px !important;}\u00a0\u00bb]Tout le monde a, t\u00f4t ou tard, d\u00e9j\u00e0 \u00e9prouv\u00e9 de la douleur dans sa vie. Il s\u2019agit d\u2019une sensation qui, dans une certaine mesure, peut m\u00eame \u00eatre consid\u00e9r\u00e9e comme utile : que se passerait-il en effet si nous pouvions poser la main sur une plaque br\u00fblante sans \u00e9prouver de douleur ? La douleur est donc un signal qui nous indique que quelque chose ne va pas, qu\u2019il y a par exemple un dommage au niveau d\u2019un organe ou d\u2019un tissu.<br \/>\nCe concept est exprim\u00e9 dans la d\u00e9finition scientifique de la douleur : il s\u2019agit d\u2019<em>\u00abune exp\u00e9rience sensorielle et \u00e9motionnelle d\u00e9sagr\u00e9able associ\u00e9e \u00e0 un dommage tissulaire r\u00e9el ou potentiel ou d\u00e9crite en termes de ce dommage\u00bb<\/em>.[\/vc_column_text][\/vc_accordion_tab][vc_accordion_tab title=\u00a0\u00bbDouleur aigu\u00eb et douleur chronique\u00a0\u00bb][vc_column_text css=\u00a0\u00bb.vc_custom_1514457646967{margin-bottom: 0px !important;}\u00a0\u00bb]\u00c0 son tour, la douleur peut \u00eatre d\u00e9finie selon sa dur\u00e9e. On parle en effet de\u00a0<strong>douleur aigu\u00eb<\/strong>\u00a0et de\u00a0<strong>douleur chronique\u00a0<\/strong>; cette derni\u00e8re est consid\u00e9r\u00e9e comme telle quand sa dur\u00e9e est sup\u00e9rieure \u00e0 3 mois. Alors que la douleur aigu\u00eb peut \u00eatre utile quand elle sert de signal d\u2019alarme pour nous pr\u00e9venir que quelque chose ne va pas ; en g\u00e9n\u00e9ral, la douleur chronique est souvent \u00abinutile\u00bb, elle n\u2019a pas pour but de nous signaler un probl\u00e8me. Dans le cas o\u00f9 une douleur chronique se manifeste, il est n\u00e9cessaire de s\u2019adresser \u00e0 un m\u00e9decin.[\/vc_column_text][\/vc_accordion_tab][vc_accordion_tab title=\u00a0\u00bbL\u2019\u00e9chelle de mesure de la douleur\u00a0\u00bb][vc_column_text css=\u00a0\u00bb.vc_custom_1514457675357{margin-bottom: 0px !important;}\u00a0\u00bb]La douleur est une exp\u00e9rience subjective, mais lorsque l\u2019on cherche une aide pour la r\u00e9duire, il est utile de savoir en expliquer les caract\u00e9ristiques, en commen\u00e7ant par l\u2019intensit\u00e9. Mais comment mesure-t-on la douleur ? La meilleure fa\u00e7on est de recourir \u00e0 une \u00ab\u00e9chelle\u00bb de mesure. L\u2019EVA (\u00e9chelle visuelle analogique pour la douleur) est parmi les plus utilis\u00e9es : il s\u2019agit d\u2019une ligne de 10 centim\u00e8tres qui relie un point 0 (aucune douleur) au point 10 (douleur maximum possible).<\/p>\n<p>La personne qui souhaite \u00abmesurer\u00bb l\u2019intensit\u00e9 de la douleur qu\u2019elle \u00e9prouve indique un point le long de la ligne. Sa distance par rapport au z\u00e9ro (mesur\u00e9e en millim\u00e8tres) indique une certaine valeur correspondant \u00e0 l\u2019intensit\u00e9 de la douleur subie. La douleur est une exp\u00e9rience subjective, mais lorsque l\u2019on cherche une aide pour la r\u00e9duire, il est utile de savoir en expliquer les caract\u00e9ristiques, en commen\u00e7ant par l\u2019intensit\u00e9.[\/vc_column_text][vc_single_image image=\u00a0\u00bb2540&Prime; img_size=\u00a0\u00bbfull\u00a0\u00bb alignment=\u00a0\u00bbcenter\u00a0\u00bb][vc_column_text css=\u00a0\u00bb.vc_custom_1514467054637{margin-bottom: 0px !important;}\u00a0\u00bb]Une autre \u00e9chelle de mesure simple est l\u2019\u00e9chelle verbale EVS, selon laquelle la douleur \u00e9prouv\u00e9e est d\u00e9finie par une d\u00e9finition pr\u00e9d\u00e9termin\u00e9e (aucune, tr\u00e8s l\u00e9g\u00e8re, l\u00e9g\u00e8re, mod\u00e9r\u00e9e, forte, tr\u00e8s forte).[\/vc_column_text][vc_single_image image=\u00a0\u00bb2541&Prime; img_size=\u00a0\u00bbfull\u00a0\u00bb alignment=\u00a0\u00bbcenter\u00a0\u00bb][vc_column_text css=\u00a0\u00bb.vc_custom_1514467123126{margin-bottom: 0px !important;}\u00a0\u00bb]En plus de l\u2019intensit\u00e9, il est \u00e9galement utile de reporter les caract\u00e9ristiques de la douleur, car celles-ci peuvent aider le m\u00e9decin \u00e0 d\u00e9terminer la cause de la douleur. La douleur pourra donc \u00eatre qualifi\u00e9e de vive, compressive, comme quelque chose qui \u00abtire\u00bb ou qui \u00abbr\u00fble\u00bb, comme une barre qui p\u00e8se lourd, comme un cercle qui se resserre.[\/vc_column_text][\/vc_accordion_tab][vc_accordion_tab title=\u00a0\u00bbDomaines de la douleur\u00a0\u00bb][vc_column_text css=\u00a0\u00bb.vc_custom_1514467205997{margin-bottom: 0px !important;}\u00a0\u00bb]Les conditions les plus souvent responsables de l\u2019apparition d\u2019une douleur aigu\u00eb qui peut \u00eatre affront\u00e9e en premier lieu avec une auto-m\u00e9dication sont vari\u00e9es. Les plus communes comprennent\u00a0<a title=\"maux de t\u00eate\" href=\"\/fr\/domaines-de-la-douleur\/maux-de-tete\/\" target=\"_blank\" rel=\"noopener\">maux de t\u00eate<\/a>,\u00a0<a title=\"maux de dents\" href=\"\/fr\/domaines-de-la-douleur\/maux-de-dents\/\" target=\"_blank\" rel=\"noopener\">maux de dents<\/a>,\u00a0<a title=\"maux de dos\" href=\"\/fr\/domaines-de-la-douleur\/maux-de-dos\/\" target=\"_blank\" rel=\"noopener\">maux de dos<\/a>,\u00a0<a title=\"douleurs menstruelles\" href=\"\/fr\/domaines-de-la-douleur\/douleurs-menstruelles\/\" target=\"_blank\" rel=\"noopener\">douleurs menstruelles<\/a>,\u00a0<a title=\"douleurs musculaires\" href=\"\/fr\/domaines-de-la-douleur\/douleurs-au-niveau-des-articulations-et-des-ligaments\/\" target=\"_blank\" rel=\"noopener\">douleurs musculaires et douleurs au niveau des articulations et des ligaments<\/a>. En outre, la douleur peut \u00eatre pr\u00e9sente au cours de maladies g\u00e9n\u00e9rales comme dans le cas d\u2019une grippe.[\/vc_column_text][\/vc_accordion_tab][\/vc_accordions][\/vc_column][\/vc_row]\n<\/div>","protected":false},"excerpt":{"rendered":"<p>[vc_row css=\u00a0\u00bb.vc_custom_1513691470144{margin-top: 40px !important;}\u00a0\u00bb][vc_column css=\u00a0\u00bb.vc_custom_1513688629508{padding-bottom: 30px !important;background-color: #ffffff !important;}\u00a0\u00bb][mk_fancy_title tag_name=\u00a0\u00bbh1&Prime; color=\u00a0\u00bb#f58b26&Prime; size=\u00a0\u00bb34&Prime; font_weight=\u00a0\u00bb400&Prime; margin_top=\u00a0\u00bb15&Prime; margin_bottom=\u00a0\u00bb10&Prime; font_family=\u00a0\u00bbnone\u00a0\u00bb]QU\u2019EST-CE QUE LA DOULEUR[\/mk_fancy_title][\/vc_column][\/vc_row][vc_row css=\u00a0\u00bb.vc_custom_1518071603585{background-color: #ffffff !important;}\u00a0\u00bb][vc_column width=\u00a0\u00bb1\/12&Prime; css=\u00a0\u00bb.vc_custom_1513782110725{padding-bottom: 30px !important;}\u00a0\u00bb][\/vc_column][vc_column width=\u00a0\u00bb10\/12&Prime;][vc_basic_grid post_type=\u00a0\u00bbpage\u00a0\u00bb max_items=\u00a0\u00bb-1&Prime; gap=\u00a0\u00bb5&Prime; order=\u00a0\u00bbASC\u00a0\u00bb item=\u00a0\u00bb795&Prime; initial_loading_animation=\u00a0\u00bbnone\u00a0\u00bb grid_id=\u00a0\u00bbvc_gid:1518071547695-76293b51-9d14-8&Prime; taxonomies=\u00a0\u00bb422&Prime;][\/vc_column][vc_column width=\u00a0\u00bb1\/12&Prime;][\/vc_column][\/vc_row][vc_row][vc_column css=\u00a0\u00bb.vc_custom_1513688629508{padding-bottom: 30px !important;background-color: #ffffff !important;}\u00a0\u00bb][vc_accordions action_style=\u00a0\u00bbtoggle-action\u00a0\u00bb][vc_accordion_tab title=\u00a0\u00bbD\u00e9finition\u00a0\u00bb][vc_column_text css=\u00a0\u00bb.vc_custom_1514457625742{margin-bottom: 0px !important;}\u00a0\u00bb]Tout le monde a, t\u00f4t ou tard, d\u00e9j\u00e0 \u00e9prouv\u00e9 de [&hellip;]<\/p>\n","protected":false},"author":2,"featured_media":0,"parent":0,"menu_order":0,"comment_status":"closed","ping_status":"closed","template":"","meta":{"_monsterinsights_skip_tracking":false,"_monsterinsights_sitenote_active":false,"_monsterinsights_sitenote_note":"","_monsterinsights_sitenote_category":0,"footnotes":""},"categories":[],"tags":[],"yst_prominent_words":[1144,1151,1167,1154,1156,1155,1388,1153,1160,1162,1148,1149,1157,1158,1164,1150,1159,1163,1161,1152],"class_list":["post-2300","page","type-page","status-publish","hentry"],"_links":{"self":[{"href":"https:\/\/www.dolospedifen.ch\/fr\/wp-json\/wp\/v2\/pages\/2300","targetHints":{"allow":["GET"]}}],"collection":[{"href":"https:\/\/www.dolospedifen.ch\/fr\/wp-json\/wp\/v2\/pages"}],"about":[{"href":"https:\/\/www.dolospedifen.ch\/fr\/wp-json\/wp\/v2\/types\/page"}],"author":[{"embeddable":true,"href":"https:\/\/www.dolospedifen.ch\/fr\/wp-json\/wp\/v2\/users\/2"}],"replies":[{"embeddable":true,"href":"https:\/\/www.dolospedifen.ch\/fr\/wp-json\/wp\/v2\/comments?post=2300"}],"version-history":[{"count":0,"href":"https:\/\/www.dolospedifen.ch\/fr\/wp-json\/wp\/v2\/pages\/2300\/revisions"}],"wp:attachment":[{"href":"https:\/\/www.dolospedifen.ch\/fr\/wp-json\/wp\/v2\/media?parent=2300"}],"wp:term":[{"taxonomy":"category","embeddable":true,"href":"https:\/\/www.dolospedifen.ch\/fr\/wp-json\/wp\/v2\/categories?post=2300"},{"taxonomy":"post_tag","embeddable":true,"href":"https:\/\/www.dolospedifen.ch\/fr\/wp-json\/wp\/v2\/tags?post=2300"},{"taxonomy":"yst_prominent_words","embeddable":true,"href":"https:\/\/www.dolospedifen.ch\/fr\/wp-json\/wp\/v2\/yst_prominent_words?post=2300"}],"curies":[{"name":"wp","href":"https:\/\/api.w.org\/{rel}","templated":true}]}}