{"id":2293,"date":"2017-12-20T14:23:38","date_gmt":"2017-12-20T13:23:38","guid":{"rendered":"https:\/\/www.dolospedifen.ch\/?page_id=2293"},"modified":"2024-08-15T15:16:01","modified_gmt":"2024-08-15T13:16:01","slug":"gamme","status":"publish","type":"page","link":"https:\/\/www.dolospedifen.ch\/fr\/gamme\/","title":{"rendered":"Gamme"},"content":{"rendered":"<div class=\"wpb-content-wrapper\">[vc_row css=\u00a0\u00bb.vc_custom_1513691470144{margin-top: 40px !important;}\u00a0\u00bb][vc_column css=\u00a0\u00bb.vc_custom_1513688629508{padding-bottom: 30px !important;background-color: #ffffff !important;}\u00a0\u00bb][mk_fancy_title tag_name=\u00a0\u00bbh1&Prime; color=\u00a0\u00bb#f58b26&Prime; size=\u00a0\u00bb34&Prime; font_weight=\u00a0\u00bb400&Prime; margin_top=\u00a0\u00bb15&Prime; margin_bottom=\u00a0\u00bb10&Prime; font_family=\u00a0\u00bbnone\u00a0\u00bb]Gamme[\/mk_fancy_title][vc_column_text css=\u00a0\u00bb.vc_custom_1723727687623{margin-bottom: 0px !important;}\u00a0\u00bb]<strong>Dolo-Spedifen forte 400<\/strong>\u00a0et\u00a0<strong>Dolo-Spedifen 200<\/strong>\u00a0contiennent le principe actif\u00a0<a title=\"ibuprof\u00e8ne sous forme de sel d\u2019arginine\" href=\"\/fr\/pourquoi-dolo-spedifen\/\" target=\"_blank\" rel=\"noopener\"><strong>ibuprof\u00e8ne sous forme de sel d\u2019arginine<\/strong><\/a>. L\u2019ibuprof\u00e8ne calme la douleur, exerce un effet anti-inflammatoire et baisse la fi\u00e8vre.<\/p>\n<p><strong>Indications<\/strong><\/p>\n<p><strong>Dolo-Spedifen forte 400<\/strong>\u00a0et\u00a0<strong>Dolo-Spedifen 200<\/strong> sont indiqu\u00e9s pour une courte p\u00e9riode (maximum 3 jours) pour le traitement de maux de t\u00eate, maux de dos, maux de dents, douleurs menstruelles, fi\u00e8vre lors d\u2019\u00e9tats grippaux, douleurs au niveau des articulations et des ligaments et douleurs dues \u00e0 des blessures.[\/vc_column_text][vc_accordions action_style=\u00a0\u00bbtoggle-action\u00a0\u00bb][vc_accordion_tab title=\u00a0\u00bbDolo-Spedifen 200&Prime;][vc_row_inner][vc_column_inner width=\u00a0\u00bb1\/2&Prime;][vc_column_text css=\u00a0\u00bb.vc_custom_1694184516967{margin-bottom: 0px !important;}\u00a0\u00bb]<strong>Posologie<\/strong><br \/>\nAdultes et enfants de plus de 12 ans:<br \/>\nDolo-Spedifen 200, comprim\u00e9s : 1 \u2013 2 comprim\u00e9s avec suffisamment de liquide.<\/p>\n<p>Dose journali\u00e8re maximale : sauf prescription contraire du m\u00e9decin, ne prenez pas plus de 6 comprim\u00e9s de Dolo-Spedifen 200 en l\u2019espace de 24 heures.<\/p>\n<p><strong>Emballages disponibles<\/strong><br \/>\n20 comprim\u00e9s \u00e0 200 mg<\/p>\n<p>Lire la notice d\u2019emballage:<br \/>\n<a class=\"various\" href=\"https:\/\/swissmedicinfo.ch\/showText.aspx?textType=PI&amp;lang=FR&amp;authNr=53616&amp;supportMultipleResults=1\" target=\"_blank\" rel=\"noopener\" data-href=\"http:\/\/www.swissmedicinfo.ch\/ShowText.aspx?textType=PI&amp;lang=fr&amp;authNr=54878\">Dolo-Spedifen 200 mg<\/a>[\/vc_column_text][\/vc_column_inner][vc_column_inner width=\u00a0\u00bb1\/12&Prime;][\/vc_column_inner][vc_column_inner width=\u00a0\u00bb4\/12&Prime;][vc_single_image image=\u00a0\u00bb3351&Prime; img_size=\u00a0\u00bbfull\u00a0\u00bb alignment=\u00a0\u00bbright\u00a0\u00bb][\/vc_column_inner][vc_column_inner width=\u00a0\u00bb1\/12&Prime;][\/vc_column_inner][\/vc_row_inner][\/vc_accordion_tab][vc_accordion_tab title=\u00a0\u00bbDolo-Spedifen forte 400&Prime;][vc_row_inner][vc_column_inner width=\u00a0\u00bb1\/2&Prime;][vc_column_text css=\u00a0\u00bb.vc_custom_1723727724092{margin-bottom: 0px !important;}\u00a0\u00bb]<strong>Posologie<\/strong><br \/>\nAdultes et adolescents \u00e0 partir de 12 ans<br \/>\nDolo-Spedifen forte 400 granul\u00e9: prendre 1 sachet de granul\u00e9 dissous dans un verre d&rsquo;eau.<br \/>\nDolo-Spedifen forte 400 comprim\u00e9s pellicul\u00e9s: prendre 1 comprim\u00e9 pellicul\u00e9 avec suffisamment de liquide.<br \/>\nUn d\u00e9lai de 4 \u00e0 6 heures doit \u00eatre observ\u00e9 avant la prochaine prise.<br \/>\nLors de douleurs menstruelles, il est recommand\u00e9 de commencer le traitement d\u00e8s l&rsquo;apparition des premi\u00e8res douleurs avec 1 sachet de granul\u00e9 ou 1 comprim\u00e9 pellicul\u00e9 de Dolo-Spedifen forte 400.<br \/>\nDose maximale quotidienne : Ne prenez pas plus de 3 sachets de granul\u00e9 ou 3 comprim\u00e9s pellicul\u00e9s de Dolo-Spedifen forte 400 en l&rsquo;espace de 24 heures, sauf prescription contraire du m\u00e9decin.<\/p>\n<p>&nbsp;<\/p>\n<p><strong>Emballages disponibles<\/strong><br \/>\nEmballages \u00e0 10 sachets de granul\u00e9 \u00e0 400 mg.<br \/>\nEmballages \u00e0 10 comprim\u00e9s pellicul\u00e9s \u00e0 400 mg.<\/p>\n<p>Lire la notice d\u2019emballage:<br \/>\n<a class=\"various\" href=\"http:\/\/www.swissmedicinfo.ch\/ShowText.aspx?textType=PI&amp;lang=fr&amp;authNr=56720\" target=\"_blank\" rel=\"noopener\" data-href=\"http:\/\/www.swissmedicinfo.ch\/ShowText.aspx?textType=PI&amp;lang=fr&amp;authNr=56720\">Dolo-Spedifen forte 400 mg<\/a>[\/vc_column_text][\/vc_column_inner][vc_column_inner width=\u00a0\u00bb1\/12&Prime;][\/vc_column_inner][vc_column_inner width=\u00a0\u00bb5\/12&Prime;][vc_single_image image=\u00a0\u00bb3397&Prime; img_size=\u00a0\u00bbfull\u00a0\u00bb alignment=\u00a0\u00bbright\u00a0\u00bb][\/vc_column_inner][\/vc_row_inner][\/vc_accordion_tab][\/vc_accordions][\/vc_column][\/vc_row][vc_row css=\u00a0\u00bb.vc_custom_1513692698333{margin-top: 0px !important;padding-bottom: 50px !important;background-color: #ffffff !important;}\u00a0\u00bb el_class=\u00a0\u00bbattached\u00a0\u00bb][vc_column css=\u00a0\u00bb.vc_custom_1513692112529{padding-bottom: 30px !important;}\u00a0\u00bb][mk_fancy_title tag_name=\u00a0\u00bbh3&Prime; color=\u00a0\u00bb#f58b26&Prime; size=\u00a0\u00bb18&Prime; font_weight=\u00a0\u00bb400&Prime; txt_transform=\u00a0\u00bbnone\u00a0\u00bb margin_top=\u00a0\u00bb15&Prime; margin_bottom=\u00a0\u00bb10&Prime; font_family=\u00a0\u00bbnone\u00a0\u00bb]Consultez aussi:<br \/>\n<a href=\"\/fr\/pourquoi-dolo-spedifen\/\">Pourquoi Dolo-Spedifen<\/a><br \/>\n<a href=\"\/fr\/quest-ce-que-dolo-spedifen\/\">Qu\u2019est-ce que Dolo-Spedifen<\/a>[\/mk_fancy_title][\/vc_column][\/vc_row]\n<\/div>","protected":false},"excerpt":{"rendered":"<p>[vc_row css=\u00a0\u00bb.vc_custom_1513691470144{margin-top: 40px !important;}\u00a0\u00bb][vc_column css=\u00a0\u00bb.vc_custom_1513688629508{padding-bottom: 30px !important;background-color: #ffffff !important;}\u00a0\u00bb][mk_fancy_title tag_name=\u00a0\u00bbh1&Prime; color=\u00a0\u00bb#f58b26&Prime; size=\u00a0\u00bb34&Prime; font_weight=\u00a0\u00bb400&Prime; margin_top=\u00a0\u00bb15&Prime; margin_bottom=\u00a0\u00bb10&Prime; font_family=\u00a0\u00bbnone\u00a0\u00bb]Gamme[\/mk_fancy_title][vc_column_text css=\u00a0\u00bb.vc_custom_1723727687623{margin-bottom: 0px !important;}\u00a0\u00bb]Dolo-Spedifen forte 400\u00a0et\u00a0Dolo-Spedifen 200\u00a0contiennent le principe actif\u00a0ibuprof\u00e8ne sous forme de sel d\u2019arginine. L\u2019ibuprof\u00e8ne calme la douleur, exerce un effet anti-inflammatoire et baisse la fi\u00e8vre. Indications Dolo-Spedifen forte 400\u00a0et\u00a0Dolo-Spedifen 200 sont indiqu\u00e9s pour une courte p\u00e9riode (maximum 3 [&hellip;]<\/p>\n","protected":false},"author":2,"featured_media":0,"parent":0,"menu_order":0,"comment_status":"closed","ping_status":"closed","template":"","meta":{"_monsterinsights_skip_tracking":false,"_monsterinsights_sitenote_active":false,"_monsterinsights_sitenote_note":"","_monsterinsights_sitenote_category":0,"footnotes":""},"categories":[],"tags":[],"yst_prominent_words":[1111,1140,1137,228,1113,1110,1129,1130,1138,1139,1112,1108,1128,1135,1141],"class_list":["post-2293","page","type-page","status-publish","hentry"],"_links":{"self":[{"href":"https:\/\/www.dolospedifen.ch\/fr\/wp-json\/wp\/v2\/pages\/2293","targetHints":{"allow":["GET"]}}],"collection":[{"href":"https:\/\/www.dolospedifen.ch\/fr\/wp-json\/wp\/v2\/pages"}],"about":[{"href":"https:\/\/www.dolospedifen.ch\/fr\/wp-json\/wp\/v2\/types\/page"}],"author":[{"embeddable":true,"href":"https:\/\/www.dolospedifen.ch\/fr\/wp-json\/wp\/v2\/users\/2"}],"replies":[{"embeddable":true,"href":"https:\/\/www.dolospedifen.ch\/fr\/wp-json\/wp\/v2\/comments?post=2293"}],"version-history":[{"count":0,"href":"https:\/\/www.dolospedifen.ch\/fr\/wp-json\/wp\/v2\/pages\/2293\/revisions"}],"wp:attachment":[{"href":"https:\/\/www.dolospedifen.ch\/fr\/wp-json\/wp\/v2\/media?parent=2293"}],"wp:term":[{"taxonomy":"category","embeddable":true,"href":"https:\/\/www.dolospedifen.ch\/fr\/wp-json\/wp\/v2\/categories?post=2293"},{"taxonomy":"post_tag","embeddable":true,"href":"https:\/\/www.dolospedifen.ch\/fr\/wp-json\/wp\/v2\/tags?post=2293"},{"taxonomy":"yst_prominent_words","embeddable":true,"href":"https:\/\/www.dolospedifen.ch\/fr\/wp-json\/wp\/v2\/yst_prominent_words?post=2293"}],"curies":[{"name":"wp","href":"https:\/\/api.w.org\/{rel}","templated":true}]}}