{"id":2287,"date":"2017-12-20T14:14:24","date_gmt":"2017-12-20T13:14:24","guid":{"rendered":"https:\/\/www.dolospedifen.ch\/?page_id=2287"},"modified":"2017-12-28T11:27:02","modified_gmt":"2017-12-28T10:27:02","slug":"pourquoi-dolo-spedifen","status":"publish","type":"page","link":"https:\/\/www.dolospedifen.ch\/fr\/pourquoi-dolo-spedifen\/","title":{"rendered":"Pourquoi Dolo-Spedifen"},"content":{"rendered":"<div class=\"wpb-content-wrapper\">[vc_row css=\u00a0\u00bb.vc_custom_1513691470144{margin-top: 40px !important;}\u00a0\u00bb][vc_column css=\u00a0\u00bb.vc_custom_1513688629508{padding-bottom: 30px !important;background-color: #ffffff !important;}\u00a0\u00bb][mk_fancy_title tag_name=\u00a0\u00bbh1&Prime; color=\u00a0\u00bb#f58b26&Prime; size=\u00a0\u00bb34&Prime; font_weight=\u00a0\u00bb400&Prime; margin_top=\u00a0\u00bb15&Prime; margin_bottom=\u00a0\u00bb10&Prime; font_family=\u00a0\u00bbnone\u00a0\u00bb]Pourquoi Dolo-Spedifen[\/mk_fancy_title][\/vc_column][\/vc_row][vc_row css=\u00a0\u00bb.vc_custom_1513692698333{margin-top: 0px !important;padding-bottom: 50px !important;background-color: #ffffff !important;}\u00a0\u00bb el_class=\u00a0\u00bbattached\u00a0\u00bb][vc_column width=\u00a0\u00bb3\/4&Prime; css=\u00a0\u00bb.vc_custom_1513692112529{padding-bottom: 30px !important;}\u00a0\u00bb][vc_column_text css=\u00a0\u00bb.vc_custom_1514456762336{margin-bottom: 0px !important;}\u00a0\u00bb]<strong>Dolo-Spedifen forte 400<\/strong>\u00a0et\u00a0<strong>Dolo-Spedifen 200<\/strong>\u00a0sont des m\u00e9dicaments \u00e0 base d\u2019arginate d\u2019ibuprof\u00e8ne. L\u2019ibuprof\u00e8ne exerce une action analg\u00e9sique et anti-inflammatoire. L\u2019arginate d\u2019ibuprof\u00e8ne poss\u00e8de les m\u00eames propri\u00e9t\u00e9s pharmacologiques que l\u2019ibuprof\u00e8ne, mais se caract\u00e9rise par une meilleure solubilit\u00e9.[\/vc_column_text][mk_fancy_title tag_name=\u00a0\u00bbh3&Prime; color=\u00a0\u00bb#f58b26&Prime; font_weight=\u00a0\u00bb400&Prime; txt_transform=\u00a0\u00bbuppercase\u00a0\u00bb margin_top=\u00a0\u00bb15&Prime; margin_bottom=\u00a0\u00bb10&Prime; font_family=\u00a0\u00bbnone\u00a0\u00bb]Consultez aussi: <a href=\"\/fr\/quest-ce-que-dolo-spedifen\/\">Qu\u2019est-ce que Dolo-Spedifen<\/a>[\/mk_fancy_title][\/vc_column][vc_column width=\u00a0\u00bb1\/4&Prime;][vc_single_image image=\u00a0\u00bb2288&Prime; img_size=\u00a0\u00bbfull\u00a0\u00bb][\/vc_column][\/vc_row]\n<\/div>","protected":false},"excerpt":{"rendered":"<p>[vc_row css=\u00a0\u00bb.vc_custom_1513691470144{margin-top: 40px !important;}\u00a0\u00bb][vc_column css=\u00a0\u00bb.vc_custom_1513688629508{padding-bottom: 30px !important;background-color: #ffffff !important;}\u00a0\u00bb][mk_fancy_title tag_name=\u00a0\u00bbh1&Prime; color=\u00a0\u00bb#f58b26&Prime; size=\u00a0\u00bb34&Prime; font_weight=\u00a0\u00bb400&Prime; margin_top=\u00a0\u00bb15&Prime; margin_bottom=\u00a0\u00bb10&Prime; font_family=\u00a0\u00bbnone\u00a0\u00bb]Pourquoi Dolo-Spedifen[\/mk_fancy_title][\/vc_column][\/vc_row][vc_row css=\u00a0\u00bb.vc_custom_1513692698333{margin-top: 0px !important;padding-bottom: 50px !important;background-color: #ffffff !important;}\u00a0\u00bb el_class=\u00a0\u00bbattached\u00a0\u00bb][vc_column width=\u00a0\u00bb3\/4&Prime; css=\u00a0\u00bb.vc_custom_1513692112529{padding-bottom: 30px !important;}\u00a0\u00bb][vc_column_text css=\u00a0\u00bb.vc_custom_1514456762336{margin-bottom: 0px !important;}\u00a0\u00bb]Dolo-Spedifen forte 400\u00a0et\u00a0Dolo-Spedifen 200\u00a0sont des m\u00e9dicaments \u00e0 base d\u2019arginate d\u2019ibuprof\u00e8ne. L\u2019ibuprof\u00e8ne exerce une action analg\u00e9sique et anti-inflammatoire. L\u2019arginate d\u2019ibuprof\u00e8ne poss\u00e8de les m\u00eames propri\u00e9t\u00e9s pharmacologiques [&hellip;]<\/p>\n","protected":false},"author":2,"featured_media":0,"parent":0,"menu_order":0,"comment_status":"closed","ping_status":"closed","template":"","meta":{"_monsterinsights_skip_tracking":false,"_monsterinsights_sitenote_active":false,"_monsterinsights_sitenote_note":"","_monsterinsights_sitenote_category":0,"footnotes":""},"categories":[],"tags":[],"yst_prominent_words":[1118,211,101,238,1120,1119],"class_list":["post-2287","page","type-page","status-publish","hentry"],"_links":{"self":[{"href":"https:\/\/www.dolospedifen.ch\/fr\/wp-json\/wp\/v2\/pages\/2287","targetHints":{"allow":["GET"]}}],"collection":[{"href":"https:\/\/www.dolospedifen.ch\/fr\/wp-json\/wp\/v2\/pages"}],"about":[{"href":"https:\/\/www.dolospedifen.ch\/fr\/wp-json\/wp\/v2\/types\/page"}],"author":[{"embeddable":true,"href":"https:\/\/www.dolospedifen.ch\/fr\/wp-json\/wp\/v2\/users\/2"}],"replies":[{"embeddable":true,"href":"https:\/\/www.dolospedifen.ch\/fr\/wp-json\/wp\/v2\/comments?post=2287"}],"version-history":[{"count":0,"href":"https:\/\/www.dolospedifen.ch\/fr\/wp-json\/wp\/v2\/pages\/2287\/revisions"}],"wp:attachment":[{"href":"https:\/\/www.dolospedifen.ch\/fr\/wp-json\/wp\/v2\/media?parent=2287"}],"wp:term":[{"taxonomy":"category","embeddable":true,"href":"https:\/\/www.dolospedifen.ch\/fr\/wp-json\/wp\/v2\/categories?post=2287"},{"taxonomy":"post_tag","embeddable":true,"href":"https:\/\/www.dolospedifen.ch\/fr\/wp-json\/wp\/v2\/tags?post=2287"},{"taxonomy":"yst_prominent_words","embeddable":true,"href":"https:\/\/www.dolospedifen.ch\/fr\/wp-json\/wp\/v2\/yst_prominent_words?post=2287"}],"curies":[{"name":"wp","href":"https:\/\/api.w.org\/{rel}","templated":true}]}}