{"id":2271,"date":"2017-12-19T14:48:22","date_gmt":"2017-12-19T13:48:22","guid":{"rendered":"https:\/\/www.dolospedifen.ch\/?page_id=2271"},"modified":"2024-08-15T14:56:13","modified_gmt":"2024-08-15T12:56:13","slug":"quest-ce-que-dolo-spedifen","status":"publish","type":"page","link":"https:\/\/www.dolospedifen.ch\/fr\/quest-ce-que-dolo-spedifen\/","title":{"rendered":"Qu\u2019est-ce que Dolo-Spedifen"},"content":{"rendered":"<div class=\"wpb-content-wrapper\">[vc_row css=\u00a0\u00bb.vc_custom_1513691470144{margin-top: 40px !important;}\u00a0\u00bb][vc_column css=\u00a0\u00bb.vc_custom_1513688629508{padding-bottom: 30px !important;background-color: #ffffff !important;}\u00a0\u00bb][mk_fancy_title tag_name=\u00a0\u00bbh1&Prime; color=\u00a0\u00bb#f58b26&Prime; size=\u00a0\u00bb34&Prime; font_weight=\u00a0\u00bb400&Prime; margin_top=\u00a0\u00bb15&Prime; margin_bottom=\u00a0\u00bb10&Prime; font_family=\u00a0\u00bbnone\u00a0\u00bb]Qu\u2019est-ce que Dolo-Spedifen[\/mk_fancy_title][vc_column_text css=\u00a0\u00bb.vc_custom_1514456503819{margin-bottom: 0px !important;}\u00a0\u00bb]<strong>Dolo-Spedifen forte 400<\/strong>\u00a0et\u00a0<strong>Dolo-Spedifen 200<\/strong>\u00a0contiennent le principe actif\u00a0<strong><a title=\"ibuprof\u00e8ne sous forme de sel d\u2019arginine\" href=\"\/fr\/pourquoi-dolo-spedifen\/\" target=\"_blank\" rel=\"noopener\">ibuprof\u00e8ne sous forme de sel d\u2019arginine<\/a><\/strong>. Cette substance calme la douleur, exerce un effet anti-inflammatoire et baisse la fi\u00e8vre.<\/p>\n<p>Ces m\u00e9dicaments appartiennent \u00e0 la cat\u00e9gorie des anti-inflammatoires non st\u00e9oridiens (AINS), m\u00e9dicaments en mesure d\u2019agir sur la douleur et sur l\u2019inflammation.[\/vc_column_text][\/vc_column][\/vc_row][vc_row css=\u00a0\u00bb.vc_custom_1513692698333{margin-top: 0px !important;padding-bottom: 50px !important;background-color: #ffffff !important;}\u00a0\u00bb el_class=\u00a0\u00bbattached\u00a0\u00bb][vc_column width=\u00a0\u00bb5\/12&Prime; css=\u00a0\u00bb.vc_custom_1513692112529{padding-bottom: 30px !important;}\u00a0\u00bb][mk_fancy_title color=\u00a0\u00bb#f58b26&Prime; size=\u00a0\u00bb16&Prime; font_weight=\u00a0\u00bb400&Prime; txt_transform=\u00a0\u00bbuppercase\u00a0\u00bb margin_top=\u00a0\u00bb15&Prime; margin_bottom=\u00a0\u00bb10&Prime; font_family=\u00a0\u00bbnone\u00a0\u00bb]O\u00f9 obtenez-vous Dolo-Spedifen[\/mk_fancy_title][vc_column_text css=\u00a0\u00bb.vc_custom_1514456492123{margin-bottom: 0px !important;}\u00a0\u00bb]<strong>Dolo-Spedifen forte 400<\/strong>\u00a0et\u00a0<strong>Dolo-Spedifen 200<\/strong>\u00a0sont des m\u00e9dicaments pour l\u2019auto-m\u00e9dication ; ils peuvent donc \u00eatre achet\u00e9s sans ordonnance. Adressez-vous \u00e0 votre sp\u00e9cialiste de la sant\u00e9 et lisez la notice d\u2019emballage.[\/vc_column_text][\/vc_column][vc_column width=\u00a0\u00bb7\/12&Prime;][vc_single_image image=\u00a0\u00bb3387&Prime; img_size=\u00a0\u00bbfull\u00a0\u00bb][\/vc_column][\/vc_row]\n<\/div>","protected":false},"excerpt":{"rendered":"<p>[vc_row css=\u00a0\u00bb.vc_custom_1513691470144{margin-top: 40px !important;}\u00a0\u00bb][vc_column css=\u00a0\u00bb.vc_custom_1513688629508{padding-bottom: 30px !important;background-color: #ffffff !important;}\u00a0\u00bb][mk_fancy_title tag_name=\u00a0\u00bbh1&Prime; color=\u00a0\u00bb#f58b26&Prime; size=\u00a0\u00bb34&Prime; font_weight=\u00a0\u00bb400&Prime; margin_top=\u00a0\u00bb15&Prime; margin_bottom=\u00a0\u00bb10&Prime; font_family=\u00a0\u00bbnone\u00a0\u00bb]Qu\u2019est-ce que Dolo-Spedifen[\/mk_fancy_title][vc_column_text css=\u00a0\u00bb.vc_custom_1514456503819{margin-bottom: 0px !important;}\u00a0\u00bb]Dolo-Spedifen forte 400\u00a0et\u00a0Dolo-Spedifen 200\u00a0contiennent le principe actif\u00a0ibuprof\u00e8ne sous forme de sel d\u2019arginine. Cette substance calme la douleur, exerce un effet anti-inflammatoire et baisse la fi\u00e8vre. Ces m\u00e9dicaments appartiennent \u00e0 la cat\u00e9gorie des anti-inflammatoires non st\u00e9oridiens [&hellip;]<\/p>\n","protected":false},"author":2,"featured_media":0,"parent":0,"menu_order":0,"comment_status":"closed","ping_status":"closed","template":"","meta":{"_monsterinsights_skip_tracking":false,"_monsterinsights_sitenote_active":false,"_monsterinsights_sitenote_note":"","_monsterinsights_sitenote_category":0,"footnotes":""},"categories":[],"tags":[],"yst_prominent_words":[1117,1115,1111,211,230,231,227,224,1109,232,228,1113,1110,101,1385,1114,233,1116,1112,1108],"class_list":["post-2271","page","type-page","status-publish","hentry"],"_links":{"self":[{"href":"https:\/\/www.dolospedifen.ch\/fr\/wp-json\/wp\/v2\/pages\/2271","targetHints":{"allow":["GET"]}}],"collection":[{"href":"https:\/\/www.dolospedifen.ch\/fr\/wp-json\/wp\/v2\/pages"}],"about":[{"href":"https:\/\/www.dolospedifen.ch\/fr\/wp-json\/wp\/v2\/types\/page"}],"author":[{"embeddable":true,"href":"https:\/\/www.dolospedifen.ch\/fr\/wp-json\/wp\/v2\/users\/2"}],"replies":[{"embeddable":true,"href":"https:\/\/www.dolospedifen.ch\/fr\/wp-json\/wp\/v2\/comments?post=2271"}],"version-history":[{"count":0,"href":"https:\/\/www.dolospedifen.ch\/fr\/wp-json\/wp\/v2\/pages\/2271\/revisions"}],"wp:attachment":[{"href":"https:\/\/www.dolospedifen.ch\/fr\/wp-json\/wp\/v2\/media?parent=2271"}],"wp:term":[{"taxonomy":"category","embeddable":true,"href":"https:\/\/www.dolospedifen.ch\/fr\/wp-json\/wp\/v2\/categories?post=2271"},{"taxonomy":"post_tag","embeddable":true,"href":"https:\/\/www.dolospedifen.ch\/fr\/wp-json\/wp\/v2\/tags?post=2271"},{"taxonomy":"yst_prominent_words","embeddable":true,"href":"https:\/\/www.dolospedifen.ch\/fr\/wp-json\/wp\/v2\/yst_prominent_words?post=2271"}],"curies":[{"name":"wp","href":"https:\/\/api.w.org\/{rel}","templated":true}]}}