{"id":3467,"date":"2025-06-15T20:15:46","date_gmt":"2025-06-15T18:15:46","guid":{"rendered":"https:\/\/www.dolospedifen.ch\/?page_id=3467"},"modified":"2025-06-15T20:15:47","modified_gmt":"2025-06-15T18:15:47","slug":"pharmakovigilanz","status":"publish","type":"page","link":"https:\/\/www.dolospedifen.ch\/de\/pharmakovigilanz\/","title":{"rendered":"Pharmakovigilanz"},"content":{"rendered":"<h1 style=\"margin-top: 40px;\">Pharmakovigilanz Zambon in der Schweiz<\/h1>\n<p>Unerw\u00fcnschte Wirkungen, welche w\u00e4hrend\u00a0\u00a0einer Behandlung auftreten, m\u00fcssen unverz\u00fcglich Ihrem Arzt, Apotheker oder Drogisten gemeldet werden.<\/p>\n<p>F\u00fcr Meldungen \u00fcber vermutete unerw\u00fcnschte Wirkungen seitens von medizinischen Fachpersonen oder von Verbrauchern empfehlen wir, die Anweisungen auf der <a class=\"prevent-navigation\" href=\"https:\/\/www.swissmedic.ch\/swissmedic\/de\/home\/humanarzneimittel\/marktueberwachung\/pharmacovigilance.html\" data-exit-popup=\"true\" data-once=\"exit-popup-message-open\">Swissmedic-Website<\/a> zu befolgen.<\/p>\n<p>Wenn Sie die Pharmakovigilanz Abteilung der Zambon Schweiz direkt kontaktieren m\u00f6chten, k\u00f6nnen Sie:<\/p>\n<ul>\n<li>Telefonieren: <a href=\"tel:0041919604111\">+41 91 9604111<\/a> (Telefonzentrale)<\/li>\n<li>Eine Fax-Nachricht senden: +41 91 9604404<\/li>\n<li>Eine E-Mail senden:\u00a0<a href=\"mailto:drugsafetych@zambongroup.com\">drugsafetych@zambongroup.com<\/a><\/li>\n<\/ul>\n<p><em>Durch die Kontaktaufnahme mit\u00a0ZAMBON SCHWEIZ AG stimmt der Benutzer zu, dass die zur Verf\u00fcgung gestellten Daten ausschliesslich zu Kommunikationszwecken im Rahmen der gesetzlichen Bestimmungen vertraulich behandelt werden. Die Daten sind f\u00fcr den internen Gebrauch bestimmt und d\u00fcrfen nur dann an Dritte weitergegeben werden, wenn dies gesetzlich vorgeschrieben ist.<\/em><\/p>\n","protected":false},"excerpt":{"rendered":"<p>Pharmakovigilanz Zambon in der Schweiz Unerw\u00fcnschte Wirkungen, welche w\u00e4hrend\u00a0\u00a0einer Behandlung auftreten, m\u00fcssen unverz\u00fcglich Ihrem Arzt, Apotheker oder Drogisten gemeldet werden. F\u00fcr Meldungen \u00fcber vermutete unerw\u00fcnschte Wirkungen seitens von medizinischen Fachpersonen oder von Verbrauchern empfehlen wir, die Anweisungen auf der Swissmedic-Website zu befolgen. Wenn Sie die Pharmakovigilanz Abteilung der Zambon Schweiz direkt kontaktieren m\u00f6chten, k\u00f6nnen Sie: [&hellip;]<\/p>\n","protected":false},"author":1,"featured_media":0,"parent":0,"menu_order":0,"comment_status":"closed","ping_status":"closed","template":"","meta":{"_monsterinsights_skip_tracking":false,"_monsterinsights_sitenote_active":false,"_monsterinsights_sitenote_note":"","_monsterinsights_sitenote_category":0,"footnotes":""},"categories":[],"tags":[],"yst_prominent_words":[],"class_list":["post-3467","page","type-page","status-publish","hentry"],"_links":{"self":[{"href":"https:\/\/www.dolospedifen.ch\/de\/wp-json\/wp\/v2\/pages\/3467","targetHints":{"allow":["GET"]}}],"collection":[{"href":"https:\/\/www.dolospedifen.ch\/de\/wp-json\/wp\/v2\/pages"}],"about":[{"href":"https:\/\/www.dolospedifen.ch\/de\/wp-json\/wp\/v2\/types\/page"}],"author":[{"embeddable":true,"href":"https:\/\/www.dolospedifen.ch\/de\/wp-json\/wp\/v2\/users\/1"}],"replies":[{"embeddable":true,"href":"https:\/\/www.dolospedifen.ch\/de\/wp-json\/wp\/v2\/comments?post=3467"}],"version-history":[{"count":0,"href":"https:\/\/www.dolospedifen.ch\/de\/wp-json\/wp\/v2\/pages\/3467\/revisions"}],"wp:attachment":[{"href":"https:\/\/www.dolospedifen.ch\/de\/wp-json\/wp\/v2\/media?parent=3467"}],"wp:term":[{"taxonomy":"category","embeddable":true,"href":"https:\/\/www.dolospedifen.ch\/de\/wp-json\/wp\/v2\/categories?post=3467"},{"taxonomy":"post_tag","embeddable":true,"href":"https:\/\/www.dolospedifen.ch\/de\/wp-json\/wp\/v2\/tags?post=3467"},{"taxonomy":"yst_prominent_words","embeddable":true,"href":"https:\/\/www.dolospedifen.ch\/de\/wp-json\/wp\/v2\/yst_prominent_words?post=3467"}],"curies":[{"name":"wp","href":"https:\/\/api.w.org\/{rel}","templated":true}]}}