{"id":2851,"date":"2019-07-02T11:37:37","date_gmt":"2019-07-02T09:37:37","guid":{"rendered":"https:\/\/www.dolospedifen.ch\/legal-notice\/"},"modified":"2019-07-02T11:49:25","modified_gmt":"2019-07-02T09:49:25","slug":"rechtliche-hinweise","status":"publish","type":"page","link":"https:\/\/www.dolospedifen.ch\/de\/rechtliche-hinweise\/","title":{"rendered":"Rechtliche Hinweise"},"content":{"rendered":"<h1 style=\"margin-top: 40px;\">Rechtliche Hinweise<\/h1>\n<p><em>Letzte Aktualisierung: Juni 2019<\/em><\/p>\n<p>&nbsp;<\/p>\n<h2><strong>Allgemeine Hinweise zur Nutzung der Website<\/strong><\/h2>\n<p>Die Nutzung und der Zugang zu dieser Website bringen mit sich, dass der Benutzer die Allgemeinen Gesch\u00e4ftsbedingungen akzeptiert, welche von Zambon Schweiz AG, Via Industria 13, 6814 Cadempino (nachfolgend \u201eZambon\u201c) nach eigenem Ermessen und jederzeit ge\u00e4ndert werden k\u00f6nnen.<\/p>\n<p>&nbsp;<\/p>\n<h2><strong>Allgemeine Gesch\u00e4ftsbedingungen<\/strong><\/h2>\n<p>Die auf der Website enthaltenen Informationen dienen ausschliesslich der Pr\u00e4sentation von Zambon sowie den Produkten und werden von Zambon regelm\u00e4ssig aktualisiert; Zambon garantiert jedoch nicht deren Richtigkeit und Vollst\u00e4ndigkeit oder die st\u00e4ndige Aktualisierung. Es liegt daher in der Verantwortung des Benutzers, die auf der Website enthaltenen Informationen zu \u00fcberpr\u00fcfen. Die auf dieser Website bereitgestellten Informationen sind f\u00fcr die in der Schweiz ans\u00e4ssige \u00d6ffentlichkeit bestimmt.<\/p>\n<p>Diese Informationen stellen keine Aufforderung oder kein Angebot zum Kauf, Verkauf oder zur Vermarktung der Produkte oder zur Durchf\u00fchrung anderer Arten von Handelsaktionen mit ihnen dar.<\/p>\n<p>Die Informationen \u00fcber die Therapiebereiche, in denen Zambon anwesend ist, d\u00fcrfen in keiner Weise als Gesundheitsberatung verstanden werden. Dem \u00a0Nutzer wird empfohlen, sich f\u00fcr die Diagnosestellung\u00a0und Festlegung der geeigneten Behandlung ausschliesslich an den eigenen Vertrauensarzt zu wenden.<\/p>\n<p>Zambon beh\u00e4lt sich das Recht vor, die Funktionalit\u00e4t der Website jederzeit zu \u00e4ndern, zu unterbrechen oder einzustellen, ohne dass hieraus eine Haftung f\u00fcr Handlungen oder Unterlassungen von Zambon oder Dritten abzuleiten ist.<\/p>\n<p>&nbsp;<\/p>\n<h2><strong>Geistiges Eigentum<\/strong><\/h2>\n<p>Der Inhalt der Website ist vollst\u00e4ndig und ausschliesslich Eigentum von Zambon. Jede Nutzung dieser Inhalte f\u00fcr andere Zwecke als f\u00fcr die rein pers\u00f6nliche Nutzung wird von Zambon rechtlich verfolgt.<\/p>\n<p>Insbesondere sind alle auf dieser Website in Grossbuchstaben erw\u00e4hnten (oder sonst gekennzeichneten) Produktenamen Marken von Zambon und\/oder von Tochtergesellschaften. Jede nicht von Zambon schriftlich genehmigte Nutzung wird strafrechtlich verfolgt.<\/p>\n<p>&nbsp;<\/p>\n<h2><strong>Datenschutzgarantien und Verwendung der personenbezogenen Daten<\/strong><\/h2>\n<p><a href=\"https:\/\/www.zambon.com\/privacy-policy\" target=\"_blank\" rel=\"noopener\">Zambon Datenschutzerkl\u00e4rung<\/a><\/p>\n<p>&nbsp;<\/p>\n<h2><strong>Datenschutzverantwortlicher<\/strong><\/h2>\n<p>Als Inhaberin einer Datensammlung \u00a0hat Zambon Schweiz AG einen Datenschutzverantwortlichen ernannt. Wenn Sie sich an den Datenschutzverantwortlichen wenden m\u00f6chten, um Ihre Rechte aus dem Bundesgesetz \u00fcber den Datenschutz wahrzunehmen, wenden Sie sich bitte unter folgender Adresse an ihn: <a href=\"mailto:dataprotectionCH@zambongroup.com\">dataprotectionCH@zambongroup.com<\/a>.<\/p>\n<p>&nbsp;<\/p>\n<h2><strong>Nutzung der Website durch Minderj\u00e4hrige<\/strong><\/h2>\n<p>Die Websites von Zambon sind f\u00fcr die Nutzung und Konsultation durch vollj\u00e4hrige Personen bestimmt. Anfragen von Minderj\u00e4hrigen werden nicht ber\u00fccksichtigt.<\/p>\n<p>&nbsp;<\/p>\n<h2><strong>Anwendbares Recht und Gerichtsstand<\/strong><\/h2>\n<p>Alle Streitigkeiten \u00fcber, aus oder in irgendeiner Weise im Zusammenhang mit diesen Nutzungsbedingungen unterliegen der ausschliesslichen Zust\u00e4ndigkeit der ordentlichen Gerichte von Lugano sowie dem Schweizer Recht.<\/p>\n<p>&nbsp;<\/p>\n","protected":false},"excerpt":{"rendered":"<p>Rechtliche Hinweise Letzte Aktualisierung: Juni 2019 &nbsp; Allgemeine Hinweise zur Nutzung der Website Die Nutzung und der Zugang zu dieser Website bringen mit sich, dass der Benutzer die Allgemeinen Gesch\u00e4ftsbedingungen akzeptiert, welche von Zambon Schweiz AG, Via Industria 13, 6814 Cadempino (nachfolgend \u201eZambon\u201c) nach eigenem Ermessen und jederzeit ge\u00e4ndert werden k\u00f6nnen. &nbsp; Allgemeine Gesch\u00e4ftsbedingungen Die [&hellip;]<\/p>\n","protected":false},"author":1,"featured_media":0,"parent":0,"menu_order":0,"comment_status":"closed","ping_status":"closed","template":"","meta":{"_monsterinsights_skip_tracking":false,"_monsterinsights_sitenote_active":false,"_monsterinsights_sitenote_note":"","_monsterinsights_sitenote_category":0,"footnotes":""},"categories":[],"tags":[],"yst_prominent_words":[1635,1628,1625,1638,1630,1636,1629,1642,1634,1627,1624,1632,1641,1640,1631,1639,1626,1643,1637,1633],"class_list":["post-2851","page","type-page","status-publish","hentry"],"_links":{"self":[{"href":"https:\/\/www.dolospedifen.ch\/de\/wp-json\/wp\/v2\/pages\/2851","targetHints":{"allow":["GET"]}}],"collection":[{"href":"https:\/\/www.dolospedifen.ch\/de\/wp-json\/wp\/v2\/pages"}],"about":[{"href":"https:\/\/www.dolospedifen.ch\/de\/wp-json\/wp\/v2\/types\/page"}],"author":[{"embeddable":true,"href":"https:\/\/www.dolospedifen.ch\/de\/wp-json\/wp\/v2\/users\/1"}],"replies":[{"embeddable":true,"href":"https:\/\/www.dolospedifen.ch\/de\/wp-json\/wp\/v2\/comments?post=2851"}],"version-history":[{"count":0,"href":"https:\/\/www.dolospedifen.ch\/de\/wp-json\/wp\/v2\/pages\/2851\/revisions"}],"wp:attachment":[{"href":"https:\/\/www.dolospedifen.ch\/de\/wp-json\/wp\/v2\/media?parent=2851"}],"wp:term":[{"taxonomy":"category","embeddable":true,"href":"https:\/\/www.dolospedifen.ch\/de\/wp-json\/wp\/v2\/categories?post=2851"},{"taxonomy":"post_tag","embeddable":true,"href":"https:\/\/www.dolospedifen.ch\/de\/wp-json\/wp\/v2\/tags?post=2851"},{"taxonomy":"yst_prominent_words","embeddable":true,"href":"https:\/\/www.dolospedifen.ch\/de\/wp-json\/wp\/v2\/yst_prominent_words?post=2851"}],"curies":[{"name":"wp","href":"https:\/\/api.w.org\/{rel}","templated":true}]}}