{"id":2394,"date":"2017-12-20T18:52:44","date_gmt":"2017-12-20T17:52:44","guid":{"rendered":"https:\/\/www.dolospedifen.ch\/?page_id=2394"},"modified":"2017-12-28T10:34:54","modified_gmt":"2017-12-28T09:34:54","slug":"glossar-und-faq","status":"publish","type":"page","link":"https:\/\/www.dolospedifen.ch\/de\/glossar-und-faq\/","title":{"rendered":"Glossar und FAQ"},"content":{"rendered":"<div class=\"wpb-content-wrapper\">[vc_row css=&#8220;.vc_custom_1513691470144{margin-top: 40px !important;}&#8220;][vc_column css=&#8220;.vc_custom_1513688629508{padding-bottom: 30px !important;background-color: #ffffff !important;}&#8220;][mk_fancy_title tag_name=&#8220;h1&#8243; color=&#8220;#f58b26&#8243; size=&#8220;34&#8243; font_weight=&#8220;400&#8243; margin_top=&#8220;15&#8243; margin_bottom=&#8220;10&#8243; font_family=&#8220;none&#8220;]Glossar und FAQ[\/mk_fancy_title][mk_fancy_title color=&#8220;#f58b26&#8243; size=&#8220;16&#8243; font_weight=&#8220;400&#8243; txt_transform=&#8220;uppercase&#8220; margin_top=&#8220;15&#8243; margin_bottom=&#8220;10&#8243; font_family=&#8220;none&#8220;]Glossar[\/mk_fancy_title][vc_accordions action_style=&#8220;toggle-action&#8220;][vc_accordion_tab title=&#8220;Arginin&#8220;][vc_column_text css=&#8220;.vc_custom_1514453393872{margin-bottom: 0px !important;}&#8220;]Es handelt sich um eine Aminos\u00e4ure, also einen Bestandteil der Proteine. Die chemische Salzbildung des Arginin mit Molek\u00fclen wie z.B. Ibuprofen verleiht diesem eine verbesserte L\u00f6slichkeit.[\/vc_column_text][\/vc_accordion_tab][vc_accordion_tab title=&#8220;Analgetische Wirkung&#8220;][vc_column_text css=&#8220;.vc_custom_1514453418032{margin-bottom: 0px !important;}&#8220;]Ist die F\u00e4higkeit bestimmter Medikamente zur Hemmung der Schmerzwahrnehmung. Eine analgetische Wirkung besitzen etwa Medikamente wie Paracetamol und die NSAR (Ibuprofen, Naproxen, Diclofenac, Acetylsalicyls\u00e4ure, usw.).[\/vc_column_text][\/vc_accordion_tab][vc_accordion_tab title=&#8220;Schmerz&#8220;][vc_column_text css=&#8220;.vc_custom_1514453437183{margin-bottom: 0px !important;}&#8220;]Der Schmerz wird wissenschaftlich folgenderma\u00dfen definiert: \u201eein unangenehmes Sinnes- und Gef\u00fchlserlebnis, das mit aktueller oder potenzieller Gewebesch\u00e4digung verkn\u00fcpft ist oder mit Begriffen einer solchen Sch\u00e4digung beschrieben wird.\u201c[\/vc_column_text][\/vc_accordion_tab][vc_accordion_tab title=&#8220;Akuter Schmerz&#8220;][vc_column_text css=&#8220;.vc_custom_1514453458959{margin-bottom: 0px !important;}&#8220;]Akute Schmerzen dauern nur f\u00fcr einen kurzen Zeitraum an und treten in der Regel als Folge eines Traumas, einer Krankheit oder eines chirurgischen Eingriffs auf. Normalerweise verschwinden sie im Heilungsverlauf des Prozesses, der ihn verursacht hat.<br \/>\nEin akuter Schmerz kann in mancher Hinsicht als n\u00fctzliches Signal angesehen werden, da er uns darauf aufmerksam macht, dass irgendwo im K\u00f6rper etwas nicht stimmt.[\/vc_column_text][\/vc_accordion_tab][vc_accordion_tab title=&#8220;Chronische Schmerzen&#8220;][vc_column_text css=&#8220;.vc_custom_1514453486391{margin-bottom: 0px !important;}&#8220;]Schmerzen werden als chronisch definiert, wenn sie \u00fcber einen Zeitraum von mehr als 3 Monaten anhalten. In diesem Fall ist der Schmerz h\u00e4ufig \u201esinnlos\u201c geworden und \u00e4hnlich dem neuropathischen Schmerz als eigenst\u00e4ndige Erkrankung anzusehen.[\/vc_column_text][\/vc_accordion_tab][vc_accordion_tab title=&#8220;NSAR&#8220;][vc_column_text css=&#8220;.vc_custom_1514453516454{margin-bottom: 0px !important;}&#8220;]Der Begriff NSAR steht f\u00fcr nichtsteroidale Antirheumatika: Es handelt sich um eine Substanzgruppe mit entz\u00fcndungshemmenden (dank ihrer F\u00e4higkeit, die Synthese von Prostaglandinen zu blockieren, den Vermittlersubstanzen des Entz\u00fcndungsprozesses) schmerzlindernden und fiebersenkenden Eigenschaften.[\/vc_column_text][\/vc_accordion_tab][vc_accordion_tab title=&#8220;Ibuprofen-Arginat&#8220;][vc_column_text css=&#8220;.vc_custom_1514453536534{margin-bottom: 0px !important;}&#8220;]Es handelt sich um eine pharmakologische Form, bei der das Ibuprofenmolek\u00fcl eine chemische Salzverbindung mit Arginin eingeht. Dies verleiht Ibuprofen eine verbesserte L\u00f6slichkeit.[\/vc_column_text][\/vc_accordion_tab][vc_accordion_tab title=&#8220;Entz\u00fcndung&#8220;][vc_column_text css=&#8220;.vc_custom_1514453556734{margin-bottom: 0px !important;}&#8220;]Es handelt sich dabei um eine Reaktion des K\u00f6rpergewebes auf Einwirkungen chemischer, physikalischer oder biologischer Natur und sie weist eine Reihe von Erscheinungen auf, die durch Freigabe\/Erzeugung spezieller Substanzen bedingt sind. Diese f\u00fchren eine Erweiterung und erh\u00f6hte Durchl\u00e4ssigkeit der Gef\u00e4\u00dfe herbei, was den Austritt von Fl\u00fcssigkeit aus dem Gef\u00e4\u00dfinneren in das Gewebe verursacht (\u00d6dem). Eine Entz\u00fcndung weist typische Symptome auf: R\u00f6tung, erh\u00f6hte Temperatur, Schwellung und Schmerzen, die insgesamt mit einer Abnahme der Funktion der betroffenen K\u00f6rperteile einhergehen.[\/vc_column_text][\/vc_accordion_tab][\/vc_accordions][\/vc_column][\/vc_row][vc_row css=&#8220;.vc_custom_1513691470144{margin-top: 40px !important;}&#8220;][vc_column css=&#8220;.vc_custom_1513688629508{padding-bottom: 30px !important;background-color: #ffffff !important;}&#8220;][mk_fancy_title color=&#8220;#f58b26&#8243; size=&#8220;16&#8243; font_weight=&#8220;400&#8243; txt_transform=&#8220;uppercase&#8220; margin_top=&#8220;15&#8243; margin_bottom=&#8220;10&#8243; font_family=&#8220;none&#8220;]FAQ[\/mk_fancy_title][vc_accordions action_style=&#8220;toggle-action&#8220;][vc_accordion_tab title=&#8220;Bei welcher Art von Schmerzen kann DOLO-SPEDIFEN eingesetzt werden?&#8220;][vc_column_text css=&#8220;.vc_custom_1514453575701{margin-bottom: 0px !important;}&#8220;]DOLO-SPEDIFEN ist angezeigt bei akuten Schmerzen wie Kopfschmerzen, Zahnschmerzen, R\u00fcckenschmerzen, Menstruationsschmerzen, Schmerzen im Bereich von Gelenken und B\u00e4ndern und Schmerzen nach Verletzungen. Au\u00dferdem ist es zur Fiebersenkung bei grippalen Zust\u00e4nden angezeigt. DOLO-SPEDIFEN darf nicht l\u00e4nger als drei Tage hintereinander verwendet werden.[\/vc_column_text][\/vc_accordion_tab][vc_accordion_tab title=&#8220;Kann ich DOLO-SPEDIFEN w\u00e4hrend der Schwangerschaft und Stillzeit benutzen?&#8220;][vc_column_text css=&#8220;.vc_custom_1514453607254{margin-bottom: 0px !important;}&#8220;]Wenn Sie schwanger sind oder eine Schwangerschaft planen, sollten Sie Dolo-Spedifen 200 oder Dolo-Spedifen forte 400 nur nach R\u00fccksprache mit Ihrem Arzt einnehmen. W\u00e4hrend des dritten Quartals einer Schwangerschaft d\u00fcrfen Dolo-Spedifen 200 oder Dolo-Spedifen forte 400 nicht eingenommen werden.<br \/>\nStillzeit: Falls nicht ausdr\u00fccklich durch den Arzt genehmigt, d\u00fcrfen Dolo-Spedifen 200 oder Dolo-Spedifen forte 400 w\u00e4hrend der Stillzeit nicht eingenommen werden.[\/vc_column_text][\/vc_accordion_tab][vc_accordion_tab title=&#8220;Wirkt DOLO-SPEDIFEN sich auf die Verkehrst\u00fcchtigkeit und das Bedienen von Maschinen aus?&#8220;][vc_column_text css=&#8220;.vc_custom_1514453638565{margin-bottom: 0px !important;}&#8220;]Dolo-Spedifen 200 oder Dolo-Spedifen forte 400 k\u00f6nnen die Reaktionsf\u00e4higkeit, die Verkehrst\u00fcchtigkeit und das Bedienen von Ger\u00e4ten oder Maschinen beeintr\u00e4chtigen.[\/vc_column_text][\/vc_accordion_tab][\/vc_accordions][\/vc_column][\/vc_row]\n<\/div>","protected":false},"excerpt":{"rendered":"<p>[vc_row css=&#8220;.vc_custom_1513691470144{margin-top: 40px !important;}&#8220;][vc_column css=&#8220;.vc_custom_1513688629508{padding-bottom: 30px !important;background-color: #ffffff !important;}&#8220;][mk_fancy_title tag_name=&#8220;h1&#8243; color=&#8220;#f58b26&#8243; size=&#8220;34&#8243; font_weight=&#8220;400&#8243; margin_top=&#8220;15&#8243; margin_bottom=&#8220;10&#8243; font_family=&#8220;none&#8220;]Glossar und FAQ[\/mk_fancy_title][mk_fancy_title color=&#8220;#f58b26&#8243; size=&#8220;16&#8243; font_weight=&#8220;400&#8243; txt_transform=&#8220;uppercase&#8220; margin_top=&#8220;15&#8243; margin_bottom=&#8220;10&#8243; font_family=&#8220;none&#8220;]Glossar[\/mk_fancy_title][vc_accordions action_style=&#8220;toggle-action&#8220;][vc_accordion_tab title=&#8220;Arginin&#8220;][vc_column_text css=&#8220;.vc_custom_1514453393872{margin-bottom: 0px !important;}&#8220;]Es handelt sich um eine Aminos\u00e4ure, also einen Bestandteil der Proteine. Die chemische Salzbildung des Arginin mit Molek\u00fclen wie z.B. Ibuprofen verleiht diesem eine verbesserte L\u00f6slichkeit.[\/vc_column_text][\/vc_accordion_tab][vc_accordion_tab [&hellip;]<\/p>\n","protected":false},"author":2,"featured_media":0,"parent":0,"menu_order":0,"comment_status":"closed","ping_status":"closed","template":"","meta":{"_monsterinsights_skip_tracking":false,"_monsterinsights_sitenote_active":false,"_monsterinsights_sitenote_note":"","_monsterinsights_sitenote_category":0,"footnotes":""},"categories":[],"tags":[],"yst_prominent_words":[1105,1100,1096,1094,1102,1097,1093,228,1103,1099,1098,233,941,1089,1087,1104,1101,1095,1088,1090],"class_list":["post-2394","page","type-page","status-publish","hentry"],"_links":{"self":[{"href":"https:\/\/www.dolospedifen.ch\/de\/wp-json\/wp\/v2\/pages\/2394","targetHints":{"allow":["GET"]}}],"collection":[{"href":"https:\/\/www.dolospedifen.ch\/de\/wp-json\/wp\/v2\/pages"}],"about":[{"href":"https:\/\/www.dolospedifen.ch\/de\/wp-json\/wp\/v2\/types\/page"}],"author":[{"embeddable":true,"href":"https:\/\/www.dolospedifen.ch\/de\/wp-json\/wp\/v2\/users\/2"}],"replies":[{"embeddable":true,"href":"https:\/\/www.dolospedifen.ch\/de\/wp-json\/wp\/v2\/comments?post=2394"}],"version-history":[{"count":0,"href":"https:\/\/www.dolospedifen.ch\/de\/wp-json\/wp\/v2\/pages\/2394\/revisions"}],"wp:attachment":[{"href":"https:\/\/www.dolospedifen.ch\/de\/wp-json\/wp\/v2\/media?parent=2394"}],"wp:term":[{"taxonomy":"category","embeddable":true,"href":"https:\/\/www.dolospedifen.ch\/de\/wp-json\/wp\/v2\/categories?post=2394"},{"taxonomy":"post_tag","embeddable":true,"href":"https:\/\/www.dolospedifen.ch\/de\/wp-json\/wp\/v2\/tags?post=2394"},{"taxonomy":"yst_prominent_words","embeddable":true,"href":"https:\/\/www.dolospedifen.ch\/de\/wp-json\/wp\/v2\/yst_prominent_words?post=2394"}],"curies":[{"name":"wp","href":"https:\/\/api.w.org\/{rel}","templated":true}]}}