{"id":2368,"date":"2017-12-20T18:01:11","date_gmt":"2017-12-20T17:01:11","guid":{"rendered":"https:\/\/www.dolospedifen.ch\/?page_id=2368"},"modified":"2020-04-30T11:01:10","modified_gmt":"2020-04-30T09:01:10","slug":"rueckenschmerzen","status":"publish","type":"page","link":"https:\/\/www.dolospedifen.ch\/de\/was-ist-schmerz\/rueckenschmerzen\/","title":{"rendered":"R\u00fcckenschmerzen"},"content":{"rendered":"<div class=\"wpb-content-wrapper\">[vc_row css=&#8220;.vc_custom_1513691470144{margin-top: 40px !important;}&#8220;][vc_column css=&#8220;.vc_custom_1513688629508{padding-bottom: 30px !important;background-color: #ffffff !important;}&#8220;][mk_fancy_title tag_name=&#8220;h1&#8243; color=&#8220;#f58b26&#8243; size=&#8220;34&#8243; font_weight=&#8220;400&#8243; txt_transform=&#8220;uppercase&#8220; margin_top=&#8220;15&#8243; margin_bottom=&#8220;10&#8243; font_family=&#8220;none&#8220;]R\u00fcckenschmerzen[\/mk_fancy_title][mk_fancy_title color=&#8220;#f58b26&#8243; size=&#8220;16&#8243; font_weight=&#8220;400&#8243; txt_transform=&#8220;uppercase&#8220; margin_bottom=&#8220;10&#8243; font_family=&#8220;none&#8220;]Was versteht man darunter[\/mk_fancy_title][\/vc_column][\/vc_row][vc_row css=&#8220;.vc_custom_1513780995783{margin-top: 0px !important;background-color: #ffffff !important;}&#8220;][vc_column width=&#8220;3\/4&#8243; css=&#8220;.vc_custom_1513781003634{padding-bottom: 30px !important;}&#8220;][vc_column_text css=&#8220;.vc_custom_1514452483459{margin-bottom: 0px !important;}&#8220;]Der R\u00fcckenschmerz, auch Lumbalgie genannt, ist eine sehr weit verbreitete Schmerzform. In der Schweiz geh\u00f6rt er zu den f\u00fcnf h\u00e4ufigsten Gr\u00fcnden f\u00fcr einen Arztbesuch.<br \/>\nNach j\u00fcngsten Erkenntnissen wird gesch\u00e4tzt, dass 80 % der Schweizer Bev\u00f6lkerung zwischen einmal pro Jahr und mehrmals in der Woche unter R\u00fcckenschmerzen leiden. Frauen leiden h\u00e4ufiger als M\u00e4nner unter R\u00fcckenschmerzen und mit fortschreitendem Alter nimmt ebenfalls die H\u00e4ufigkeit des Auftretens von R\u00fcckenschmerzen zu.[\/vc_column_text][\/vc_column][vc_column width=&#8220;1\/4&#8243;][vc_single_image image=&#8220;2933&#8243; img_size=&#8220;full&#8220; alignment=&#8220;center&#8220;][\/vc_column][\/vc_row][vc_row css=&#8220;.vc_custom_1513780995783{margin-top: 0px !important;background-color: #ffffff !important;}&#8220;][vc_column css=&#8220;.vc_custom_1513781003634{padding-bottom: 30px !important;}&#8220;][mk_fancy_title color=&#8220;#f58b26&#8243; size=&#8220;16&#8243; font_weight=&#8220;400&#8243; txt_transform=&#8220;uppercase&#8220; margin_top=&#8220;15&#8243; margin_bottom=&#8220;0&#8243; font_family=&#8220;none&#8220;]Klassifizierung[\/mk_fancy_title][vc_column_text css=&#8220;.vc_custom_1514452515733{margin-bottom: 0px !important;}&#8220;]In 85 % aller F\u00e4lle k\u00f6nnen die R\u00fcckenschmerzen nicht auf eine bestimmte Ursache zur\u00fcckgef\u00fchrt werden und werden als \u201egutartig\u201c angesehen. Die \u00c4rzte stellen unspezifische Gr\u00fcnde in den Vordergrund, wie etwa Verspannungen der R\u00fcckenmuskulatur nach einer Anstrengung, fehlende k\u00f6rperliche Bet\u00e4tigung, eine schlechte K\u00f6rperhaltung und einen sitzenden Lebensstil. In der Tat verkrampfen sich die R\u00fcckenmuskeln bei \u00dcberbelastung oder wenn sie sehr schwach sind. Auch K\u00e4lte und Zugluft k\u00f6nnen zu solchen Muskelkontrakturen f\u00fchren.[\/vc_column_text][\/vc_column][\/vc_row][vc_row css=&#8220;.vc_custom_1513780995783{margin-top: 0px !important;background-color: #ffffff !important;}&#8220;][vc_column css=&#8220;.vc_custom_1513781003634{padding-bottom: 30px !important;}&#8220;][vc_column_text css=&#8220;.vc_custom_1514452522538{margin-bottom: 0px !important;}&#8220;]Die restlichen 15 % sind hingegen auf einen spezifischen Grund zur\u00fcckzuf\u00fchren. Diese Schmerzen werden durch strukturelle Ver\u00e4nderungen der Wirbels\u00e4ule oder eine Krankheit verursacht und h\u00e4ufig entstehen sie durch eine Entz\u00fcndung oder Sch\u00e4digung der Nerven die im R\u00fcckenmark ein- und austreten. Diese Nervenentz\u00fcndung kann ihrerseits durch einen Bandscheibenvorfall oder Krankheiten wie Arthrose verursacht worden sein. In diesen F\u00e4llen handelt es sich um chronische Schmerzen (sie k\u00f6nnen wochenlang anhalten) und daher wird empfohlen, einen Arzt aufzusuchen.[\/vc_column_text][\/vc_column][\/vc_row][vc_row css=&#8220;.vc_custom_1513780995783{margin-top: 0px !important;background-color: #ffffff !important;}&#8220;][vc_column css=&#8220;.vc_custom_1513781003634{padding-bottom: 30px !important;}&#8220;][mk_fancy_title color=&#8220;#f58b26&#8243; size=&#8220;16&#8243; font_weight=&#8220;400&#8243; txt_transform=&#8220;uppercase&#8220; margin_top=&#8220;15&#8243; margin_bottom=&#8220;0&#8243; font_family=&#8220;none&#8220;]Symptome[\/mk_fancy_title][vc_column_text css=&#8220;.vc_custom_1514452539939{margin-bottom: 0px !important;}&#8220;]Zu den Lumbalgien werden alle Schmerzarten gez\u00e4hlt, die im unteren R\u00fcckenbereich auftreten. Diese Schmerzen k\u00f6nnen in einigen F\u00e4llen in andere K\u00f6rperteile ausstrahlen, wie etwa in das Ges\u00e4\u00df oder die Beine und sie k\u00f6nnen mit oder ohne Einschr\u00e4nkungen der Beweglichkeit der Wirbels\u00e4ule auftreten.[\/vc_column_text][\/vc_column][\/vc_row][vc_row css=&#8220;.vc_custom_1513780995783{margin-top: 0px !important;background-color: #ffffff !important;}&#8220;][vc_column css=&#8220;.vc_custom_1513781003634{padding-bottom: 30px !important;}&#8220;][mk_fancy_title color=&#8220;#f58b26&#8243; size=&#8220;16&#8243; font_weight=&#8220;400&#8243; txt_transform=&#8220;uppercase&#8220; margin_top=&#8220;15&#8243; margin_bottom=&#8220;0&#8243; font_family=&#8220;none&#8220;]Empfehlungen[\/mk_fancy_title][vc_column_text css=&#8220;.vc_custom_1514452558201{margin-bottom: 0px !important;}&#8220;]Bei akuten R\u00fcckenschmerzen wird sehr zu k\u00f6rperlicher Bet\u00e4tigung geraten, um die Muskelkraft zu verbessern und ebenso zum Stretching, damit die Muskeln dehnbarer werden.<br \/>\nEin wichtiger Aspekt ist die F\u00f6rderung und Sensibilisierung ergonomischer Lebensweisen, damit falsche K\u00f6rperhaltungen und Bewegungen korrigiert werden, die R\u00fcckenschmerzen hervorrufen oder verschlimmern k\u00f6nnen.<br \/>\nAu\u00dferdem k\u00f6nnen Massagen, manuelle Therapien, Akupunktur oder auch warme und kalte Packungen sowie Thermalkuren hilfreich sein.<br \/>\nZur unterst\u00fctzenden medikament\u00f6sen Behandlung kommen nicht-steroidale Antirheumatika wie\u00a0<strong>Ibuprofen<\/strong>\u00a0in Frage, um zur Schmerzlinderung beizutragen[\/vc_column_text][\/vc_column][\/vc_row][vc_row css=&#8220;.vc_custom_1513784064536{margin-top: 0px !important;background-color: #ffffff !important;}&#8220;][vc_column width=&#8220;1\/12&#8243; css=&#8220;.vc_custom_1513784056783{padding-bottom: 30px !important;}&#8220;][\/vc_column][vc_column width=&#8220;10\/12&#8243;][vc_basic_grid post_type=&#8220;page&#8220; max_items=&#8220;-1&#8243; gap=&#8220;5&#8243; order=&#8220;ASC&#8220; item=&#8220;795&#8243; initial_loading_animation=&#8220;none&#8220; grid_id=&#8220;vc_gid:1588237130608-f3f9c056-59ac-1&#8243; taxonomies=&#8220;422&#8243;][\/vc_column][vc_column width=&#8220;1\/12&#8243;][\/vc_column][\/vc_row]\n<\/div>","protected":false},"excerpt":{"rendered":"<p>[vc_row css=&#8220;.vc_custom_1513691470144{margin-top: 40px !important;}&#8220;][vc_column css=&#8220;.vc_custom_1513688629508{padding-bottom: 30px !important;background-color: #ffffff !important;}&#8220;][mk_fancy_title tag_name=&#8220;h1&#8243; color=&#8220;#f58b26&#8243; size=&#8220;34&#8243; font_weight=&#8220;400&#8243; txt_transform=&#8220;uppercase&#8220; margin_top=&#8220;15&#8243; margin_bottom=&#8220;10&#8243; font_family=&#8220;none&#8220;]R\u00fcckenschmerzen[\/mk_fancy_title][mk_fancy_title color=&#8220;#f58b26&#8243; size=&#8220;16&#8243; font_weight=&#8220;400&#8243; txt_transform=&#8220;uppercase&#8220; margin_bottom=&#8220;10&#8243; font_family=&#8220;none&#8220;]Was versteht man darunter[\/mk_fancy_title][\/vc_column][\/vc_row][vc_row css=&#8220;.vc_custom_1513780995783{margin-top: 0px !important;background-color: #ffffff !important;}&#8220;][vc_column width=&#8220;3\/4&#8243; css=&#8220;.vc_custom_1513781003634{padding-bottom: 30px !important;}&#8220;][vc_column_text css=&#8220;.vc_custom_1514452483459{margin-bottom: 0px !important;}&#8220;]Der R\u00fcckenschmerz, auch Lumbalgie genannt, ist eine sehr weit verbreitete Schmerzform. In der Schweiz geh\u00f6rt er zu den [&hellip;]<\/p>\n","protected":false},"author":2,"featured_media":2921,"parent":2299,"menu_order":0,"comment_status":"closed","ping_status":"closed","template":"","meta":{"_monsterinsights_skip_tracking":false,"_monsterinsights_sitenote_active":false,"_monsterinsights_sitenote_note":"","_monsterinsights_sitenote_category":0,"footnotes":""},"categories":[892],"tags":[],"yst_prominent_words":[970,988,968,1060,1059,1063,1061,915,1056,967,202,1053,1519,109,1058,1052,973,120,1062,117],"class_list":["post-2368","page","type-page","status-publish","has-post-thumbnail","hentry","category-aree-del-dolore-de"],"_links":{"self":[{"href":"https:\/\/www.dolospedifen.ch\/de\/wp-json\/wp\/v2\/pages\/2368","targetHints":{"allow":["GET"]}}],"collection":[{"href":"https:\/\/www.dolospedifen.ch\/de\/wp-json\/wp\/v2\/pages"}],"about":[{"href":"https:\/\/www.dolospedifen.ch\/de\/wp-json\/wp\/v2\/types\/page"}],"author":[{"embeddable":true,"href":"https:\/\/www.dolospedifen.ch\/de\/wp-json\/wp\/v2\/users\/2"}],"replies":[{"embeddable":true,"href":"https:\/\/www.dolospedifen.ch\/de\/wp-json\/wp\/v2\/comments?post=2368"}],"version-history":[{"count":0,"href":"https:\/\/www.dolospedifen.ch\/de\/wp-json\/wp\/v2\/pages\/2368\/revisions"}],"up":[{"embeddable":true,"href":"https:\/\/www.dolospedifen.ch\/de\/wp-json\/wp\/v2\/pages\/2299"}],"wp:featuredmedia":[{"embeddable":true,"href":"https:\/\/www.dolospedifen.ch\/de\/wp-json\/wp\/v2\/media\/2921"}],"wp:attachment":[{"href":"https:\/\/www.dolospedifen.ch\/de\/wp-json\/wp\/v2\/media?parent=2368"}],"wp:term":[{"taxonomy":"category","embeddable":true,"href":"https:\/\/www.dolospedifen.ch\/de\/wp-json\/wp\/v2\/categories?post=2368"},{"taxonomy":"post_tag","embeddable":true,"href":"https:\/\/www.dolospedifen.ch\/de\/wp-json\/wp\/v2\/tags?post=2368"},{"taxonomy":"yst_prominent_words","embeddable":true,"href":"https:\/\/www.dolospedifen.ch\/de\/wp-json\/wp\/v2\/yst_prominent_words?post=2368"}],"curies":[{"name":"wp","href":"https:\/\/api.w.org\/{rel}","templated":true}]}}