{"id":2361,"date":"2017-12-20T17:53:01","date_gmt":"2017-12-20T16:53:01","guid":{"rendered":"https:\/\/www.dolospedifen.ch\/?page_id=2361"},"modified":"2020-04-30T10:59:17","modified_gmt":"2020-04-30T08:59:17","slug":"fieber-und-grippesymptome","status":"publish","type":"page","link":"https:\/\/www.dolospedifen.ch\/de\/was-ist-schmerz\/fieber-und-grippesymptome\/","title":{"rendered":"Fieber und Grippesymptome"},"content":{"rendered":"<div class=\"wpb-content-wrapper\">[vc_row css=&#8220;.vc_custom_1513691470144{margin-top: 40px !important;}&#8220;][vc_column css=&#8220;.vc_custom_1513688629508{padding-bottom: 30px !important;background-color: #ffffff !important;}&#8220;][mk_fancy_title tag_name=&#8220;h1&#8243; color=&#8220;#f58b26&#8243; size=&#8220;34&#8243; font_weight=&#8220;400&#8243; txt_transform=&#8220;uppercase&#8220; margin_top=&#8220;15&#8243; margin_bottom=&#8220;10&#8243; font_family=&#8220;none&#8220;]Fieber und Grippesymptome[\/mk_fancy_title][mk_fancy_title color=&#8220;#f58b26&#8243; size=&#8220;16&#8243; font_weight=&#8220;400&#8243; txt_transform=&#8220;uppercase&#8220; margin_bottom=&#8220;10&#8243; font_family=&#8220;none&#8220;]Worum handelt es sich dabei[\/mk_fancy_title][vc_column_text css=&#8220;.vc_custom_1514452305381{margin-bottom: 0px !important;}&#8220;]<strong>Fieber<\/strong>\u00a0ist im Verlauf vieler Erkrankungen eine h\u00e4ufige Erscheinung. Der Anstieg der K\u00f6rpertemperatur wird h\u00e4ufig durch eine Infektion verursacht, wenn es andere Ursachen haben kann. Zu den am weitesten verbreiteten Infektionen, die mit Fieber einhergehen, geh\u00f6ren die\u00a0<strong>Grippe<\/strong>\u00a0und die sogenannten\u00a0<strong>grippalen Krankheitsbilder<\/strong>, Virusinfektionen, die durch andere Personen an den Patienten weitergegeben werden, und zwar vorwiegend durch winzigste Speicheltropfen, die beim Niesen, Husten oder auch einfach beim Sprechen in die Luft entlassen werden. Die \u00dcbertragung kann auch \u00fcber den Kontakt mit Gegenst\u00e4nden oder Oberfl\u00e4chen stattfinden, auf denen sich der Virus befindet und die anschlie\u00dfend mit dem Mund oder der Nase in Ber\u00fchrung kommen.[\/vc_column_text][\/vc_column][\/vc_row][vc_row css=&#8220;.vc_custom_1513780995783{margin-top: 0px !important;background-color: #ffffff !important;}&#8220;][vc_column width=&#8220;3\/4&#8243; css=&#8220;.vc_custom_1513781003634{padding-bottom: 30px !important;}&#8220;][mk_fancy_title color=&#8220;#f58b26&#8243; size=&#8220;16&#8243; font_weight=&#8220;400&#8243; txt_transform=&#8220;uppercase&#8220; margin_top=&#8220;15&#8243; margin_bottom=&#8220;0&#8243; font_family=&#8220;none&#8220;]Klassifizierung[\/mk_fancy_title][vc_column_text css=&#8220;.vc_custom_1514452328222{margin-bottom: 0px !important;}&#8220;]Das Fieber ist ein k\u00f6rperlicher Zustand, bei dem die K\u00f6rpertemperatur aufgrund \u00e4u\u00dferer oder innerer Einfl\u00fcsse ansteigt. Fieber tr\u00e4gt zur Aktivierung der Immunantwort des K\u00f6rpers auf eine Infektion bei.<br \/>\nMan spricht von Fieber, wenn die K\u00f6rpertemperatur h\u00f6her als normal ist: h\u00f6her als<\/p>\n<ul>\n<li>37\u00b0C wenn unter der Achsel gemessen wird<\/li>\n<li>37.5\u00b0C wenn im Mund gemessen wird<\/li>\n<li>37.5\u00b0C wenn rektal gemessen wird<\/li>\n<li>38\u00b0C wenn in den Ohren gemessen wird<\/li>\n<\/ul>\n[\/vc_column_text][\/vc_column][vc_column width=&#8220;1\/4&#8243;][vc_single_image image=&#8220;2930&#8243; img_size=&#8220;full&#8220; alignment=&#8220;center&#8220;][\/vc_column][\/vc_row][vc_row css=&#8220;.vc_custom_1513780995783{margin-top: 0px !important;background-color: #ffffff !important;}&#8220;][vc_column css=&#8220;.vc_custom_1513781003634{padding-bottom: 30px !important;}&#8220;][mk_fancy_title color=&#8220;#f58b26&#8243; size=&#8220;16&#8243; font_weight=&#8220;400&#8243; txt_transform=&#8220;uppercase&#8220; margin_top=&#8220;15&#8243; margin_bottom=&#8220;0&#8243; font_family=&#8220;none&#8220;]Symptome[\/mk_fancy_title][vc_column_text css=&#8220;.vc_custom_1514452347460{margin-bottom: 0px !important;}&#8220;]Zu den Fiebersymptomen bei grippalen Erkrankungen geh\u00f6ren neben einer Erh\u00f6hung der K\u00f6rpertemperatur auch Erscheinungen wie Knochen- und Muskelschmerzen, Kopfschmerzen, Schwitzen und Sch\u00fcttelfrost.[\/vc_column_text][\/vc_column][\/vc_row][vc_row css=&#8220;.vc_custom_1513780995783{margin-top: 0px !important;background-color: #ffffff !important;}&#8220;][vc_column css=&#8220;.vc_custom_1513781003634{padding-bottom: 30px !important;}&#8220;][mk_fancy_title color=&#8220;#f58b26&#8243; size=&#8220;16&#8243; font_weight=&#8220;400&#8243; txt_transform=&#8220;uppercase&#8220; margin_top=&#8220;15&#8243; margin_bottom=&#8220;0&#8243; font_family=&#8220;none&#8220;]Empfehlungen[\/mk_fancy_title][vc_column_text css=&#8220;.vc_custom_1514452368260{margin-bottom: 0px !important;}&#8220;]Nach dem Auftreten der Symptome kann man in\u00a0<strong>Form einer Selbstbehandlung zu Medikamenten greifen, die eine Linderung herbeif\u00fchren<\/strong>, sie aber nicht vollst\u00e4ndig ausschalten k\u00f6nnen. Am weitesten verbreitet sind hier symptomatisch wirkende Medikamente zur Selbstmedikation, die eine Temperatursenkung und eine Besserung der Schmerzen bewirken, wie zum Beispiel\u00a0<strong>Ibuprofen<\/strong>. Die Anwendung solcher Medikamente wird nur f\u00fcr einen kurzen Zeitraum empfohlen (h\u00f6chstens 3 Tage). F\u00fcr l\u00e4nger dauernde Behandlungen muss unbedingt ein Arzt hinzu gezogen werden.<\/p>\n<p>Neben der Einnahme symptomatisch wirkender Medikamente sollten einige wichtige Verhaltensregeln beachtet werden:\u00a0<strong>Bettruhe, ausreichende Wasserzufuhr, Befeuchtung der Raumluft<\/strong>, Verzicht auf Nikotin und Alkohol sind gewiss angezeigt.[\/vc_column_text][\/vc_column][\/vc_row][vc_row css=&#8220;.vc_custom_1513784064536{margin-top: 0px !important;background-color: #ffffff !important;}&#8220;][vc_column width=&#8220;1\/12&#8243; css=&#8220;.vc_custom_1513784056783{padding-bottom: 30px !important;}&#8220;][\/vc_column][vc_column width=&#8220;10\/12&#8243;][vc_basic_grid post_type=&#8220;page&#8220; max_items=&#8220;-1&#8243; gap=&#8220;5&#8243; order=&#8220;ASC&#8220; item=&#8220;795&#8243; initial_loading_animation=&#8220;none&#8220; grid_id=&#8220;vc_gid:1588236714972-b7519eb0-b442-10&#8243; taxonomies=&#8220;422&#8243;][\/vc_column][vc_column width=&#8220;1\/12&#8243;][\/vc_column][\/vc_row]\n<\/div>","protected":false},"excerpt":{"rendered":"<p>[vc_row css=&#8220;.vc_custom_1513691470144{margin-top: 40px !important;}&#8220;][vc_column css=&#8220;.vc_custom_1513688629508{padding-bottom: 30px !important;background-color: #ffffff !important;}&#8220;][mk_fancy_title tag_name=&#8220;h1&#8243; color=&#8220;#f58b26&#8243; size=&#8220;34&#8243; font_weight=&#8220;400&#8243; txt_transform=&#8220;uppercase&#8220; margin_top=&#8220;15&#8243; margin_bottom=&#8220;10&#8243; font_family=&#8220;none&#8220;]Fieber und Grippesymptome[\/mk_fancy_title][mk_fancy_title color=&#8220;#f58b26&#8243; size=&#8220;16&#8243; font_weight=&#8220;400&#8243; txt_transform=&#8220;uppercase&#8220; margin_bottom=&#8220;10&#8243; font_family=&#8220;none&#8220;]Worum handelt es sich dabei[\/mk_fancy_title][vc_column_text css=&#8220;.vc_custom_1514452305381{margin-bottom: 0px !important;}&#8220;]Fieber\u00a0ist im Verlauf vieler Erkrankungen eine h\u00e4ufige Erscheinung. Der Anstieg der K\u00f6rpertemperatur wird h\u00e4ufig durch eine Infektion verursacht, wenn es andere Ursachen haben kann. [&hellip;]<\/p>\n","protected":false},"author":2,"featured_media":2926,"parent":2299,"menu_order":0,"comment_status":"closed","ping_status":"closed","template":"","meta":{"_monsterinsights_skip_tracking":false,"_monsterinsights_sitenote_active":false,"_monsterinsights_sitenote_note":"","_monsterinsights_sitenote_category":0,"footnotes":""},"categories":[892],"tags":[],"yst_prominent_words":[1041,1051,988,1049,1050,1043,915,1044,1038,1045,1047,1040,1042,1048,202,116,185,981,973,1046],"class_list":["post-2361","page","type-page","status-publish","has-post-thumbnail","hentry","category-aree-del-dolore-de"],"_links":{"self":[{"href":"https:\/\/www.dolospedifen.ch\/de\/wp-json\/wp\/v2\/pages\/2361","targetHints":{"allow":["GET"]}}],"collection":[{"href":"https:\/\/www.dolospedifen.ch\/de\/wp-json\/wp\/v2\/pages"}],"about":[{"href":"https:\/\/www.dolospedifen.ch\/de\/wp-json\/wp\/v2\/types\/page"}],"author":[{"embeddable":true,"href":"https:\/\/www.dolospedifen.ch\/de\/wp-json\/wp\/v2\/users\/2"}],"replies":[{"embeddable":true,"href":"https:\/\/www.dolospedifen.ch\/de\/wp-json\/wp\/v2\/comments?post=2361"}],"version-history":[{"count":0,"href":"https:\/\/www.dolospedifen.ch\/de\/wp-json\/wp\/v2\/pages\/2361\/revisions"}],"up":[{"embeddable":true,"href":"https:\/\/www.dolospedifen.ch\/de\/wp-json\/wp\/v2\/pages\/2299"}],"wp:featuredmedia":[{"embeddable":true,"href":"https:\/\/www.dolospedifen.ch\/de\/wp-json\/wp\/v2\/media\/2926"}],"wp:attachment":[{"href":"https:\/\/www.dolospedifen.ch\/de\/wp-json\/wp\/v2\/media?parent=2361"}],"wp:term":[{"taxonomy":"category","embeddable":true,"href":"https:\/\/www.dolospedifen.ch\/de\/wp-json\/wp\/v2\/categories?post=2361"},{"taxonomy":"post_tag","embeddable":true,"href":"https:\/\/www.dolospedifen.ch\/de\/wp-json\/wp\/v2\/tags?post=2361"},{"taxonomy":"yst_prominent_words","embeddable":true,"href":"https:\/\/www.dolospedifen.ch\/de\/wp-json\/wp\/v2\/yst_prominent_words?post=2361"}],"curies":[{"name":"wp","href":"https:\/\/api.w.org\/{rel}","templated":true}]}}