{"id":2354,"date":"2017-12-20T17:47:52","date_gmt":"2017-12-20T16:47:52","guid":{"rendered":"https:\/\/www.dolospedifen.ch\/?page_id=2354"},"modified":"2020-04-30T11:00:20","modified_gmt":"2020-04-30T09:00:20","slug":"zahnschmerzen","status":"publish","type":"page","link":"https:\/\/www.dolospedifen.ch\/de\/was-ist-schmerz\/zahnschmerzen\/","title":{"rendered":"Zahnschmerzen"},"content":{"rendered":"<div class=\"wpb-content-wrapper\">[vc_row css=&#8220;.vc_custom_1513691470144{margin-top: 40px !important;}&#8220;][vc_column css=&#8220;.vc_custom_1513688629508{padding-bottom: 30px !important;background-color: #ffffff !important;}&#8220;][mk_fancy_title tag_name=&#8220;h1&#8243; color=&#8220;#f58b26&#8243; size=&#8220;34&#8243; font_weight=&#8220;400&#8243; txt_transform=&#8220;uppercase&#8220; margin_top=&#8220;15&#8243; margin_bottom=&#8220;10&#8243; font_family=&#8220;none&#8220;]Zahnschmerzen[\/mk_fancy_title][mk_fancy_title color=&#8220;#f58b26&#8243; size=&#8220;16&#8243; font_weight=&#8220;400&#8243; txt_transform=&#8220;uppercase&#8220; margin_bottom=&#8220;10&#8243; font_family=&#8220;none&#8220;]Was versteht man darunter[\/mk_fancy_title][vc_column_text css=&#8220;.vc_custom_1514452081064{margin-bottom: 0px !important;}&#8220;]Zahnschmerzen sind ein weit verbreitetes Ph\u00e4nomen: der normalerweise im Zahn oder Kiefer lokalisierte Schmerz beginnt in der Regel pl\u00f6tzlich und reicht von einem unangenehmen Gef\u00fchl bis zu\u00a0<strong>sehr intensiven Schmerzen<\/strong>. In manchen F\u00e4llen wird er durch\u00a0<strong>Kontakt mit kalten, hei\u00dfen oder auch s\u00fc\u00dfen Speisen oder Getr\u00e4nken<\/strong>\u00a0oder auch durch den einfachen Kauvorgang hervorgerufen, er kann aber auch ohne solche Ausl\u00f6ser auftreten; manchmal dauert er nur wenige Augenblicke an, wenn die ausl\u00f6sende Ursache beseitigt wird, er kann aber auch dauerhaften Charakter haben.[\/vc_column_text][\/vc_column][\/vc_row][vc_row css=&#8220;.vc_custom_1513780995783{margin-top: 0px !important;background-color: #ffffff !important;}&#8220;][vc_column width=&#8220;3\/4&#8243; css=&#8220;.vc_custom_1513781003634{padding-bottom: 30px !important;}&#8220;][mk_fancy_title color=&#8220;#f58b26&#8243; size=&#8220;16&#8243; font_weight=&#8220;400&#8243; txt_transform=&#8220;uppercase&#8220; margin_top=&#8220;15&#8243; margin_bottom=&#8220;0&#8243; font_family=&#8220;none&#8220;]Formen\/Ursachen von Zahnschmerzen[\/mk_fancy_title][vc_column_text css=&#8220;.vc_custom_1514452104240{margin-bottom: 0px !important;}&#8220;]Viele der Ursachen von Zahnschmerzen k\u00f6nnen auf\u00a0<strong>ungen\u00fcgende Mundhygiene<\/strong>\u00a0zur\u00fcckgef\u00fchrt werden, ein wichtiger Faktor bei der Entstehung von\u00a0<strong>Karies<\/strong>. Zahnschmerzen k\u00f6nnen auch durch eine Entz\u00fcndung der Zahnpulpa (<strong>Pulpitis<\/strong>) oder einen\u00a0<strong>Abszess<\/strong>verursacht werden; auch der Durchbruch eines\u00a0<strong>Weisheitszahns<\/strong>\u00a0oder\u00a0<strong>Unfallfolgen<\/strong>\u00a0k\u00f6nnen Ursachen darstellen.[\/vc_column_text][\/vc_column][vc_column width=&#8220;1\/4&#8243;][vc_single_image image=&#8220;2929&#8243; img_size=&#8220;full&#8220; alignment=&#8220;center&#8220;][\/vc_column][\/vc_row][vc_row css=&#8220;.vc_custom_1513780995783{margin-top: 0px !important;background-color: #ffffff !important;}&#8220;][vc_column css=&#8220;.vc_custom_1513781003634{padding-bottom: 30px !important;}&#8220;][vc_column_text css=&#8220;.vc_custom_1514452117383{margin-bottom: 0px !important;}&#8220;]Wenn die durch Karies verursachte Abtragung den Zahnschmelz (die oberfl\u00e4chliche Schicht des Zahns) zerst\u00f6rt hat, wird das darunterliegende Dentin (das Material, aus dem die innere Struktur des Zahns besteht) freigelegt. Im Inneren des Dentins gibt es mikroskopisch kleine Hohlr\u00e4ume, die den Einfl\u00fcssen von au\u00dfen (W\u00e4rme, K\u00e4lte, S\u00fc\u00dfes) gestatten, die Zahnpulpa zu reizen, die auf diese Weise in einen Entz\u00fcndungsprozess ger\u00e4t. Aus diesem Grund beginnen Zahnschmerzen durch einen von Karies befallenen Zahn in der Regel aufgrund eines Reizes von au\u00dfen. Eine erh\u00f6hte Sensibilit\u00e4t der Z\u00e4hne gegen\u00fcber Temperaturschwankungen kann auch andere Gr\u00fcnde haben: insbesondere eine Fraktur des Zahns, eine blo\u00dfliegende Zahnwurzel oder eine Zahnfleischerkrankung. Wenn die Karies tiefer vorgedrungen und der Schaden am Zahn schwerwiegender ist, beginnt eine direkte Entz\u00fcndung der Pulpa, eine sogenannte\u00a0<strong>Pulpitis<\/strong>. Der Schmerz kann dann auch spontan auftreten und l\u00e4nger anhalten. Auch in diesem Fall kann allerdings der Schmerz durch Temperaturreize ausgel\u00f6st werden. Der Schaden an der Pulpa kann manchmal so schwer sein, dass er nicht mehr r\u00fcckg\u00e4ngig zu machen ist.<\/p>\n<p>Nicht angemessen behandelte Karies oder Pulpitis k\u00f6nnen zur Bildung eines\u00a0<strong>Abszesses<\/strong>\u00a0f\u00fchren, einer Infektion mit Eiterbildung im Innern. Der Verdacht auf einen Abszess besteht auch dann, wenn der Zahn empfindlich auf Druck oder Klopfreize reagiert. In diesen F\u00e4llen treten gleichzeitig mit den Zahnschmerzen h\u00e4ufig Schwellungen, Fieber und schlechter Geschmack im Mund auf.<br \/>\nGelegentlich kann ein Zahnschmerz auch den Durchbruch eines Zahns begleiten. Dies ist besonders bei den unteren Weisheitsz\u00e4hnen typisch. Hier ist der Schmerz auf eine Entz\u00fcndung des Zahnfleisches zur\u00fcckzuf\u00fchren, das den durchbrechenden Zahn umgibt. Dann handelt es sich um eine sogenannte\u00a0<strong>Perikoronitis<\/strong>, die manchmal mit eitrigen Absonderungen und Schmerzen verbunden sein kann, die sich beim Kauen verschlimmern.[\/vc_column_text][\/vc_column][\/vc_row][vc_row css=&#8220;.vc_custom_1513780995783{margin-top: 0px !important;background-color: #ffffff !important;}&#8220;][vc_column css=&#8220;.vc_custom_1513781003634{padding-bottom: 30px !important;}&#8220;][mk_fancy_title color=&#8220;#f58b26&#8243; size=&#8220;16&#8243; font_weight=&#8220;400&#8243; txt_transform=&#8220;uppercase&#8220; margin_top=&#8220;15&#8243; margin_bottom=&#8220;0&#8243; font_family=&#8220;none&#8220;]Symptome[\/mk_fancy_title][vc_column_text css=&#8220;.vc_custom_1514452140504{margin-bottom: 0px !important;}&#8220;]Die Merkmale, durch die der Schmerz sich auszeichnet, k\u00f6nnen h\u00e4ufig R\u00fcckschl\u00fcsse auf seine Ursache zulassen.<br \/>\nWenn der Schmerz aufgrund eines ausl\u00f6senden Reizes auftritt und wieder nachl\u00e4sst, nachdem dieser beseitigt wurde, kann man zun\u00e4chst an eine reversible Pulpitis denken, die sich meistens aufgrund einer nicht besonders tiefgehenden Karies entwickelt hat.<\/p>\n<p>Ein Schmerz, der hingegen nach seiner Ausl\u00f6sung oder spontanem Auftreten l\u00e4nger anh\u00e4lt, l\u00e4sst an einen schwereren Schaden mit irreversibler Entz\u00fcndung der Zahnpulpa denken. Gelegentlich l\u00e4sst der Schmerz auch nach l\u00e4ngerer Zeit spontan wieder nach. In diesem Fall ist es denkbar, dass die Pulpa nekrotisch geworden ist, in etwa als ob der Zahn spontan devitalisiert worden sei. Ein andauernder Schmerz, der beim Kauen oder Zubei\u00dfen schlimmer wird und der einem bestimmten Zahn genau zugeordnet werden kann, l\u00e4sst hingegen an das Vorhandensein eines Abszesses denken. Manchmal ist eine bewegliche Schwellung der Schleimhaut erkennbar und die Wange ist h\u00e4ufig geschwollen und schmerzend.[\/vc_column_text][\/vc_column][\/vc_row][vc_row css=&#8220;.vc_custom_1513780995783{margin-top: 0px !important;background-color: #ffffff !important;}&#8220;][vc_column css=&#8220;.vc_custom_1513781003634{padding-bottom: 30px !important;}&#8220;][mk_fancy_title color=&#8220;#f58b26&#8243; size=&#8220;16&#8243; font_weight=&#8220;400&#8243; txt_transform=&#8220;uppercase&#8220; margin_top=&#8220;15&#8243; margin_bottom=&#8220;0&#8243; font_family=&#8220;none&#8220;]Empfehlungen[\/mk_fancy_title][vc_column_text css=&#8220;.vc_custom_1514452172567{margin-bottom: 0px !important;}&#8220;]Wie bei vielen Erkrankungen gilt auch beim Zahnschmerz, dass die Vorbeugung sicher die wichtigste aller Ma\u00dfnahmen ist.<br \/>\n<strong>Grunds\u00e4tzlich zweimal t\u00e4glich die Z\u00e4hne putzen<\/strong>, sorgf\u00e4ltiges B\u00fcrsten auch von Zahnfleisch und Zunge mit Pflege der Zahnzwischenr\u00e4ume,\u00a0<strong>Einschr\u00e4nkung beim Konsum von S\u00fc\u00dfem, Verzicht auf Nikotin sowie regelm\u00e4\u00dfige Kontrolluntersuchungen bei Ihrem Zahnarzt<\/strong>: Diese einfachen Ma\u00dfnahmen tragen zweifellos zur Gesunderhaltung von Z\u00e4hnen und Zahnfleisch bei. Wenn sich trotz Vorsorge Zahnschmerzen einstellen sollten, muss man wissen, dass es in einigen F\u00e4llen notwendig ist, sich umgehend an einen Arzt oder Zahnarzt zu wenden.[\/vc_column_text][\/vc_column][\/vc_row][vc_row css=&#8220;.vc_custom_1513780995783{margin-top: 0px !important;background-color: #ffffff !important;}&#8220;][vc_column css=&#8220;.vc_custom_1513781003634{padding-bottom: 30px !important;}&#8220;][vc_column_text css=&#8220;.vc_custom_1514452186040{margin-bottom: 0px !important;}&#8220;]\n<div class=\"su-accordion\">\n<div class=\"su-spoiler su-spoiler-style-default su-spoiler-icon-plus\">\n<div class=\"su-spoiler-content su-clearfix\">\n<div class=\"su-accordion\">\n<div class=\"su-spoiler su-spoiler-style-default su-spoiler-icon-plus\">\n<div class=\"su-spoiler-content su-clearfix\">\n<div class=\"su-accordion\">\n<div class=\"su-spoiler su-spoiler-style-default su-spoiler-icon-plus\">\n<div class=\"su-spoiler-content su-clearfix\">\n<p>Dies gilt ganz besonders, wenn gleichzeitig mit den Zahnschmerzen auch Fieber besteht. Dieses kann auf eine sich ausbreitende Infektion hinweisen. Auch ein Ausbreiten des Schmerzes mit zus\u00e4tzlichen Kopfschmerzen, Schwellungen im Bereich des Mundbodens oder Sehst\u00f6rungen sind Warnsignale, die einen sofortigen Arztbesuch erforderlich machen.<br \/>\nEin Zahnarztbesuch ist dringend notwendig bei:<\/p>\n<ul>\n<li>Fieber;<\/li>\n<li>Kopfschmerzen;<\/li>\n<li>Schwellung am Mundboden;<\/li>\n<li>Sehst\u00f6rungen.<\/li>\n<\/ul>\n<\/div>\n<\/div>\n<\/div>\n<p>In der Zwischenzeit k\u00f6nnen folgende Ma\u00dfnahmen helfen, die Zahnschmerzen in Grenzen zu halten:<\/p>\n<ul>\n<li>Einnahme eines\u00a0<strong>Medikaments<\/strong>\u00a0zur Selbstbehandlung, das als Wirkstoff zum Beispiel\u00a0<strong>Ibuprofen<\/strong>\u00a0enth\u00e4lt;<\/li>\n<li>die Z\u00e4hne mit lauwarmem Wasser waschen;<\/li>\n<li>sorgf\u00e4ltige Reinigung der Zahnzwischenr\u00e4ume mit Zahnseide.<\/li>\n<\/ul>\n<\/div>\n<\/div>\n<\/div>\n<\/div>\n<\/div>\n<\/div>\n[\/vc_column_text][\/vc_column][\/vc_row][vc_row css=&#8220;.vc_custom_1513784064536{margin-top: 0px !important;background-color: #ffffff !important;}&#8220;][vc_column width=&#8220;1\/12&#8243; css=&#8220;.vc_custom_1513784056783{padding-bottom: 30px !important;}&#8220;][\/vc_column][vc_column width=&#8220;10\/12&#8243;][vc_basic_grid post_type=&#8220;page&#8220; max_items=&#8220;-1&#8243; gap=&#8220;5&#8243; order=&#8220;ASC&#8220; item=&#8220;795&#8243; initial_loading_animation=&#8220;none&#8220; grid_id=&#8220;vc_gid:1588236629963-95a0b004-194b-1&#8243; taxonomies=&#8220;422&#8243;][\/vc_column][vc_column width=&#8220;1\/12&#8243;][\/vc_column][\/vc_row]\n<\/div>","protected":false},"excerpt":{"rendered":"<p>[vc_row css=&#8220;.vc_custom_1513691470144{margin-top: 40px !important;}&#8220;][vc_column css=&#8220;.vc_custom_1513688629508{padding-bottom: 30px !important;background-color: #ffffff !important;}&#8220;][mk_fancy_title tag_name=&#8220;h1&#8243; color=&#8220;#f58b26&#8243; size=&#8220;34&#8243; font_weight=&#8220;400&#8243; txt_transform=&#8220;uppercase&#8220; margin_top=&#8220;15&#8243; margin_bottom=&#8220;10&#8243; font_family=&#8220;none&#8220;]Zahnschmerzen[\/mk_fancy_title][mk_fancy_title color=&#8220;#f58b26&#8243; size=&#8220;16&#8243; font_weight=&#8220;400&#8243; txt_transform=&#8220;uppercase&#8220; margin_bottom=&#8220;10&#8243; font_family=&#8220;none&#8220;]Was versteht man darunter[\/mk_fancy_title][vc_column_text css=&#8220;.vc_custom_1514452081064{margin-bottom: 0px !important;}&#8220;]Zahnschmerzen sind ein weit verbreitetes Ph\u00e4nomen: der normalerweise im Zahn oder Kiefer lokalisierte Schmerz beginnt in der Regel pl\u00f6tzlich und reicht von einem unangenehmen Gef\u00fchl bis zu\u00a0sehr [&hellip;]<\/p>\n","protected":false},"author":2,"featured_media":2924,"parent":2299,"menu_order":0,"comment_status":"closed","ping_status":"closed","template":"","meta":{"_monsterinsights_skip_tracking":false,"_monsterinsights_sitenote_active":false,"_monsterinsights_sitenote_note":"","_monsterinsights_sitenote_category":0,"footnotes":""},"categories":[892],"tags":[],"yst_prominent_words":[970,1013,1027,113,915,1031,1030,1020,1018,1037,1035,206,1032,1019,998,1036,202,972,116,969],"class_list":["post-2354","page","type-page","status-publish","has-post-thumbnail","hentry","category-aree-del-dolore-de"],"_links":{"self":[{"href":"https:\/\/www.dolospedifen.ch\/de\/wp-json\/wp\/v2\/pages\/2354","targetHints":{"allow":["GET"]}}],"collection":[{"href":"https:\/\/www.dolospedifen.ch\/de\/wp-json\/wp\/v2\/pages"}],"about":[{"href":"https:\/\/www.dolospedifen.ch\/de\/wp-json\/wp\/v2\/types\/page"}],"author":[{"embeddable":true,"href":"https:\/\/www.dolospedifen.ch\/de\/wp-json\/wp\/v2\/users\/2"}],"replies":[{"embeddable":true,"href":"https:\/\/www.dolospedifen.ch\/de\/wp-json\/wp\/v2\/comments?post=2354"}],"version-history":[{"count":0,"href":"https:\/\/www.dolospedifen.ch\/de\/wp-json\/wp\/v2\/pages\/2354\/revisions"}],"up":[{"embeddable":true,"href":"https:\/\/www.dolospedifen.ch\/de\/wp-json\/wp\/v2\/pages\/2299"}],"wp:featuredmedia":[{"embeddable":true,"href":"https:\/\/www.dolospedifen.ch\/de\/wp-json\/wp\/v2\/media\/2924"}],"wp:attachment":[{"href":"https:\/\/www.dolospedifen.ch\/de\/wp-json\/wp\/v2\/media?parent=2354"}],"wp:term":[{"taxonomy":"category","embeddable":true,"href":"https:\/\/www.dolospedifen.ch\/de\/wp-json\/wp\/v2\/categories?post=2354"},{"taxonomy":"post_tag","embeddable":true,"href":"https:\/\/www.dolospedifen.ch\/de\/wp-json\/wp\/v2\/tags?post=2354"},{"taxonomy":"yst_prominent_words","embeddable":true,"href":"https:\/\/www.dolospedifen.ch\/de\/wp-json\/wp\/v2\/yst_prominent_words?post=2354"}],"curies":[{"name":"wp","href":"https:\/\/api.w.org\/{rel}","templated":true}]}}