{"id":2343,"date":"2017-12-20T17:31:10","date_gmt":"2017-12-20T16:31:10","guid":{"rendered":"https:\/\/www.dolospedifen.ch\/?page_id=2343"},"modified":"2020-04-30T10:58:34","modified_gmt":"2020-04-30T08:58:34","slug":"menstruationsbeschwerden","status":"publish","type":"page","link":"https:\/\/www.dolospedifen.ch\/de\/was-ist-schmerz\/menstruationsbeschwerden\/","title":{"rendered":"Menstruationsbeschwerden"},"content":{"rendered":"<div class=\"wpb-content-wrapper\">[vc_row css=&#8220;.vc_custom_1513691470144{margin-top: 40px !important;}&#8220;][vc_column css=&#8220;.vc_custom_1513688629508{padding-bottom: 30px !important;background-color: #ffffff !important;}&#8220;][mk_fancy_title tag_name=&#8220;h1&#8243; color=&#8220;#f58b26&#8243; size=&#8220;34&#8243; font_weight=&#8220;400&#8243; txt_transform=&#8220;uppercase&#8220; margin_top=&#8220;15&#8243; margin_bottom=&#8220;10&#8243; font_family=&#8220;none&#8220;]Menstruationsbeschwerden[\/mk_fancy_title][mk_fancy_title color=&#8220;#f58b26&#8243; size=&#8220;16&#8243; font_weight=&#8220;400&#8243; txt_transform=&#8220;uppercase&#8220; margin_bottom=&#8220;10&#8243; font_family=&#8220;none&#8220;]Was versteht man darunter[\/mk_fancy_title][vc_column_text css=&#8220;.vc_custom_1514451816383{margin-bottom: 0px !important;}&#8220;]Die\u00a0<strong>Dysmenorrhoe (Menstruationsschmerzen)<\/strong>, an denen 50 % der jungen Frauen leiden, kann sich 1-3 Tage vor Beginn oder w\u00e4hrend des Regelzyklus mit Schmerzen im Unterbauch bemerkbar machen, die gelegentlich auch in Beine und R\u00fccken ausstrahlen; die Schmerzen sind normalerweise in den ersten 24 Stunden nach Menstruationsbeginn am st\u00e4rksten und verlieren dann an Intensit\u00e4t bis zu ihrem v\u00f6lligen Verschwinden nach 2 oder 3 Tagen. Gelegentlich k\u00f6nnen auch Kopfschmerzen, \u00dcbelkeit, Durchfall oder Verstopfung zu den Symptomen der Dysmenorrhoe geh\u00f6ren. In manchen F\u00e4llen k\u00f6nnen diese so schwer sein, dass die Lebensqualit\u00e4t ernsthaft beeintr\u00e4chtigt wird.[\/vc_column_text][\/vc_column][\/vc_row][vc_row css=&#8220;.vc_custom_1513780995783{margin-top: 0px !important;background-color: #ffffff !important;}&#8220;][vc_column width=&#8220;3\/4&#8243; css=&#8220;.vc_custom_1513781003634{padding-bottom: 30px !important;}&#8220;][mk_fancy_title color=&#8220;#f58b26&#8243; size=&#8220;16&#8243; font_weight=&#8220;400&#8243; txt_transform=&#8220;uppercase&#8220; margin_top=&#8220;15&#8243; margin_bottom=&#8220;0&#8243; font_family=&#8220;none&#8220;]Ursachen\/Klassifizierung[\/mk_fancy_title][vc_column_text css=&#8220;.vc_custom_1514451867067{margin-bottom: 0px !important;}&#8220;]Man unterscheidet die h\u00e4ufigere\u00a0<strong>prim\u00e4re Dysmenorrhoe\u00a0<\/strong>von der\u00a0<strong>sekund\u00e4ren Form<\/strong>, die auf Erkrankungen im Beckenbereich zur\u00fcckzuf\u00fchren ist. Bei der\u00a0<strong>prim\u00e4ren Dysmenorrhoe\u00a0<\/strong>werden die Schmerzen durch bestimmte Substanzen verursacht, die vom Endometrium, dem inneren Geb\u00e4rmuttergewebe, produziert werden. Diese Substanzen (Prostaglandine) haben die F\u00e4higkeit, Kontraktionen der Geb\u00e4rmuttermuskeln mit entsprechenden Kr\u00e4mpfen und Schmerzen zu verursachen. Gew\u00f6hnlich erscheint die prim\u00e4re Dysmenorrhoe im ersten Jahr nach der ersten Regelblutung (Menarche) und tritt fast immer w\u00e4hrend der Ovulationszyklen auf.[\/vc_column_text][\/vc_column][vc_column width=&#8220;1\/4&#8243;][vc_single_image image=&#8220;2932&#8243; img_size=&#8220;full&#8220; alignment=&#8220;center&#8220;][\/vc_column][\/vc_row][vc_row css=&#8220;.vc_custom_1513780995783{margin-top: 0px !important;background-color: #ffffff !important;}&#8220;][vc_column css=&#8220;.vc_custom_1513781003634{padding-bottom: 30px !important;}&#8220;][vc_column_text css=&#8220;.vc_custom_1514451854971{margin-bottom: 0px !important;}&#8220;]Die h\u00e4ufigsten Ursachen der\u00a0<strong>sekund\u00e4ren Dysmenorrhoe\u00a0<\/strong>sind die\u00a0<strong>Endometriose, Geb\u00e4rmuttermyome<\/strong>\u00a0und\u00a0<strong>Fibrome<\/strong>. Zu den weniger h\u00e4ufigen Ursachen geh\u00f6ren angeborene Fehlbildungen (Uterus bicornis),\u00a0<strong>Eierstockzysten<\/strong>, Entz\u00fcndungen im Beckenbereich, intrauterine Verwachsungen oder auch ein\u00a0<strong>Intrauterinpessar<\/strong>\u00a0(IUP).<br \/>\nGelegentlich treten die Beschwerden auch im Zusammenhang mit einem pr\u00e4menstruellen Syndrom auf. Mit Ausnahme der F\u00e4lle angeborener Fehlbildungen macht sich die sekund\u00e4re Dysmenorrhoe erst im Erwachsenenalter bemerkbar.<\/p>\n<p>Die Hauptursachen der sekund\u00e4ren Dysmenorrhoe:<\/p>\n<ul>\n<li>Endometriose;<\/li>\n<li>Fibrome;<\/li>\n<li>Intrauterinpessar;<\/li>\n<li>entz\u00fcndliche Erkrankungen im Beckenbereich;<\/li>\n<li>pr\u00e4menstruelles Syndrom;<\/li>\n<li>sexuell \u00fcbertragene Infektionen;<\/li>\n<li>Stress und Angst.<\/li>\n<\/ul>\n[\/vc_column_text][\/vc_column][\/vc_row][vc_row css=&#8220;.vc_custom_1513780995783{margin-top: 0px !important;background-color: #ffffff !important;}&#8220;][vc_column css=&#8220;.vc_custom_1513781003634{padding-bottom: 30px !important;}&#8220;][mk_fancy_title color=&#8220;#f58b26&#8243; size=&#8220;16&#8243; font_weight=&#8220;400&#8243; txt_transform=&#8220;uppercase&#8220; margin_top=&#8220;15&#8243; margin_bottom=&#8220;0&#8243; font_family=&#8220;none&#8220;]Symptome[\/mk_fancy_title][vc_column_text css=&#8220;.vc_custom_1514451902137{margin-bottom: 0px !important;}&#8220;]Hauptsymptom der Dysmenorrhoe ist der\u00a0<strong>Schmerz im Unterbauch<\/strong>\u00a0der krampf- oder kolik\u00e4hnlichen Charakter haben und in den R\u00fccken und die Beine ausstrahlen kann. Der Schmerz kann aber gelegentlich auch eher dumpf und andauernd sein und von \u00dcbelkeit, Schwindel, Darmbeschwerden und Kopfschmerzen begleitet werden.<\/p>\n<p>Einige Bedingungen, mit denen das Risiko zunimmt, unter Menstruationsschmerzen zu leiden:<\/p>\n<ul>\n<li>fr\u00fchzeitiger Einsatz der Pubert\u00e4t vor dem 11. Lebensjahr;<\/li>\n<li>reichlicher Blutfluss (Menorrhagie);<\/li>\n<li>unregelm\u00e4\u00dfige Blutungen;<\/li>\n<li>Dysmenorrhoe in der Familie;<\/li>\n<li>Rauchen.<\/li>\n<\/ul>\n[\/vc_column_text][\/vc_column][\/vc_row][vc_row css=&#8220;.vc_custom_1513780995783{margin-top: 0px !important;background-color: #ffffff !important;}&#8220;][vc_column css=&#8220;.vc_custom_1513781003634{padding-bottom: 30px !important;}&#8220;][mk_fancy_title color=&#8220;#f58b26&#8243; size=&#8220;16&#8243; font_weight=&#8220;400&#8243; txt_transform=&#8220;uppercase&#8220; margin_top=&#8220;15&#8243; margin_bottom=&#8220;0&#8243; font_family=&#8220;none&#8220;]Ratschl\u00e4ge[\/mk_fancy_title][vc_column_text css=&#8220;.vc_custom_1514451935073{margin-bottom: 0px !important;}&#8220;]Da es sich um den Frauen wohlbekannte Beschwerden handelt, sind sie in der Mehrzahl der F\u00e4lle nach Feststellung der Diagnose in der Lage, selbst\u00e4ndig damit umzugehen. Die Schmerzen k\u00f6nnen durch Einnahme von\u00a0<strong>Schmerzmitteln wie Ibuprofen<\/strong>\u00a0gelindert werden. Zus\u00e4tzlich gibt es einige Hilfsmittel, die erg\u00e4nzend zur Therapie eingesetzt werden k\u00f6nnen.[\/vc_column_text][\/vc_column][\/vc_row][vc_row css=&#8220;.vc_custom_1513780995783{margin-top: 0px !important;background-color: #ffffff !important;}&#8220;][vc_column css=&#8220;.vc_custom_1513781003634{padding-bottom: 30px !important;}&#8220;][vc_column_text css=&#8220;.vc_custom_1514451953009{margin-bottom: 0px !important;}&#8220;]\n<div class=\"su-accordion\">\n<div class=\"su-spoiler su-spoiler-style-default su-spoiler-icon-plus\">\n<div class=\"su-spoiler-content su-clearfix\">\n<div class=\"su-accordion\">\n<div class=\"su-spoiler su-spoiler-style-default su-spoiler-icon-plus\">\n<div class=\"su-spoiler-content su-clearfix\">\n<p>Und hier einige Ratschl\u00e4ge:<\/p>\n<ul>\n<li>zur Milderung der Kr\u00e4mpfe ein warmes Bad nehmen oder eine W\u00e4rmflasche auf den Bauch legen;<\/li>\n<li>leichte kreisf\u00f6rmige Massagebewegungen unterhalb des Bauchnabels;<\/li>\n<li>berwarme Getr\u00e4nke sowie leichte und h\u00e4ufige Mahlzeiten zu sich nehmen;<\/li>\n<li>sich mit erh\u00f6hten Beinen hinlegen;<\/li>\n<li>Entspannungstechniken ausf\u00fchren;<\/li>\n<li>es ist empfehlenswert, mit der Behandlung beim Auftreten der ersten Symptome zu beginnen;<\/li>\n<li>Einnahme zus\u00e4tzlicher N\u00e4hrstoffe: Substanzen wie Magnesium, Kalzium und Vitamin B6 k\u00f6nnen hilfreich sein, besonders wenn die Schmerzen Teil des pr\u00e4menstruellen Syndroms sind;<\/li>\n<li>Sportliche Bet\u00e4tigung: einige Forschungsergebnisse lassen vorteilhafte Einfl\u00fcsse von k\u00f6rperlicher Aktivit\u00e4t auf den Menstruationsschmerz vermuten.<\/li>\n<\/ul>\n<\/div>\n<\/div>\n<\/div>\n<p>Bei besonders starken, lang andauernden oder pl\u00f6tzlich auftretenden Beschwerden ist ein Arztbesuch ratsam.<\/p>\n<\/div>\n<\/div>\n<\/div>\n[\/vc_column_text][\/vc_column][\/vc_row][vc_row css=&#8220;.vc_custom_1513784064536{margin-top: 0px !important;background-color: #ffffff !important;}&#8220;][vc_column width=&#8220;1\/12&#8243; css=&#8220;.vc_custom_1513784056783{padding-bottom: 30px !important;}&#8220;][\/vc_column][vc_column width=&#8220;10\/12&#8243;][vc_basic_grid post_type=&#8220;page&#8220; max_items=&#8220;-1&#8243; gap=&#8220;5&#8243; order=&#8220;ASC&#8220; item=&#8220;795&#8243; initial_loading_animation=&#8220;none&#8220; grid_id=&#8220;vc_gid:1588237050442-f186ea7d-858c-9&#8243; taxonomies=&#8220;422&#8243;][\/vc_column][vc_column width=&#8220;1\/12&#8243;][\/vc_column][\/vc_row]\n<\/div>","protected":false},"excerpt":{"rendered":"<p>[vc_row css=&#8220;.vc_custom_1513691470144{margin-top: 40px !important;}&#8220;][vc_column css=&#8220;.vc_custom_1513688629508{padding-bottom: 30px !important;background-color: #ffffff !important;}&#8220;][mk_fancy_title tag_name=&#8220;h1&#8243; color=&#8220;#f58b26&#8243; size=&#8220;34&#8243; font_weight=&#8220;400&#8243; txt_transform=&#8220;uppercase&#8220; margin_top=&#8220;15&#8243; margin_bottom=&#8220;10&#8243; font_family=&#8220;none&#8220;]Menstruationsbeschwerden[\/mk_fancy_title][mk_fancy_title color=&#8220;#f58b26&#8243; size=&#8220;16&#8243; font_weight=&#8220;400&#8243; txt_transform=&#8220;uppercase&#8220; margin_bottom=&#8220;10&#8243; font_family=&#8220;none&#8220;]Was versteht man darunter[\/mk_fancy_title][vc_column_text css=&#8220;.vc_custom_1514451816383{margin-bottom: 0px !important;}&#8220;]Die\u00a0Dysmenorrhoe (Menstruationsschmerzen), an denen 50 % der jungen Frauen leiden, kann sich 1-3 Tage vor Beginn oder w\u00e4hrend des Regelzyklus mit Schmerzen im Unterbauch bemerkbar machen, die [&hellip;]<\/p>\n","protected":false},"author":2,"featured_media":2922,"parent":2299,"menu_order":0,"comment_status":"closed","ping_status":"closed","template":"","meta":{"_monsterinsights_skip_tracking":false,"_monsterinsights_sitenote_active":false,"_monsterinsights_sitenote_note":"","_monsterinsights_sitenote_category":0,"footnotes":""},"categories":[892],"tags":[],"yst_prominent_words":[1016,1012,1017,1015,1013,1005,1002,896,1006,1009,1008,1014,1007,1003,1011,202,1010,1004,116,183],"class_list":["post-2343","page","type-page","status-publish","has-post-thumbnail","hentry","category-aree-del-dolore-de"],"_links":{"self":[{"href":"https:\/\/www.dolospedifen.ch\/de\/wp-json\/wp\/v2\/pages\/2343","targetHints":{"allow":["GET"]}}],"collection":[{"href":"https:\/\/www.dolospedifen.ch\/de\/wp-json\/wp\/v2\/pages"}],"about":[{"href":"https:\/\/www.dolospedifen.ch\/de\/wp-json\/wp\/v2\/types\/page"}],"author":[{"embeddable":true,"href":"https:\/\/www.dolospedifen.ch\/de\/wp-json\/wp\/v2\/users\/2"}],"replies":[{"embeddable":true,"href":"https:\/\/www.dolospedifen.ch\/de\/wp-json\/wp\/v2\/comments?post=2343"}],"version-history":[{"count":0,"href":"https:\/\/www.dolospedifen.ch\/de\/wp-json\/wp\/v2\/pages\/2343\/revisions"}],"up":[{"embeddable":true,"href":"https:\/\/www.dolospedifen.ch\/de\/wp-json\/wp\/v2\/pages\/2299"}],"wp:featuredmedia":[{"embeddable":true,"href":"https:\/\/www.dolospedifen.ch\/de\/wp-json\/wp\/v2\/media\/2922"}],"wp:attachment":[{"href":"https:\/\/www.dolospedifen.ch\/de\/wp-json\/wp\/v2\/media?parent=2343"}],"wp:term":[{"taxonomy":"category","embeddable":true,"href":"https:\/\/www.dolospedifen.ch\/de\/wp-json\/wp\/v2\/categories?post=2343"},{"taxonomy":"post_tag","embeddable":true,"href":"https:\/\/www.dolospedifen.ch\/de\/wp-json\/wp\/v2\/tags?post=2343"},{"taxonomy":"yst_prominent_words","embeddable":true,"href":"https:\/\/www.dolospedifen.ch\/de\/wp-json\/wp\/v2\/yst_prominent_words?post=2343"}],"curies":[{"name":"wp","href":"https:\/\/api.w.org\/{rel}","templated":true}]}}