{"id":2332,"date":"2017-12-20T16:46:15","date_gmt":"2017-12-20T15:46:15","guid":{"rendered":"https:\/\/www.dolospedifen.ch\/?page_id=2332"},"modified":"2020-04-30T11:02:00","modified_gmt":"2020-04-30T09:02:00","slug":"kopfschmerzen","status":"publish","type":"page","link":"https:\/\/www.dolospedifen.ch\/de\/was-ist-schmerz\/kopfschmerzen\/","title":{"rendered":"Kopfschmerzen"},"content":{"rendered":"<div class=\"wpb-content-wrapper\">[vc_row css=&#8220;.vc_custom_1513691470144{margin-top: 40px !important;}&#8220;][vc_column css=&#8220;.vc_custom_1513688629508{padding-bottom: 30px !important;background-color: #ffffff !important;}&#8220;][mk_fancy_title tag_name=&#8220;h1&#8243; color=&#8220;#f58b26&#8243; size=&#8220;34&#8243; font_weight=&#8220;400&#8243; txt_transform=&#8220;uppercase&#8220; margin_top=&#8220;15&#8243; margin_bottom=&#8220;10&#8243; font_family=&#8220;none&#8220;]Kopfschmerzen[\/mk_fancy_title][mk_fancy_title color=&#8220;#f58b26&#8243; size=&#8220;16&#8243; font_weight=&#8220;400&#8243; txt_transform=&#8220;uppercase&#8220; margin_bottom=&#8220;10&#8243; font_family=&#8220;none&#8220;]Was versteht man darunter[\/mk_fancy_title][vc_column_text css=&#8220;.vc_custom_1514369818273{margin-bottom: 0px !important;}&#8220;]<strong>Der Kopfschmerz ist einer der am h\u00e4ufigsten auftretenden Schmerzen<\/strong>. Knapp die H\u00e4lfte der Bev\u00f6lkerung berichtet, im vergangenen Jahr an Kopfschmerzen gelitten zu haben, w\u00e4hrend beinahe zwei Drittel im Laufe ihres Lebens Kopfschmerzen gehabt haben.[\/vc_column_text][\/vc_column][\/vc_row][vc_row css=&#8220;.vc_custom_1513780995783{margin-top: 0px !important;background-color: #ffffff !important;}&#8220;][vc_column width=&#8220;3\/4&#8243; css=&#8220;.vc_custom_1513781003634{padding-bottom: 30px !important;}&#8220;][mk_fancy_title color=&#8220;#f58b26&#8243; size=&#8220;16&#8243; font_weight=&#8220;400&#8243; txt_transform=&#8220;uppercase&#8220; margin_top=&#8220;15&#8243; margin_bottom=&#8220;0&#8243; font_family=&#8220;none&#8220;]Formen von Kopfschmerzen[\/mk_fancy_title][vc_column_text css=&#8220;.vc_custom_1514369839673{margin-bottom: 0px !important;}&#8220;]Es gibt grunds\u00e4tzlich zwei Formen, den prim\u00e4ren und den sekund\u00e4ren Kopfschmerz. Die prim\u00e4re Form (gew\u00f6hnliche Kopfschmerzen oder auch Spannungskopfschmerz) ist sehr viel h\u00e4ufiger als die sekund\u00e4re Form. Der prim\u00e4re Kopfschmerz ist durch einen leichten bis m\u00e4\u00dfigen akuten Schmerz gekennzeichnet. Die Kopfschmerzen des sekund\u00e4ren Typs zeichnen sich durch pl\u00f6tzliches und unregelm\u00e4\u00dfiges Auftreten starker Schmerzen aus. In diesen F\u00e4llen ist ein Arztbesuch angezeigt.[\/vc_column_text][\/vc_column][vc_column width=&#8220;1\/4&#8243;][vc_single_image image=&#8220;2931&#8243; img_size=&#8220;full&#8220; alignment=&#8220;center&#8220;][\/vc_column][\/vc_row][vc_row css=&#8220;.vc_custom_1513780995783{margin-top: 0px !important;background-color: #ffffff !important;}&#8220;][vc_column css=&#8220;.vc_custom_1513781003634{padding-bottom: 30px !important;}&#8220;][mk_fancy_title color=&#8220;#f58b26&#8243; size=&#8220;16&#8243; font_weight=&#8220;400&#8243; txt_transform=&#8220;uppercase&#8220; margin_top=&#8220;15&#8243; margin_bottom=&#8220;0&#8243; font_family=&#8220;none&#8220;]Symptome[\/mk_fancy_title][vc_column_text css=&#8220;.vc_custom_1514369876032{margin-bottom: 0px !important;}&#8220;]Der Spannungskopfschmerz weist einige\u00a0<strong>typische Erscheinungsbilder<\/strong>\u00a0auf und Personen, die darunter leiden, k\u00f6nnten dank der Kenntnis dieser Symptome m\u00f6glicherweise Hilfe bei bestimmten Entscheidungen finden.<\/p>\n<p>Lesen Sie hier die Symptome des Spannungskopfschmerzes.[\/vc_column_text][mk_table]\n<table width=\"100%\">\n<thead>\n<tr>\n<th colspan=\"2\"><strong>Spannungskopfschmerz<\/strong><\/th>\n<\/tr>\n<\/thead>\n<tbody>\n<tr>\n<td>Dauer des Schmerzes<\/td>\n<td>zwischen 30 Minuten bis einigen Tagen<\/td>\n<\/tr>\n<tr>\n<td>Merkmale des Schmerzes<\/td>\n<td>dr\u00fcckender Ring um den Kopf<\/td>\n<\/tr>\n<tr>\n<td>Schmerzst\u00e4rke<\/td>\n<td>leicht oder moderat<\/td>\n<\/tr>\n<tr>\n<td>Schmerzlokalisierung<\/td>\n<td>beidseitig<\/td>\n<\/tr>\n<tr>\n<td>Zusammenhang mit k\u00f6rperlicher Aktivit\u00e4t<\/td>\n<td>keine Verschlimmerung durch k\u00f6rperliche Aktivit\u00e4t<\/td>\n<\/tr>\n<tr>\n<td>Assozierte Symptome<\/td>\n<td>\u00dcbelkeit und Erbrechen, gelegentlich Licht- oder Ger\u00e4uschempfindlichkeit<\/td>\n<\/tr>\n<\/tbody>\n<\/table>\n[\/mk_table][vc_column_text css=&#8220;.vc_custom_1514369984016{margin-bottom: 0px !important;}&#8220;]Da sich die verschiedenen Arten von Kopfschmerzen mit unterschiedlichen Merkmalen pr\u00e4sentieren, ist es wichtig, dass sie der Kopfschmerzpatient dem Arzt genau beschreiben kann. Aus diesem Grund ist es sinnvoll, ein \u201e<strong>Kopfschmerz-Tagebuch<\/strong>\u201c zu f\u00fchren, in dem H\u00e4ufigkeit und Charakteristiken der Episoden festgehalten werden. Dies kann den Weg zu einer Diagnose erheblich erleichtern; ebenso hilft es bei der Erkenntnis, ob eine Selbstbehandlung sinnvoll ist, oder ob die Begutachtung eines Arztes angezeigt ist.<\/p>\n<p>W\u00e4hrend ein gelegentlich auftretender Kopfschmerz ohne weiteres in Selbstmedikation eigenst\u00e4ndig behandelt werden kann, sollte ein Kopfschmerz, der sich mit einer gewissen Regelm\u00e4\u00dfigkeit wiederholt, den Besuch bei einem Arzt nahelegen. Ein Arztbesuch ist immer dann empfehlenswert, wenn die Schmerzen stark und lang anhaltend sind und wenn sie sich einschr\u00e4nkend auf die allgemeine Lebensqualit\u00e4t auswirken.<\/p>\n<p><strong>Umst\u00e4nde, unter denen ein Arztbesuch angezeigt ist<\/strong>\u00a0(eventuell auch mit Dringlichkeit):<\/p>\n<ul>\n<li>Migr\u00e4neartiger Kopfschmerz von starker Intensit\u00e4t;<\/li>\n<li>wenn die Lebensqualit\u00e4t durch den Kopfschmerz beeintr\u00e4chtigt wird;<\/li>\n<li>wenn die Kopfschmerzen \u00f6fter als zweimal w\u00f6chentlich auftreten;<\/li>\n<li>wenn der Schmerz von wechselndem Charakter ist;<\/li>\n<li>wenn der Kopfschmerz begleitet wird von hohem Fieber, Verwirrtheitszust\u00e4nden, Schw\u00e4che; im Anschluss an ein Sch\u00e4deltrauma, bei akutem \u2013 sehr starkem \u2013 pl\u00f6tzlichen Schmerz.<\/li>\n<\/ul>\n<p>Eine Regel bei der Behandlung von\u00a0<strong>Spannungskopfschmerzen<\/strong>\u00a0besagt,\u00a0<strong>bei den ersten Symptomen ein Schmerzmittel<\/strong>\u00a0mit seiner\u00a0<strong>niedrigsten Dosierung<\/strong>\u00a0einzunehmen, das eine schnellstm\u00f6gliche Beherrschung der Symptome gestattet.<br \/>\nIm Allgemeinen sind die\u00a0<strong>NSAR\u00a0<\/strong>(nicht-steroidale Antirheumatika)\u00a0<strong>wie Ibuprofen<\/strong>\u00a0bei Spannungskopfschmerz wirksam.[\/vc_column_text][\/vc_column][\/vc_row][vc_row css=&#8220;.vc_custom_1513784064536{margin-top: 0px !important;background-color: #ffffff !important;}&#8220;][vc_column width=&#8220;1\/12&#8243; css=&#8220;.vc_custom_1513784056783{padding-bottom: 30px !important;}&#8220;][\/vc_column][vc_column width=&#8220;10\/12&#8243;][vc_basic_grid post_type=&#8220;page&#8220; max_items=&#8220;-1&#8243; gap=&#8220;5&#8243; order=&#8220;ASC&#8220; item=&#8220;795&#8243; initial_loading_animation=&#8220;none&#8220; grid_id=&#8220;vc_gid:1588237228100-85408fef-8c30-7&#8243; taxonomies=&#8220;422&#8243;][\/vc_column][vc_column width=&#8220;1\/12&#8243;][\/vc_column][\/vc_row]\n<\/div>","protected":false},"excerpt":{"rendered":"<p>[vc_row css=&#8220;.vc_custom_1513691470144{margin-top: 40px !important;}&#8220;][vc_column css=&#8220;.vc_custom_1513688629508{padding-bottom: 30px !important;background-color: #ffffff !important;}&#8220;][mk_fancy_title tag_name=&#8220;h1&#8243; color=&#8220;#f58b26&#8243; size=&#8220;34&#8243; font_weight=&#8220;400&#8243; txt_transform=&#8220;uppercase&#8220; margin_top=&#8220;15&#8243; margin_bottom=&#8220;10&#8243; font_family=&#8220;none&#8220;]Kopfschmerzen[\/mk_fancy_title][mk_fancy_title color=&#8220;#f58b26&#8243; size=&#8220;16&#8243; font_weight=&#8220;400&#8243; txt_transform=&#8220;uppercase&#8220; margin_bottom=&#8220;10&#8243; font_family=&#8220;none&#8220;]Was versteht man darunter[\/mk_fancy_title][vc_column_text css=&#8220;.vc_custom_1514369818273{margin-bottom: 0px !important;}&#8220;]Der Kopfschmerz ist einer der am h\u00e4ufigsten auftretenden Schmerzen. Knapp die H\u00e4lfte der Bev\u00f6lkerung berichtet, im vergangenen Jahr an Kopfschmerzen gelitten zu haben, w\u00e4hrend beinahe zwei Drittel [&hellip;]<\/p>\n","protected":false},"author":2,"featured_media":2920,"parent":2299,"menu_order":0,"comment_status":"closed","ping_status":"closed","template":"","meta":{"_monsterinsights_skip_tracking":false,"_monsterinsights_sitenote_active":false,"_monsterinsights_sitenote_note":"","_monsterinsights_sitenote_category":0,"footnotes":""},"categories":[892],"tags":[],"yst_prominent_words":[996,976,991,988,995,986,994,997,990,206,992,985,983,984,998,116,969,981,993,989],"class_list":["post-2332","page","type-page","status-publish","has-post-thumbnail","hentry","category-aree-del-dolore-de"],"_links":{"self":[{"href":"https:\/\/www.dolospedifen.ch\/de\/wp-json\/wp\/v2\/pages\/2332","targetHints":{"allow":["GET"]}}],"collection":[{"href":"https:\/\/www.dolospedifen.ch\/de\/wp-json\/wp\/v2\/pages"}],"about":[{"href":"https:\/\/www.dolospedifen.ch\/de\/wp-json\/wp\/v2\/types\/page"}],"author":[{"embeddable":true,"href":"https:\/\/www.dolospedifen.ch\/de\/wp-json\/wp\/v2\/users\/2"}],"replies":[{"embeddable":true,"href":"https:\/\/www.dolospedifen.ch\/de\/wp-json\/wp\/v2\/comments?post=2332"}],"version-history":[{"count":0,"href":"https:\/\/www.dolospedifen.ch\/de\/wp-json\/wp\/v2\/pages\/2332\/revisions"}],"up":[{"embeddable":true,"href":"https:\/\/www.dolospedifen.ch\/de\/wp-json\/wp\/v2\/pages\/2299"}],"wp:featuredmedia":[{"embeddable":true,"href":"https:\/\/www.dolospedifen.ch\/de\/wp-json\/wp\/v2\/media\/2920"}],"wp:attachment":[{"href":"https:\/\/www.dolospedifen.ch\/de\/wp-json\/wp\/v2\/media?parent=2332"}],"wp:term":[{"taxonomy":"category","embeddable":true,"href":"https:\/\/www.dolospedifen.ch\/de\/wp-json\/wp\/v2\/categories?post=2332"},{"taxonomy":"post_tag","embeddable":true,"href":"https:\/\/www.dolospedifen.ch\/de\/wp-json\/wp\/v2\/tags?post=2332"},{"taxonomy":"yst_prominent_words","embeddable":true,"href":"https:\/\/www.dolospedifen.ch\/de\/wp-json\/wp\/v2\/yst_prominent_words?post=2332"}],"curies":[{"name":"wp","href":"https:\/\/api.w.org\/{rel}","templated":true}]}}