{"id":2299,"date":"2017-12-20T15:22:02","date_gmt":"2017-12-20T14:22:02","guid":{"rendered":"https:\/\/www.dolospedifen.ch\/?page_id=2299"},"modified":"2024-01-22T16:01:56","modified_gmt":"2024-01-22T15:01:56","slug":"was-ist-schmerz","status":"publish","type":"page","link":"https:\/\/www.dolospedifen.ch\/de\/was-ist-schmerz\/","title":{"rendered":"Was ist Schmerz"},"content":{"rendered":"<div class=\"wpb-content-wrapper\">[vc_row css=&#8220;.vc_custom_1513691470144{margin-top: 40px !important;}&#8220;][vc_column css=&#8220;.vc_custom_1513688629508{padding-bottom: 30px !important;background-color: #ffffff !important;}&#8220;][mk_fancy_title tag_name=&#8220;h1&#8243; color=&#8220;#f58b26&#8243; size=&#8220;34&#8243; font_weight=&#8220;400&#8243; margin_top=&#8220;15&#8243; margin_bottom=&#8220;10&#8243; font_family=&#8220;none&#8220;]Was ist Schmerz[\/mk_fancy_title][\/vc_column][\/vc_row][vc_row css=&#8220;.vc_custom_1518071938472{background-color: #ffffff !important;}&#8220;][vc_column width=&#8220;1\/12&#8243; css=&#8220;.vc_custom_1513782110725{padding-bottom: 30px !important;}&#8220;][\/vc_column][vc_column width=&#8220;10\/12&#8243;][vc_basic_grid post_type=&#8220;page&#8220; max_items=&#8220;-1&#8243; gap=&#8220;5&#8243; order=&#8220;ASC&#8220; item=&#8220;795&#8243; initial_loading_animation=&#8220;none&#8220; grid_id=&#8220;vc_gid:1705935470842-d5275272-09e5-1&#8243; taxonomies=&#8220;422&#8243;][\/vc_column][vc_column width=&#8220;1\/12&#8243;][\/vc_column][\/vc_row][vc_row css=&#8220;.vc_custom_1513779750538{margin-top: 0px !important;}&#8220;][vc_column css=&#8220;.vc_custom_1513688629508{padding-bottom: 30px !important;background-color: #ffffff !important;}&#8220;][vc_accordions action_style=&#8220;toggle-action&#8220;][vc_accordion_tab title=&#8220;Definition&#8220;][vc_column_text css=&#8220;.vc_custom_1514366874541{margin-bottom: 0px !important;}&#8220;]Jeder hat irgendwann im Leben einmal Schmerzen gehabt. Es handelt sich um eine Empfindung, die in gewissem Sinne sogar als n\u00fctzlich gelten kann: Was w\u00fcrde geschehen, wenn wir eine Hand auf eine hei\u00dfe Herdplatte legen k\u00f6nnten, ohne dabei Schmerzen zu versp\u00fcren? Der Schmerz ist daher ein Signal, das uns zu verstehen gibt, dass irgendetwas nicht stimmt, zum Beispiel k\u00f6nnte es sich um einen Schaden an einem Organ oder Gewebe handeln.<br \/>\nDieses Konzept wird in der wissenschaftlichen Definition von Schmerz ausgedr\u00fcckt: es handelt sich dabei um\u00a0<em>\u201cein unangenehmes Sinnes- und Gef\u00fchlserlebnis, das mit aktueller oder potenzieller Gewebesch\u00e4digung verkn\u00fcpft ist oder mit Begriffen einer solchen Sch\u00e4digung beschrieben wird\u201d<\/em>.[\/vc_column_text][\/vc_accordion_tab][vc_accordion_tab title=&#8220;Akute Schmerzen und chronische Schmerzen&#8220;][vc_column_text css=&#8220;.vc_custom_1514366895036{margin-bottom: 0px !important;}&#8220;]Der Schmerz selbst kann auch aufgrund seiner Dauer definiert werden. Man spricht von\u00a0<strong>akutem\u00a0<\/strong>und von\u00a0<strong>chronischem Schmerz<\/strong>, wobei ein Schmerz als chronisch gilt, wenn er \u00fcber einen Zeitraum von mehr als drei Monaten anh\u00e4lt. W\u00e4hrend der akute Schmerz in mancher Hinsicht als n\u00fctzliches Signal angesehen werden kann, da er uns darauf aufmerksam macht, dass irgendwo im K\u00f6rper etwas nicht stimmt, sind chronische Schmerzen h\u00e4ufig \u201esinnlos\u201c geworden, da sie uns nicht l\u00e4nger vor einem bestehenden Problem warnen. Im Falle von chronischen Schmerzen ist es notwendig, einen Arzt aufzusuchen.[\/vc_column_text][\/vc_accordion_tab][vc_accordion_tab title=&#8220;Skala zur Messung der Schmerzst\u00e4rke&#8220;][vc_column_text css=&#8220;.vc_custom_1514366928643{margin-bottom: 0px !important;}&#8220;]Schmerz ist an sich eine subjektive Erfahrung, wenn man aber f\u00fcr seine Beseitigung Hilfe sucht, sollte man ihn beschreiben k\u00f6nnen, angefangen bei der Intensit\u00e4t des Schmerzes. Aber wie kann man den Schmerz messen? Am einfachsten ist dies mithilfe einer Messskala. Die bekannteste ist die sogenannte \u201eVAS\u201c (Visuelle Analog-Skala f\u00fcr Schmerzen): Es handelt sich dabei um eine 10 cm lange Linie, die die Punkte \u201e0\u201c (keine Schmerzen) und \u201e10\u201c (st\u00e4rkste vorstellbare Schmerzen) miteinander verbindet.<\/p>\n<p>Wer die St\u00e4rke des versp\u00fcrten Schmerzes \u201emessen\u201c will, gibt auf dieser Linie einen Punkt an. Seine Entfernung von Null (gemessen in Millimetern) zeigt einen bestimmten Punkt an, der der empfundenen Schmerzst\u00e4rke entspricht. Schmerz ist an sich eine subjektive Erfahrung, wenn man aber f\u00fcr seine Beseitigung Hilfe sucht, sollte man ihn beschreiben k\u00f6nnen, angefangen bei der Intensit\u00e4t des Schmerzes.[\/vc_column_text][vc_single_image image=&#8220;2492&#8243; img_size=&#8220;full&#8220; alignment=&#8220;center&#8220;][vc_column_text css=&#8220;.vc_custom_1514366982083{margin-bottom: 0px !important;}&#8220;]Eine weitere einfache Messskala ist die verbale Skala VDS, bei welcher der empfundene Schmerz mithilfe einer vorgegebenen Definition (kein Schmerz, sehr gering, gering, mittel, stark, sehr stark) festgelegt wird.[\/vc_column_text][vc_single_image image=&#8220;2493&#8243; img_size=&#8220;full&#8220; alignment=&#8220;center&#8220;][vc_column_text css=&#8220;.vc_custom_1514367012299{margin-bottom: 0px !important;}&#8220;]Neben der Darstellung der Schmerzintensit\u00e4t ist es ebenfalls sinnvoll, die Art der Schmerzen beschreiben zu k\u00f6nnen, da dies dem Arzt bei der Bestimmung der Ursache Ihrer Schmerzen behilflich sein kann. Die Schmerzen k\u00f6nnen etwa als stechend oder dr\u00fcckend, als ziehend oder brennend bezeichnet werden, oder mit einem schweren Balken oder einem einschn\u00fcrenden Ring verglichen werden.[\/vc_column_text][\/vc_accordion_tab][vc_accordion_tab title=&#8220;Schmerzarten&#8220;][vc_column_text css=&#8220;.vc_custom_1514367175380{margin-bottom: 0px !important;}&#8220;]Es gibt die unterschiedlichsten Ursachen f\u00fcr das Auftreten von akuten Schmerzen, die in einem verantwortlichen Versuch der Selbstmedikation behandelt werden k\u00f6nnen. Zu den h\u00e4ufigsten geh\u00f6ren:\u00a0<a title=\"Kopfschmerzen\" href=\"\/de\/schmerzarten\/kopfschmerz\/\" rel=\"noopener\">Kopfschmerzen<\/a>,\u00a0<a title=\"Zahnschmerzen,\" href=\"\/de\/schmerzarten\/zahnschmerzen\/\" rel=\"noopener\">Zahnschmerzen,<\/a>,\u00a0<a title=\"R\u00fcckenschmerzen\" href=\"\/de\/schmerzarten\/rueckenschmerzen\/\" rel=\"noopener\">R\u00fcckenschmerzen<\/a>,\u00a0<a title=\"Menstruationsschmerzen\" href=\"\/de\/schmerzarten\/menstruationsbeschwerden\/\" rel=\"noopener\">Menstruationsschmerzen<\/a>,\u00a0<a title=\"Muskelschmerzen\" href=\"\/de\/schmerzarten\/gelenk-und-baenderschmerzen\/\" rel=\"noopener\">Muskelschmerzen und Gelenk- und B\u00e4nderschmerzen<\/a>. Au\u00dferdem k\u00f6nnen Schmerzen im Verlauf allgemeiner Erkrankungen wie etwa bei Grippe auftreten.[\/vc_column_text][\/vc_accordion_tab][\/vc_accordions][\/vc_column][\/vc_row]\n<\/div>","protected":false},"excerpt":{"rendered":"<p>[vc_row css=&#8220;.vc_custom_1513691470144{margin-top: 40px !important;}&#8220;][vc_column css=&#8220;.vc_custom_1513688629508{padding-bottom: 30px !important;background-color: #ffffff !important;}&#8220;][mk_fancy_title tag_name=&#8220;h1&#8243; color=&#8220;#f58b26&#8243; size=&#8220;34&#8243; font_weight=&#8220;400&#8243; margin_top=&#8220;15&#8243; margin_bottom=&#8220;10&#8243; font_family=&#8220;none&#8220;]Was ist Schmerz[\/mk_fancy_title][\/vc_column][\/vc_row][vc_row css=&#8220;.vc_custom_1518071938472{background-color: #ffffff !important;}&#8220;][vc_column width=&#8220;1\/12&#8243; css=&#8220;.vc_custom_1513782110725{padding-bottom: 30px !important;}&#8220;][\/vc_column][vc_column width=&#8220;10\/12&#8243;][vc_basic_grid post_type=&#8220;page&#8220; max_items=&#8220;-1&#8243; gap=&#8220;5&#8243; order=&#8220;ASC&#8220; item=&#8220;795&#8243; initial_loading_animation=&#8220;none&#8220; grid_id=&#8220;vc_gid:1705935470842-d5275272-09e5-1&#8243; taxonomies=&#8220;422&#8243;][\/vc_column][vc_column width=&#8220;1\/12&#8243;][\/vc_column][\/vc_row][vc_row css=&#8220;.vc_custom_1513779750538{margin-top: 0px !important;}&#8220;][vc_column css=&#8220;.vc_custom_1513688629508{padding-bottom: 30px !important;background-color: #ffffff !important;}&#8220;][vc_accordions action_style=&#8220;toggle-action&#8220;][vc_accordion_tab title=&#8220;Definition&#8220;][vc_column_text css=&#8220;.vc_custom_1514366874541{margin-bottom: 0px !important;}&#8220;]Jeder hat irgendwann im Leben einmal Schmerzen gehabt. [&hellip;]<\/p>\n","protected":false},"author":2,"featured_media":0,"parent":0,"menu_order":0,"comment_status":"closed","ping_status":"closed","template":"","meta":{"_monsterinsights_skip_tracking":false,"_monsterinsights_sitenote_active":false,"_monsterinsights_sitenote_note":"","_monsterinsights_sitenote_category":0,"footnotes":""},"categories":[],"tags":[],"yst_prominent_words":[943,960,953,950,958,956,962,952,949,945,961,954,946,951,959,947,957,948,955],"class_list":["post-2299","page","type-page","status-publish","hentry"],"_links":{"self":[{"href":"https:\/\/www.dolospedifen.ch\/de\/wp-json\/wp\/v2\/pages\/2299","targetHints":{"allow":["GET"]}}],"collection":[{"href":"https:\/\/www.dolospedifen.ch\/de\/wp-json\/wp\/v2\/pages"}],"about":[{"href":"https:\/\/www.dolospedifen.ch\/de\/wp-json\/wp\/v2\/types\/page"}],"author":[{"embeddable":true,"href":"https:\/\/www.dolospedifen.ch\/de\/wp-json\/wp\/v2\/users\/2"}],"replies":[{"embeddable":true,"href":"https:\/\/www.dolospedifen.ch\/de\/wp-json\/wp\/v2\/comments?post=2299"}],"version-history":[{"count":0,"href":"https:\/\/www.dolospedifen.ch\/de\/wp-json\/wp\/v2\/pages\/2299\/revisions"}],"wp:attachment":[{"href":"https:\/\/www.dolospedifen.ch\/de\/wp-json\/wp\/v2\/media?parent=2299"}],"wp:term":[{"taxonomy":"category","embeddable":true,"href":"https:\/\/www.dolospedifen.ch\/de\/wp-json\/wp\/v2\/categories?post=2299"},{"taxonomy":"post_tag","embeddable":true,"href":"https:\/\/www.dolospedifen.ch\/de\/wp-json\/wp\/v2\/tags?post=2299"},{"taxonomy":"yst_prominent_words","embeddable":true,"href":"https:\/\/www.dolospedifen.ch\/de\/wp-json\/wp\/v2\/yst_prominent_words?post=2299"}],"curies":[{"name":"wp","href":"https:\/\/api.w.org\/{rel}","templated":true}]}}